{"id":8755,"date":"2026-02-08T17:29:14","date_gmt":"2026-02-08T17:29:14","guid":{"rendered":"https:\/\/lerraclinic.com\/?page_id=8755"},"modified":"2026-04-02T17:09:25","modified_gmt":"2026-04-02T17:09:25","slug":"lerra-clinic-reviews","status":"publish","type":"page","link":"https:\/\/lerraclinic.com\/fr\/lerra-clinic-reviews\/","title":{"rendered":"Avis sur la clinique Lerra"},"content":{"rendered":"\n<p>Avis sur la clinique Lerra<\/p>\n\n\n\n<div class=\"wp-block-columns is-layout-flex wp-container-core-columns-is-layout-9d6595d7 wp-block-columns-is-layout-flex\">\n<div class=\"wp-block-column is-layout-flow wp-block-column-is-layout-flow\">\n<div class=\"wp-block-columns is-layout-flex wp-container-core-columns-is-layout-9d6595d7 wp-block-columns-is-layout-flex\">\n<div class=\"wp-block-column is-layout-flow wp-block-column-is-layout-flow\" style=\"flex-basis:33.33%\">\n<p class=\"has-medium-font-size\"><strong>Schmitz jean-luc<\/strong><\/p>\n\n\n\n<figure class=\"wp-block-image size-full\"><img loading=\"lazy\" decoding=\"async\" width=\"120\" height=\"30\" src=\"https:\/\/lerraclinic.com\/wp-content\/uploads\/2026\/03\/lerra-5-stars.png\" alt=\"Lerra Clinic Reviews\" class=\"wp-image-9064\"\/><\/figure>\n<\/div>\n\n\n\n<div class=\"wp-block-column is-layout-flow wp-block-column-is-layout-flow\" style=\"flex-basis:66.66%\">\n<p>Apr\u00e8s des mois d \u00e9change avec ma conseill\u00e8re Meriem, je rentre d Istanbul hier soir apr\u00e8s une greffe de cheveux. L\u00e0 r\u00e9ception a l a\u00e9roport puis le transfert priv\u00e9 en van de luxe, tout a \u00e9t\u00e9 facile. Le chauffeur \u00e9tait courtois et agr\u00e9able et a ma disposition pour tout les aller et retour entre la clinique et l h\u00f4tel. Lerra clinique est au millieu d une autre grosse clinique esth\u00e9tique appel\u00e9e bht clinic.<\/p>\n\n\n\n<p> J ai eu des <strong>traducteurs<\/strong> a ma disposition, l&rsquo;un parlait tr\u00e8s bien fran\u00e7ais et avec l&rsquo;autre c&rsquo;\u00e9tait en anglais. Donc assurez-vous bien si vous ne parlez pas, l&rsquo;anglais que vous ayez un bon <strong>traducteur<\/strong> en fran\u00e7ais. La consultation m\u00e9dicale s&rsquo;est bien pass\u00e9e avec une prise de sang au d\u00e9part et une \u00e9coute par les chirurgiens pour savoir ce que je souhaitais. En fonction \u00e9galement des possibilit\u00e9s qu offrait le nombre de greffons. <\/p>\n\n\n\n<p>En tout je suis rest\u00e9 7h \u00e0 la clinique avec une pause o\u00f9 l&rsquo;on m&rsquo;a offert un repas complet, puis le lendemain retour \u00e0 la clinique, toujours avec chauffeur pour les premiers shampoings et soins. <\/p>\n\n\n\n<p>Et le surlendemain le chauffeur est venu me chercher pour me ramener \u00e0 l&rsquo;a\u00e9roport. Je suis vraiment tr\u00e8s satisfait de mon op\u00e9ration avec Lerra clinic<\/p>\n<\/div>\n<\/div>\n<\/div>\n\n\n\n<div class=\"wp-block-column is-layout-flow wp-block-column-is-layout-flow\">\n<div class=\"wp-block-columns is-layout-flex wp-container-core-columns-is-layout-9d6595d7 wp-block-columns-is-layout-flex\">\n<div class=\"wp-block-column is-layout-flow wp-block-column-is-layout-flow\" style=\"flex-basis:33.33%\">\n<p class=\"has-medium-font-size\"><strong>cara Mickael<\/strong><\/p>\n\n\n\n<figure class=\"wp-block-image size-full\"><img loading=\"lazy\" decoding=\"async\" width=\"120\" height=\"30\" src=\"https:\/\/lerraclinic.com\/wp-content\/uploads\/2026\/03\/lerra-5-stars.png\" alt=\"Lerra Clinic Reviews\" class=\"wp-image-9064\"\/><\/figure>\n<\/div>\n\n\n\n<div class=\"wp-block-column is-layout-flow wp-block-column-is-layout-flow\" style=\"flex-basis:66.66%\">\n<p>Premier s\u00e9jour \u00e0 Istanbul chez LERRA CLINIC pour 10 implants dentaires S\u00e9jour tr\u00e8s bien encadr\u00e9 aussi bien \u00e0 l&rsquo;arriv\u00e9e qu&rsquo;au d\u00e9part J&rsquo;ai \u00e9t\u00e9 suivi par la consultante m\u00e9dicale LOUIZA au top joignable jour et nuit impliqu\u00e9e \u00e0 fond dans son boulot et a toujours \u00e9t\u00e9 l\u00e0 disponible pour m&rsquo;expliquer me conseiller me rassurer encore merci Louiza \ud83d\udc4d J&rsquo;avoue qu&rsquo;\u00e0 un moment j&rsquo;ai eu peur je r\u00e9fl\u00e9chis trop Louiza est venu me voir avec son responsable pour me rassurer j&rsquo;ai vraiment appr\u00e9ci\u00e9 Sans parler des t<strong>raducteurs <\/strong>qu&rsquo;il y a sur place Hiba et Mahamat tous les deux super sympa qui sont l\u00e0 au petit soin avec vous. C&rsquo;est le chirurgien-dentiste dr Youssef le beau gosse du service et sa jolie assistante qui s&rsquo;est occup\u00e9 de moi tr\u00e8s gentil et tr\u00e8s professionnel qui travaille avec du mat\u00e9riel de qualit\u00e9 \u00c7a fait 15 jours aujourd&rsquo;hui que je suis revenu d&rsquo;Istanbul malgr\u00e9 les extractions+greffe osseuse + la pose des implants je n&rsquo;ai eu aucune douleur (ce que j&rsquo;avais peur) vous pouvez y aller les yeux ferm\u00e9s en toute confiance Je suis ravi de cette premi\u00e8re exp\u00e9rience merci \u00e0 tous et \u00e0 dans 3 mois pour mettre mes jolies dents en zirconium Encore merci !!!!<\/p>\n<\/div>\n<\/div>\n<\/div>\n<\/div>\n\n\n\n<hr class=\"wp-block-separator has-alpha-channel-opacity\"\/>\n\n\n\n<div class=\"wp-block-columns is-layout-flex wp-container-core-columns-is-layout-9d6595d7 wp-block-columns-is-layout-flex\">\n<div class=\"wp-block-column is-layout-flow wp-block-column-is-layout-flow\">\n<div class=\"wp-block-columns is-layout-flex wp-container-core-columns-is-layout-9d6595d7 wp-block-columns-is-layout-flex\">\n<div class=\"wp-block-column has-medium-font-size is-layout-flow wp-block-column-is-layout-flow\" style=\"flex-basis:33.33%\">\n<p class=\"has-medium-font-size\"><strong>Lewis Hammach<\/strong><\/p>\n\n\n\n<figure class=\"wp-block-image size-full\"><img loading=\"lazy\" decoding=\"async\" width=\"120\" height=\"30\" src=\"https:\/\/lerraclinic.com\/wp-content\/uploads\/2026\/03\/lerra-5-stars.png\" alt=\"Lerra Clinic Reviews\" class=\"wp-image-9064\"\/><\/figure>\n<\/div>\n\n\n\n<div class=\"wp-block-column is-layout-flow wp-block-column-is-layout-flow\" style=\"flex-basis:66.66%\">\n<p>\u2026 parfait, \u00e9quipe tr\u00e8s professionnelle !! La traductrice Hiba \u00e9tait aux petits soins avec nous, Lina la coordinatrice est rest\u00e9 \u00e0 l\u2019\u00e9coute et la clinique tr\u00e8s propre.. franchement merci \u00e0 tout le monde pour ce magnifique nouveau <strong>sourire<\/strong>. \ud83d\ude01 \u2026<\/p>\n<\/div>\n<\/div>\n<\/div>\n\n\n\n<div class=\"wp-block-column is-layout-flow wp-block-column-is-layout-flow\">\n<div class=\"wp-block-columns is-layout-flex wp-container-core-columns-is-layout-9d6595d7 wp-block-columns-is-layout-flex\">\n<div class=\"wp-block-column is-layout-flow wp-block-column-is-layout-flow\" style=\"flex-basis:33.33%\">\n<p class=\"has-medium-font-size\"><strong>Lembo Calogero<\/strong><\/p>\n\n\n\n<figure class=\"wp-block-image size-full\"><img loading=\"lazy\" decoding=\"async\" width=\"120\" height=\"30\" src=\"https:\/\/lerraclinic.com\/wp-content\/uploads\/2026\/03\/lerra-5-stars.png\" alt=\"Lerra Clinic Reviews\" class=\"wp-image-9064\"\/><\/figure>\n<\/div>\n\n\n\n<div class=\"wp-block-column is-layout-flow wp-block-column-is-layout-flow\" style=\"flex-basis:66.66%\">\n<p>Du d\u00e9but j usqu \u00e0 la fin , j ai compris au premier contact avec louiza, que j allais aller \u00e0 cette clinique Lerra, j&rsquo;ai u un presentiment de s\u00e9rieux de chaleureux de professionalisme pour se que je voulais, e bien c est fait je suis tr\u00e8s satisfait ma femme et moi d avoir aujourd hui \u00e9t\u00e9 et avoir ressorti avec un plus beaux <strong>sourire<\/strong> pour le futur \ud83d\ude03 , je f\u00e9licite Louisa ,Rania et toutes l \u00e9quipe qui se sont bien occuper de nous avec classe et \u00e9l\u00e9gance, je recommande \u00e0 tous le monde , si vous voulez un bon s<strong>ourire,<\/strong> vous ressortirer contant de cher Lerra Clinic, garantit, et merci encore a Louisa et Rania \ud83d\ude09\ud83d\udc4d<\/p>\n<\/div>\n<\/div>\n<\/div>\n<\/div>\n\n\n\n<hr class=\"wp-block-separator has-alpha-channel-opacity\"\/>\n\n\n\n<div class=\"wp-block-columns is-layout-flex wp-container-core-columns-is-layout-9d6595d7 wp-block-columns-is-layout-flex\">\n<div class=\"wp-block-column is-layout-flow wp-block-column-is-layout-flow\">\n<div class=\"wp-block-columns is-layout-flex wp-container-core-columns-is-layout-9d6595d7 wp-block-columns-is-layout-flex\">\n<div class=\"wp-block-column is-layout-flow wp-block-column-is-layout-flow\" style=\"flex-basis:33.33%\">\n<p class=\"has-medium-font-size\"><strong>Fabrice Beckendorf<\/strong><\/p>\n\n\n\n<figure class=\"wp-block-image size-full\"><img loading=\"lazy\" decoding=\"async\" width=\"120\" height=\"30\" src=\"https:\/\/lerraclinic.com\/wp-content\/uploads\/2026\/03\/lerra-5-stars.png\" alt=\"Lerra Clinic Reviews\" class=\"wp-image-9064\"\/><\/figure>\n<\/div>\n\n\n\n<div class=\"wp-block-column is-layout-flow wp-block-column-is-layout-flow\" style=\"flex-basis:66.66%\">\n<p>Lerra clinic is top-notch, the whole team was attentive, I&rsquo;m delighted with my new smile<\/p>\n<\/div>\n<\/div>\n<\/div>\n\n\n\n<div class=\"wp-block-column is-layout-flow wp-block-column-is-layout-flow\">\n<div class=\"wp-block-columns is-layout-flex wp-container-core-columns-is-layout-9d6595d7 wp-block-columns-is-layout-flex\">\n<div class=\"wp-block-column is-layout-flow wp-block-column-is-layout-flow\" style=\"flex-basis:33.33%\">\n<p class=\"has-medium-font-size\"><strong>Sylvain Audet<\/strong><\/p>\n\n\n\n<figure class=\"wp-block-image size-full\"><img loading=\"lazy\" decoding=\"async\" width=\"120\" height=\"30\" src=\"https:\/\/lerraclinic.com\/wp-content\/uploads\/2026\/03\/lerra-5-stars.png\" alt=\"Lerra Clinic Reviews\" class=\"wp-image-9064\"\/><\/figure>\n<\/div>\n\n\n\n<div class=\"wp-block-column is-layout-flow wp-block-column-is-layout-flow\" style=\"flex-basis:66.66%\">\n<p>Merci \u00e0 lera clinique pour ce magnifique <strong>sourire<\/strong> des gens tr\u00e8s professionnel merci encore<\/p>\n<\/div>\n<\/div>\n<\/div>\n<\/div>\n\n\n\n<div class=\"wp-block-columns has-pw-main-background-color has-background is-layout-flex wp-container-core-columns-is-layout-9d6595d7 wp-block-columns-is-layout-flex\">\n<div class=\"wp-block-column is-layout-flow wp-block-column-is-layout-flow\">\n<p class=\"has-pw-white-color has-text-color has-link-color has-medium-font-size wp-elements-e21f7d9bbcff695092c9c53a5deb76c8\">contactez-nous aujourd&rsquo;hui et obtenez la meilleure offre!<\/p>\n<\/div>\n\n\n\n<div class=\"wp-block-column is-layout-flow wp-block-column-is-layout-flow\">\n<div class=\"wp-block-buttons is-layout-flex wp-block-buttons-is-layout-flex\">\n<div class=\"wp-block-button has-custom-width wp-block-button__width-100 is-style-fill\"><a class=\"wp-block-button__link has-pw-wts-background-color has-background wp-element-button\" href=\"https:\/\/wa.me\/905399268888\" style=\"border-radius:5px\" target=\"_blank\" rel=\"noopener\">WhatsApp direct<\/a><\/div>\n<\/div>\n<\/div>\n<\/div>\n\n\n\n<p>Lire aussi&nbsp;:<\/p>\n\n\n\n<p><a href=\"https:\/\/lerraclinic.com\/fr\/dental-treatment\/\">Traitement Dentaire <\/a><\/p>\n","protected":false},"excerpt":{"rendered":"<p>Avis sur la clinique Lerra Schmitz jean-luc Apr\u00e8s des mois d \u00e9change avec ma conseill\u00e8re Meriem, je rentre d Istanbul &#8230; <\/p>\n","protected":false},"author":2,"featured_media":4260,"parent":0,"menu_order":0,"comment_status":"closed","ping_status":"closed","template":"","meta":{"_acf_changed":false,"footnotes":""},"class_list":["post-8755","page","type-page","status-publish","has-post-thumbnail","hentry"],"acf":[],"_links":{"self":[{"href":"https:\/\/lerraclinic.com\/fr\/wp-json\/wp\/v2\/pages\/8755","targetHints":{"allow":["GET"]}}],"collection":[{"href":"https:\/\/lerraclinic.com\/fr\/wp-json\/wp\/v2\/pages"}],"about":[{"href":"https:\/\/lerraclinic.com\/fr\/wp-json\/wp\/v2\/types\/page"}],"author":[{"embeddable":true,"href":"https:\/\/lerraclinic.com\/fr\/wp-json\/wp\/v2\/users\/2"}],"replies":[{"embeddable":true,"href":"https:\/\/lerraclinic.com\/fr\/wp-json\/wp\/v2\/comments?post=8755"}],"version-history":[{"count":12,"href":"https:\/\/lerraclinic.com\/fr\/wp-json\/wp\/v2\/pages\/8755\/revisions"}],"predecessor-version":[{"id":9181,"href":"https:\/\/lerraclinic.com\/fr\/wp-json\/wp\/v2\/pages\/8755\/revisions\/9181"}],"wp:featuredmedia":[{"embeddable":true,"href":"https:\/\/lerraclinic.com\/fr\/wp-json\/wp\/v2\/media\/4260"}],"wp:attachment":[{"href":"https:\/\/lerraclinic.com\/fr\/wp-json\/wp\/v2\/media?parent=8755"}],"curies":[{"name":"wp","href":"https:\/\/api.w.org\/{rel}","templated":true}]}}