{"id":7594,"date":"2025-11-19T11:20:03","date_gmt":"2025-11-19T11:20:03","guid":{"rendered":"https:\/\/lerraclinic.com\/offres-et-forfaits-de-greffe-de-cheveux\/"},"modified":"2025-11-23T17:44:43","modified_gmt":"2025-11-23T17:44:43","slug":"offres-et-forfaits-de-greffe-de-cheveux","status":"publish","type":"page","link":"https:\/\/lerraclinic.com\/fr\/offres-et-forfaits-de-greffe-de-cheveux\/","title":{"rendered":"Offres et forfaits de greffe de cheveux"},"content":{"rendered":"\n<div class=\"wp-block-group p-3 rounded shadow-sm has-pw-gry-background-color has-background\"><div class=\"wp-block-group__inner-container is-layout-constrained wp-block-group-is-layout-constrained\">\n<h2 class=\"wp-block-heading has-pw-main-color has-text-color has-link-color wp-elements-bc1691bf8783bc4de248e57bc61ad3c3\">50\u00a0% DE R\u00c9DUCTION + BLANCHIMENT DES DENTS GRATUITES<\/h2>\n\n\n\n<p>\u00c0 <strong>la Lerra Clinic Istanbul<\/strong>, nous vous aidons \u00e0 retrouver confiance en vous et \u00e0 vous donner encore plus de raisons de sourire.<\/p>\n\n\n\n<p>Pour <strong>une dur\u00e9e limit\u00e9e<\/strong>, profitez de notre <strong>offre de greffe de cheveux :<\/strong><\/p>\n\n\n\n<ul class=\"wp-block-list\">\n<li><strong>50 % de r\u00e9duction<\/strong> sur votre forfait complet de greffe de cheveux<\/li>\n\n\n\n<li><strong>Blanchiment GRATUIT des dents<\/strong> (pour que votre sourire brille aussi \u00e9clatant que vos nouveaux cheveux !)<\/li>\n\n\n\n<li>Prise en charge\/d\u00e9pose VIP \u00e0 l\u2019a\u00e9roport<\/li>\n\n\n\n<li>H\u00e9bergement h\u00f4telier 5 \u00e9toiles<\/li>\n\n\n\n<li>Traducteur personnel<\/li>\n\n\n\n<li>Soutien complet apr\u00e8s soin<\/li>\n\n\n\n<li>Consultation gratuite en ligne ou en clinique<\/li>\n<\/ul>\n\n\n\n<p>Nos chirurgiens utilisent <strong>des techniques avanc\u00e9es<\/strong> pour obtenir des r\u00e9sultats naturels et denses.<br\/>Les places sont limit\u00e9es. Obtenez votre offre d\u00e8s aujourd\u2019hui et commencez votre transformation \u00e0 Istanbul.   <\/p>\n\n\n\n<div class=\"wp-block-buttons is-layout-flex wp-block-buttons-is-layout-flex\">\n<div class=\"wp-block-button heart-beat\"><a class=\"wp-block-button__link has-pw-wts-background-color has-background has-medium-font-size has-custom-font-size wp-element-button\" href=\"https:\/\/api.whatsapp.com\/send?phone=905399268888&amp;text=50%OFF+Hair+Transplant\" style=\"border-radius:10px\" target=\"_blank\" rel=\"noreferrer noopener\"><em>R\u00e9servez d\u00e8s maintenant pour r\u00e9clamer votre remise<\/em><\/a><\/div>\n<\/div>\n\n\n\n<p><\/p>\n<\/div><\/div>\n\n<div class=\"wp-block-group p-3 my-2 rounded shadow-sm has-background\" style=\"background-color:#cff0f8\"><div class=\"wp-block-group__inner-container is-layout-constrained wp-block-group-is-layout-constrained\">\n<h1 class=\"wp-block-heading has-pw-main-color has-text-color has-link-color wp-elements-eb64c8453e545917cb85842dc7d9fc8b\"><strong>25 % DE R\u00c9DUCTION + NETTOYAGE DES GENCIVES GRATUIT + TROUSSE DE TRAITEMENT GRATUITE<\/strong><\/h1>\n\n\n\n<p>Imaginez voler pour Istanbul, \u00eatre r\u00e9cup\u00e9r\u00e9 \u00e0 l\u2019a\u00e9roport par votre chauffeur personnel, se d\u00e9tendre \u00e0 l\u2019h\u00f4tel, et se r\u00e9veiller le lendemain pr\u00eat pour la transformation de vos cheveux&#8230;<\/p>\n\n\n\n<p>\u00c0 la clinique Lerra, ce n\u2019est pas de l\u2019imagination ; <strong>C\u2019est ta r\u00e9alit\u00e9<\/strong>.<\/p>\n\n\n\n<p> <strong>Offre sp\u00e9ciale d\u2019hiver :<br\/><\/strong> \u2714 <strong>25 % de r\u00e9duction<\/strong> sur la greffe de cheveux<br\/>\u2714 <strong>Nettoyage GRATUIT de gommes<\/strong> (sourire frais garanti)<br\/>\u2714 <strong>Sac de soins post-soins GRATUIT<br\/><\/strong> \u2714 Transferts a\u00e9roportuaires inclus<br\/>\u2714 S\u00e9jour \u00e0 l\u2019h\u00f4tel inclus<br\/>\u2714 Traducteur inclus<br\/>\u2714 Consultation m\u00e9dicale gratuite<\/p>\n\n\n\n<p>Retrouve tes cheveux. Rafra\u00eechis ton sourire. Profitez d\u2019Istanbul.<br\/>Pr\u00eat pour ton nouveau look ?  <\/p>\n\n\n\n<div class=\"wp-block-buttons is-layout-flex wp-block-buttons-is-layout-flex\">\n<div class=\"wp-block-button heart-beat\"><a class=\"wp-block-button__link has-pw-wts-background-color has-background has-medium-font-size has-custom-font-size wp-element-button\" href=\"https:\/\/api.whatsapp.com\/send?phone=905399268888&amp;text=25%OFF+Hair+Transplant\" style=\"border-radius:10px\" target=\"_blank\" rel=\"noreferrer noopener\"><em>R\u00e9servez d\u00e8s maintenant pour r\u00e9clamer votre remise<\/em><\/a><\/div>\n<\/div>\n\n\n\n<p><\/p>\n<\/div><\/div>\n","protected":false},"excerpt":{"rendered":"<p>50\u00a0% DE R\u00c9DUCTION + BLANCHIMENT DES DENTS GRATUITES \u00c0 la Lerra Clinic Istanbul, nous vous aidons \u00e0 retrouver confiance en &#8230; <\/p>\n","protected":false},"author":1,"featured_media":8106,"parent":0,"menu_order":0,"comment_status":"closed","ping_status":"closed","template":"","meta":{"_acf_changed":false,"footnotes":""},"class_list":["post-7594","page","type-page","status-publish","has-post-thumbnail","hentry"],"acf":[],"_links":{"self":[{"href":"https:\/\/lerraclinic.com\/fr\/wp-json\/wp\/v2\/pages\/7594","targetHints":{"allow":["GET"]}}],"collection":[{"href":"https:\/\/lerraclinic.com\/fr\/wp-json\/wp\/v2\/pages"}],"about":[{"href":"https:\/\/lerraclinic.com\/fr\/wp-json\/wp\/v2\/types\/page"}],"author":[{"embeddable":true,"href":"https:\/\/lerraclinic.com\/fr\/wp-json\/wp\/v2\/users\/1"}],"replies":[{"embeddable":true,"href":"https:\/\/lerraclinic.com\/fr\/wp-json\/wp\/v2\/comments?post=7594"}],"version-history":[{"count":2,"href":"https:\/\/lerraclinic.com\/fr\/wp-json\/wp\/v2\/pages\/7594\/revisions"}],"predecessor-version":[{"id":7604,"href":"https:\/\/lerraclinic.com\/fr\/wp-json\/wp\/v2\/pages\/7594\/revisions\/7604"}],"wp:featuredmedia":[{"embeddable":true,"href":"https:\/\/lerraclinic.com\/fr\/wp-json\/wp\/v2\/media\/8106"}],"wp:attachment":[{"href":"https:\/\/lerraclinic.com\/fr\/wp-json\/wp\/v2\/media?parent=7594"}],"curies":[{"name":"wp","href":"https:\/\/api.w.org\/{rel}","templated":true}]}}