{"id":5383,"date":"2024-07-17T10:36:28","date_gmt":"2024-07-17T10:36:28","guid":{"rendered":"https:\/\/lerraclinic.com\/?page_id=5383"},"modified":"2025-11-23T17:48:16","modified_gmt":"2025-11-23T17:48:16","slug":"privacy-policy","status":"publish","type":"page","link":"https:\/\/lerraclinic.com\/fr\/privacy-policy\/","title":{"rendered":"Politique de Confidentialit\u00e9"},"content":{"rendered":"\n<p>Politique de confidentialit\u00e9<\/p>\n\n\n\n<h2 class=\"wp-block-heading\" id=\"who-we-are\">Qui sommes-nous ?<\/h2>\n\n\n\n<p>L\u2019adresse de notre site Web est https:\/\/lerraclinic.com.<\/p>\n\n\n\n<h2 class=\"wp-block-heading\" id=\"comments\">Commentaires<\/h2>\n\n\n\n<p>Lorsque les visiteurs laissent des commentaires sur le site, nous recueillons les donn\u00e9es affich\u00e9es dans le formulaire de commentaires, ainsi que l\u2019adresse IP du visiteur et la cha\u00eene de l\u2019agent utilisateur du navigateur, pour aider \u00e0 d\u00e9tecter les spams.<\/p>\n\n\n\n<p>Une cha\u00eene anonyme cr\u00e9\u00e9e \u00e0 partir de votre adresse e-mail (\u00e9galement appel\u00e9e hachage) peut \u00eatre fournie au service Gravatar pour voir si vous l\u2019utilisez. La politique de confidentialit\u00e9 du service Gravatar est disponible ici : https:\/\/automattic.com\/privacy\/. Une fois votre commentaire approuv\u00e9, votre photo de profil est visible par le public dans le cadre de votre commentaire. <\/p>\n\n\n\n<h2 class=\"wp-block-heading\" id=\"media\">M\u00e9dia<\/h2>\n\n\n\n<p>Si vous t\u00e9l\u00e9chargez des images sur le site Web, vous devez \u00e9viter de t\u00e9l\u00e9charger des images avec des donn\u00e9es de localisation int\u00e9gr\u00e9es (EXIF GPS) incluses. Les visiteurs du site Web peuvent t\u00e9l\u00e9charger et extraire toutes les donn\u00e9es de localisation des images du site Web. <\/p>\n\n\n\n<h2 class=\"wp-block-heading\" id=\"cookies\">Cookies<\/h2>\n\n\n\n<p>Si vous laissez un commentaire sur notre site, vous pouvez choisir d\u2019enregistrer votre nom, votre adresse e-mail et votre site Web dans les cookies. Ceux-ci sont pour votre commodit\u00e9 afin que vous n\u2019ayez pas \u00e0 remplir \u00e0 nouveau vos coordonn\u00e9es lorsque vous laissez un autre commentaire. Ces cookies durent un an.  <\/p>\n\n\n\n<p>Si vous visitez notre page de connexion, nous d\u00e9finirons un cookie temporaire pour d\u00e9terminer si votre navigateur accepte les cookies. Ce cookie ne contient aucune donn\u00e9e personnelle et est supprim\u00e9 lorsque vous fermez votre navigateur. <\/p>\n\n\n\n<p>Lorsque vous vous connectez, nous mettrons \u00e9galement en place plusieurs cookies pour enregistrer vos informations de connexion et vos choix d\u2019affichage \u00e0 l\u2019\u00e9cran. Les cookies de connexion durent deux jours et les cookies d\u2019options d\u2019\u00e9cran durent un an. Si vous s\u00e9lectionnez \u00ab Se souvenir de moi \u00bb, votre connexion sera conserv\u00e9e pendant deux semaines. Si vous vous d\u00e9connectez de votre compte, les cookies de connexion seront supprim\u00e9s.   <\/p>\n\n\n\n<p>Si vous modifiez ou publiez un article, un cookie suppl\u00e9mentaire sera enregistr\u00e9 dans votre navigateur. Ce cookie ne contient aucune donn\u00e9e personnelle et indique simplement l\u2019ID de publication de l\u2019article que vous venez de modifier. Il expire au bout de 1 jour.  <\/p>\n\n\n\n<h2 class=\"wp-block-heading\" id=\"embedded-content-from-other-websites\">Contenu int\u00e9gr\u00e9 provenant d\u2019autres sites Web<\/h2>\n\n\n\n<p>Les articles de ce site peuvent inclure du contenu int\u00e9gr\u00e9 (par exemple, des vid\u00e9os, des images, des articles, etc.). Le contenu int\u00e9gr\u00e9 d\u2019autres sites Web se comporte exactement de la m\u00eame mani\u00e8re que si le visiteur avait visit\u00e9 l\u2019autre site Web. <\/p>\n\n\n\n<p>Ces sites Web peuvent collecter des donn\u00e9es vous concernant, utiliser des cookies, int\u00e9grer un suivi tiers suppl\u00e9mentaire et surveiller votre interaction avec ce contenu int\u00e9gr\u00e9, y compris le suivi de votre interaction avec le contenu int\u00e9gr\u00e9 si vous avez un compte et \u00eates connect\u00e9 \u00e0 ce site Web.<\/p>\n\n\n\n<h2 class=\"wp-block-heading\" id=\"who-we-share-your-data-with\">Avec qui partageons-nous vos donn\u00e9es ?<\/h2>\n\n\n\n<p>Si vous demandez une r\u00e9initialisation de mot de passe, votre adresse IP sera incluse dans l\u2019e-mail de r\u00e9initialisation.<\/p>\n\n\n\n<h2 class=\"wp-block-heading\" id=\"how-long-we-retain-your-data\">How long we retain your data<\/h2>\n\n\n\n<p>Si vous laissez un commentaire, le commentaire et ses m\u00e9tadonn\u00e9es sont conserv\u00e9s ind\u00e9finiment. Cela nous permet de reconna\u00eetre et d\u2019approuver automatiquement tous les commentaires de suivi au lieu de les conserver dans une file d\u2019attente de mod\u00e9ration. <\/p>\n\n\n\n<p>Pour les utilisateurs qui s\u2019inscrivent sur notre site Web (le cas \u00e9ch\u00e9ant), nous stockons \u00e9galement les informations personnelles qu\u2019ils fournissent dans leur profil d\u2019utilisateur. Tous les utilisateurs peuvent voir, modifier ou supprimer leurs informations personnelles \u00e0 tout moment (sauf qu\u2019ils ne peuvent pas changer leur nom d\u2019utilisateur). Les administrateurs de sites Web peuvent \u00e9galement voir et modifier ces informations.  <\/p>\n\n\n\n<h2 class=\"wp-block-heading\" id=\"what-rights-you-have-over-your-data\">Quels sont vos droits sur vos donn\u00e9es ?<\/h2>\n\n\n\n<p>Si vous avez un compte sur ce site ou si vous avez laiss\u00e9 des commentaires, vous pouvez demander \u00e0 recevoir un fichier export\u00e9 des donn\u00e9es personnelles que nous d\u00e9tenons \u00e0 votre sujet, y compris toutes les donn\u00e9es que vous nous avez fournies. Vous pouvez \u00e9galement nous demander d\u2019effacer toutes les donn\u00e9es personnelles que nous d\u00e9tenons \u00e0 votre sujet. Cela n\u2019inclut pas les donn\u00e9es que nous sommes oblig\u00e9s de conserver \u00e0 des fins administratives, juridiques ou de s\u00e9curit\u00e9.  <\/p>\n\n\n\n<h2 class=\"wp-block-heading\" id=\"where-your-data-is-sent\">O\u00f9 vos donn\u00e9es sont-elles envoy\u00e9es ?<\/h2>\n\n\n\n<p>An automated spam detection service may check visitors&rsquo; comments.<\/p>\n\n\n\n<p><a href=\"https:\/\/lerraclinic.com\/fr\/about-us\/\">\u00c0 propos &#8211; Lerra Clinic &#8211; The Love of Change<\/a><\/p>\n","protected":false},"excerpt":{"rendered":"<p>Politique de confidentialit\u00e9 Qui sommes-nous ? L\u2019adresse de notre site Web est https:\/\/lerraclinic.com. Commentaires Lorsque les visiteurs laissent des commentaires &#8230; <\/p>\n","protected":false},"author":1,"featured_media":4260,"parent":0,"menu_order":0,"comment_status":"closed","ping_status":"open","template":"","meta":{"_acf_changed":false,"footnotes":""},"class_list":["post-5383","page","type-page","status-publish","has-post-thumbnail","hentry"],"acf":[],"_links":{"self":[{"href":"https:\/\/lerraclinic.com\/fr\/wp-json\/wp\/v2\/pages\/5383","targetHints":{"allow":["GET"]}}],"collection":[{"href":"https:\/\/lerraclinic.com\/fr\/wp-json\/wp\/v2\/pages"}],"about":[{"href":"https:\/\/lerraclinic.com\/fr\/wp-json\/wp\/v2\/types\/page"}],"author":[{"embeddable":true,"href":"https:\/\/lerraclinic.com\/fr\/wp-json\/wp\/v2\/users\/1"}],"replies":[{"embeddable":true,"href":"https:\/\/lerraclinic.com\/fr\/wp-json\/wp\/v2\/comments?post=5383"}],"version-history":[{"count":6,"href":"https:\/\/lerraclinic.com\/fr\/wp-json\/wp\/v2\/pages\/5383\/revisions"}],"predecessor-version":[{"id":8085,"href":"https:\/\/lerraclinic.com\/fr\/wp-json\/wp\/v2\/pages\/5383\/revisions\/8085"}],"wp:featuredmedia":[{"embeddable":true,"href":"https:\/\/lerraclinic.com\/fr\/wp-json\/wp\/v2\/media\/4260"}],"wp:attachment":[{"href":"https:\/\/lerraclinic.com\/fr\/wp-json\/wp\/v2\/media?parent=5383"}],"curies":[{"name":"wp","href":"https:\/\/api.w.org\/{rel}","templated":true}]}}