{"id":5374,"date":"2024-05-12T18:58:24","date_gmt":"2024-05-12T18:58:24","guid":{"rendered":"https:\/\/lerraclinic.com\/?page_id=5374"},"modified":"2025-11-12T13:30:50","modified_gmt":"2025-11-12T13:30:50","slug":"post-procedure-care","status":"publish","type":"page","link":"https:\/\/lerraclinic.com\/fr\/patient-resources\/post-procedure-care\/","title":{"rendered":"Soins Post-Op\u00e9ratoires"},"content":{"rendered":"\n<p>Les soins post-op\u00e9ratoires apr\u00e8s une greffe de cheveux sont <strong>cruciaux<\/strong> pour garantir les <strong>meilleurs r\u00e9sultats possibles<\/strong> et pr\u00e9venir les <strong>complications<\/strong>.<\/p>\n\n\n\n<div class=\"wp-block-rank-math-toc-block\" id=\"rank-math-toc\"><h2>Table des mati\u00e8res<\/h2><nav><ul><li class=\"\"><a href=\"#soins-post-operatoires\">Soins Post-Op\u00e9ratoires<\/a><\/li><li class=\"\"><a href=\"#soins-immediats-apres-l-intervention\">Soins Imm\u00e9diats Apr\u00e8s l\u2019Intervention<\/a><\/li><li class=\"\"><a href=\"#soins-des-plaies-et-hygiene\">Soins des Plaies et Hygi\u00e8ne<\/a><\/li><li class=\"\"><a href=\"#restrictions-d-activite\">Restrictions d\u2019Activit\u00e9<\/a><\/li><li class=\"\"><a href=\"#protection-solaire\">Protection Solaire<\/a><\/li><li class=\"\"><a href=\"#suivi-post-operatoire\">Suivi Post-Op\u00e9ratoire<\/a><\/li><li class=\"\"><a href=\"#soins-a-long-terme\">Soins \u00e0 Long Terme<\/a><\/li><\/ul><\/nav><\/div>\n\n\n\n<h2 class=\"wp-block-heading\" id=\"soins-post-operatoires\">Soins Post-Op\u00e9ratoires<\/h2>\n\n\n\n<p>Voici quelques <strong>recommandations g\u00e9n\u00e9rales et conseils<\/strong> \u00e0 suivre apr\u00e8s une greffe de cheveux :<\/p>\n\n\n\n<h2 class=\"wp-block-heading\" id=\"soins-immediats-apres-l-intervention\">Soins Imm\u00e9diats Apr\u00e8s l\u2019Intervention<\/h2>\n\n\n\n<figure class=\"wp-block-image size-full is-resized\"><img loading=\"lazy\" decoding=\"async\" width=\"1000\" height=\"665\" src=\"https:\/\/lerraclinic.com\/wp-content\/uploads\/2025\/04\/post-procedure-care-1.webp\" alt=\"Soins Post-Op\u00e9ratoires\" class=\"wp-image-4693\" style=\"width:544px;height:auto\" srcset=\"https:\/\/lerraclinic.com\/wp-content\/uploads\/2025\/04\/post-procedure-care-1.webp 1000w, https:\/\/lerraclinic.com\/wp-content\/uploads\/2025\/04\/post-procedure-care-1-300x200.webp 300w, https:\/\/lerraclinic.com\/wp-content\/uploads\/2025\/04\/post-procedure-care-1-768x511.webp 768w\" sizes=\"auto, (max-width: 1000px) 100vw, 1000px\" \/><\/figure>\n\n\n\n<h3 class=\"wp-block-heading\">Repos et r\u00e9cup\u00e9ration :<\/h3>\n\n\n\n<p>Prenez du repos pendant les premiers jours.<br>\u00c9vitez les <strong>activit\u00e9s physiques intenses<\/strong> et les exercices qui pourraient augmenter le <strong>flux sanguin vers le cuir chevelu<\/strong>, ce qui pourrait provoquer des <strong>saignements ou des gonflements<\/strong>.<\/p>\n\n\n\n<h3 class=\"wp-block-heading\">Gestion de la douleur :<\/h3>\n\n\n\n<p>Prenez les <strong>m\u00e9dicaments antidouleur prescrits<\/strong> si n\u00e9cessaire.<br>Des analg\u00e9siques en vente libre, comme le <strong>parac\u00e9tamol<\/strong>, peuvent \u00e9galement \u00eatre utilis\u00e9s <strong>sur recommandation de votre m\u00e9decin<\/strong>.<\/p>\n\n\n\n<h3 class=\"wp-block-heading\">\u00c9l\u00e9vation de la t\u00eate :<\/h3>\n\n\n\n<p>Dormez avec la t\u00eate sur\u00e9lev\u00e9e pendant les <strong>premi\u00e8res nuits<\/strong> pour r\u00e9duire le gonflement.<br>Utilisez <strong>deux oreillers ou plus<\/strong>, ou dormez dans un <strong>fauteuil inclinable<\/strong> si possible.<\/p>\n\n\n\n<h3 class=\"wp-block-heading\">Compresses froides :<\/h3>\n\n\n\n<p>Appliquez d\u00e9licatement des <strong>compresses froides sur le front<\/strong> (et non sur la zone transplant\u00e9e) pour aider \u00e0 <strong>r\u00e9duire le gonflement<\/strong>.<\/p>\n\n\n\n<h2 class=\"wp-block-heading\" id=\"soins-des-plaies-et-hygiene\">Soins des Plaies et Hygi\u00e8ne<\/h2>\n\n\n\n<h3 class=\"wp-block-heading\">Nettoyage en douceur :<\/h3>\n\n\n\n<p>Suivez les <strong>instructions de votre chirurgien<\/strong> concernant le moment et la mani\u00e8re de laver vos cheveux.<br>En g\u00e9n\u00e9ral, un <strong>lavage doux avec un shampooing l\u00e9ger<\/strong> peut commencer <strong>quelques jours apr\u00e8s l\u2019intervention<\/strong>.<br>\u00c9vitez tout <strong>frottement vigoureux<\/strong> et la <strong>pression directe de l\u2019eau<\/strong> sur la zone transplant\u00e9e.<\/p>\n\n\n\n<h3 class=\"wp-block-heading\">\u00c9vitez de vous gratter :<\/h3>\n\n\n\n<p>Ne touchez pas, ne grattez pas et ne retirez pas les cro\u00fbtes des <strong>zones transplant\u00e9e et donneuse<\/strong> afin d\u2019<strong>\u00e9viter les infections<\/strong> et de ne pas <strong>d\u00e9loger les greffons<\/strong>.<\/p>\n\n\n\n<h3 class=\"wp-block-heading\">M\u00e9dicaments :<\/h3>\n\n\n\n<p>Prenez les <strong>antibiotiques et anti-inflammatoires prescrits<\/strong> pour <strong>pr\u00e9venir l\u2019infection<\/strong> et <strong>r\u00e9duire l\u2019inflammation<\/strong>.<\/p>\n\n\n\n<h2 class=\"wp-block-heading\" id=\"restrictions-d-activite\">Restrictions d\u2019Activit\u00e9<\/h2>\n\n\n\n<h3 class=\"wp-block-heading\">\u00c9vitez l\u2019activit\u00e9 physique :<\/h3>\n\n\n\n<p>\u00c9vitez les <strong>exercices intenses<\/strong>, le <strong>port de charges lourdes<\/strong> et les activit\u00e9s qui provoquent de la <strong>transpiration<\/strong> pendant <strong>au moins 10 \u00e0 14 jours<\/strong>.<\/p>\n\n\n\n<h3 class=\"wp-block-heading\">Pas de natation :<\/h3>\n\n\n\n<p>\u00c9vitez de nager dans les <strong>piscines<\/strong>, les <strong>jacuzzis<\/strong> et l\u2019<strong>oc\u00e9an<\/strong> pendant <strong>au moins un mois<\/strong>, car ces environnements peuvent contenir des <strong>bact\u00e9ries<\/strong> et augmenter le risque d\u2019<strong>infection<\/strong>.<\/p>\n\n\n\n<h2 class=\"wp-block-heading\" id=\"protection-solaire\">Protection Solaire<\/h2>\n\n\n\n<h3 class=\"wp-block-heading\">Prot\u00e9ger contre l\u2019exposition au soleil :<\/h3>\n\n\n\n<p>\u00c9vitez d\u2019exposer directement la <strong>zone transplant\u00e9e au soleil<\/strong> pendant <strong>au moins un mois<\/strong>.<br>Portez un <strong>chapeau ample<\/strong> ou appliquez un <strong>\u00e9cran solaire (SPF 30 ou plus)<\/strong> si vous devez sortir.<\/p>\n\n\n\n<h2 class=\"wp-block-heading\" id=\"suivi-post-operatoire\">Suivi Post-Op\u00e9ratoire<\/h2>\n\n\n\n<p><\/p>\n\n\n\n<figure class=\"wp-block-image size-full\"><img loading=\"lazy\" decoding=\"async\" width=\"800\" height=\"400\" src=\"https:\/\/lerraclinic.com\/wp-content\/uploads\/2025\/04\/post-procedure-care-3.png\" alt=\"Soins Post-Op\u00e9ratoires\" class=\"wp-image-4699\" srcset=\"https:\/\/lerraclinic.com\/wp-content\/uploads\/2025\/04\/post-procedure-care-3.png 800w, https:\/\/lerraclinic.com\/wp-content\/uploads\/2025\/04\/post-procedure-care-3-300x150.png 300w, https:\/\/lerraclinic.com\/wp-content\/uploads\/2025\/04\/post-procedure-care-3-768x384.png 768w\" sizes=\"auto, (max-width: 800px) 100vw, 800px\" \/><\/figure>\n\n\n\n<h3 class=\"wp-block-heading\" id=\"rendez-vous-de-suivi\">Rendez-vous de suivi :<\/h3>\n\n\n\n<p>Assistez \u00e0 <strong>tous les rendez-vous de suivi<\/strong> pr\u00e9vus avec votre chirurgien afin de <strong>surveiller votre progression<\/strong> et de discuter de toute <strong>pr\u00e9occupation \u00e9ventuelle<\/strong>.<\/p>\n\n\n\n<h3 class=\"wp-block-heading\">Surveillance de la cicatrisation :<\/h3>\n\n\n\n<p>Soyez attentif(ve) aux <strong>signes d\u2019infection<\/strong> tels qu\u2019une <strong>rougeur excessive<\/strong>, un <strong>gonflement important<\/strong>, une <strong>douleur persistante<\/strong> ou un <strong>\u00e9coulement anormal<\/strong>.<br><strong>Contactez imm\u00e9diatement votre m\u00e9decin<\/strong> si l\u2019un de ces sympt\u00f4mes appara\u00eet.<\/p>\n\n\n\n<h2 class=\"wp-block-heading\" id=\"soins-a-long-terme\">Soins \u00e0 Long Terme<\/h2>\n\n\n\n<h3 class=\"wp-block-heading\">Routine capillaire :<\/h3>\n\n\n\n<p>Reprenez progressivement votre <strong>routine capillaire habituelle<\/strong>, conform\u00e9ment aux <strong>recommandations de votre m\u00e9decin<\/strong>.<br>Soyez <strong>doux avec la zone transplant\u00e9e<\/strong> durant les premi\u00e8res semaines.<\/p>\n\n\n\n<h3 class=\"wp-block-heading\">\u00c9vitez les produits coiffants :<\/h3>\n\n\n\n<p>\u00c9vitez d\u2019utiliser des <strong>produits coiffants<\/strong> tels que les <strong>gels<\/strong>, <strong>laques<\/strong> ou <strong>colorations<\/strong> pendant les premi\u00e8res semaines, ou selon les indications de votre chirurgien.<\/p>\n\n\n\n<h3 class=\"wp-block-heading\">Mode de vie sain :<\/h3>\n\n\n\n<p>Adoptez une <strong>alimentation \u00e9quilibr\u00e9e<\/strong> et un <strong>mode de vie sain<\/strong> pour favoriser votre <strong>sant\u00e9 globale<\/strong> et stimuler la <strong>pousse des cheveux<\/strong>.<\/p>\n\n\n\n<p>En suivant ces recommandations ainsi que toutes <strong>instructions suppl\u00e9mentaires fournies par votre chirurgien<\/strong>, vous mettrez toutes les chances de votre c\u00f4t\u00e9 pour obtenir le <strong>meilleur r\u00e9sultat possible<\/strong> apr\u00e8s votre greffe capillaire.<br><strong>Consultez toujours votre m\u00e9decin<\/strong> en cas de doute ou de probl\u00e8me.<\/p>\n\n\n\n<div class=\"wp-block-columns has-pw-main-background-color has-background is-layout-flex wp-container-core-columns-is-layout-9d6595d7 wp-block-columns-is-layout-flex\">\n<div class=\"wp-block-column is-layout-flow wp-block-column-is-layout-flow\">\n<p class=\"has-pw-white-color has-text-color has-link-color has-medium-font-size wp-elements-c5a1edfb642fcc735fa2f87c61e767ba\">Contactez-nous d\u00e8s aujourd&rsquo;hui et profitez de la meilleure offre.<\/p>\n<\/div>\n\n\n\n<div class=\"wp-block-column is-layout-flow wp-block-column-is-layout-flow\" style=\"flex-basis:33.33%\">\n<div class=\"wp-block-buttons is-layout-flex wp-block-buttons-is-layout-flex\">\n<div class=\"wp-block-button has-custom-width wp-block-button__width-100 heart-beat\"><a class=\"wp-block-button__link has-pw-wts-background-color has-background wp-element-button\" href=\"https:\/\/wa.me\/905399268888\" target=\"_blank\" rel=\"noreferrer noopener\">WhatsApp<\/a><\/div>\n<\/div>\n<\/div>\n<\/div>\n\n\n\n<p><em>Lire aussi :<\/em><\/p>\n\n\n\n<p><a href=\"https:\/\/lerraclinic.com\/fr\/patient-resources\/faq\/\"><a href=\"https:\/\/lerraclinic.com\/fr\/patient-resources\/faq\/\">FAQ <\/a><\/a><\/p>\n","protected":false},"excerpt":{"rendered":"<p>Les soins post-op\u00e9ratoires apr\u00e8s une greffe de cheveux sont cruciaux pour garantir les meilleurs r\u00e9sultats possibles et pr\u00e9venir les complications. &#8230; <\/p>\n","protected":false},"author":2,"featured_media":4247,"parent":5336,"menu_order":0,"comment_status":"closed","ping_status":"closed","template":"","meta":{"_acf_changed":false,"footnotes":""},"class_list":["post-5374","page","type-page","status-publish","has-post-thumbnail","hentry"],"acf":[],"_links":{"self":[{"href":"https:\/\/lerraclinic.com\/fr\/wp-json\/wp\/v2\/pages\/5374","targetHints":{"allow":["GET"]}}],"collection":[{"href":"https:\/\/lerraclinic.com\/fr\/wp-json\/wp\/v2\/pages"}],"about":[{"href":"https:\/\/lerraclinic.com\/fr\/wp-json\/wp\/v2\/types\/page"}],"author":[{"embeddable":true,"href":"https:\/\/lerraclinic.com\/fr\/wp-json\/wp\/v2\/users\/2"}],"replies":[{"embeddable":true,"href":"https:\/\/lerraclinic.com\/fr\/wp-json\/wp\/v2\/comments?post=5374"}],"version-history":[{"count":4,"href":"https:\/\/lerraclinic.com\/fr\/wp-json\/wp\/v2\/pages\/5374\/revisions"}],"predecessor-version":[{"id":7184,"href":"https:\/\/lerraclinic.com\/fr\/wp-json\/wp\/v2\/pages\/5374\/revisions\/7184"}],"up":[{"embeddable":true,"href":"https:\/\/lerraclinic.com\/fr\/wp-json\/wp\/v2\/pages\/5336"}],"wp:featuredmedia":[{"embeddable":true,"href":"https:\/\/lerraclinic.com\/fr\/wp-json\/wp\/v2\/media\/4247"}],"wp:attachment":[{"href":"https:\/\/lerraclinic.com\/fr\/wp-json\/wp\/v2\/media?parent=5374"}],"curies":[{"name":"wp","href":"https:\/\/api.w.org\/{rel}","templated":true}]}}