{"id":5336,"date":"2024-05-12T18:56:06","date_gmt":"2024-05-12T18:56:06","guid":{"rendered":"https:\/\/lerraclinic.com\/?page_id=5336"},"modified":"2025-11-13T12:41:36","modified_gmt":"2025-11-13T12:41:36","slug":"patient-resources","status":"publish","type":"page","link":"https:\/\/lerraclinic.com\/fr\/patient-resources\/","title":{"rendered":"Ressources pour les patients"},"content":{"rendered":"\n<p>Ressources pour les patients<\/p>\n\n\n\n<div class=\"wp-block-columns is-layout-flex wp-container-core-columns-is-layout-9d6595d7 wp-block-columns-is-layout-flex\">\n<div class=\"wp-block-column is-layout-flow wp-block-column-is-layout-flow\">\n<h2 class=\"wp-block-heading\">FAQ<\/h2>\n\n\n\n<p>Bienvenue sur notre page de foire aux questions (FAQ) !<br>Vous trouverez ici les r\u00e9ponses aux questions les plus courantes concernant l&rsquo;implantation capillaire.<br>Cette section est con\u00e7ue pour vous fournir les informations dont vous avez besoin de mani\u00e8re rapide et efficace.<\/p>\n\n\n\n<p>Si vous ne trouvez pas ce que vous cherchez, n&rsquo;h\u00e9sitez pas \u00e0 contacter notre service client\u00e8le pour obtenir de l&rsquo;aide.<br>Nous sommes l\u00e0 pour vous accompagner !<\/p>\n\n\n\n<div class=\"wp-block-buttons has-pw-white-background-color has-background is-layout-flex wp-block-buttons-is-layout-flex\">\n<div class=\"wp-block-button\"><a class=\"wp-block-button__link has-pw-main-background-color has-background wp-element-button\" href=\"https:\/\/lerraclinic.com\/fr\/patient-resources\/faq\/\" target=\"_blank\" rel=\"noreferrer noopener\"><strong>En savoir plus<\/strong><\/a><\/div>\n<\/div>\n<\/div>\n\n\n\n<div class=\"wp-block-column is-layout-flow wp-block-column-is-layout-flow\">\n<figure class=\"wp-block-image size-full\"><img loading=\"lazy\" decoding=\"async\" width=\"600\" height=\"400\" src=\"https:\/\/mehdemohamad.com\/new-themes\/lerraclinic\/wp-content\/uploads\/2024\/05\/faqs.jpg\" alt=\"Ressources pour les patients\" class=\"wp-image-489\" srcset=\"https:\/\/lerraclinic.com\/wp-content\/uploads\/2024\/05\/faqs.jpg 600w, https:\/\/lerraclinic.com\/wp-content\/uploads\/2024\/05\/faqs-300x200.jpg 300w\" sizes=\"auto, (max-width: 600px) 100vw, 600px\" \/><\/figure>\n<\/div>\n<\/div>\n\n\n\n<div class=\"wp-block-columns is-layout-flex wp-container-core-columns-is-layout-9d6595d7 wp-block-columns-is-layout-flex\">\n<div class=\"wp-block-column is-layout-flow wp-block-column-is-layout-flow\">\n<figure class=\"wp-block-image size-full\"><img loading=\"lazy\" decoding=\"async\" width=\"600\" height=\"400\" src=\"https:\/\/mehdemohamad.com\/new-themes\/lerraclinic\/wp-content\/uploads\/2024\/05\/Post-Procedure-Care.jpg\" alt=\"Ressources pour les patients\" class=\"wp-image-491\" srcset=\"https:\/\/lerraclinic.com\/wp-content\/uploads\/2024\/05\/Post-Procedure-Care.jpg 600w, https:\/\/lerraclinic.com\/wp-content\/uploads\/2024\/05\/Post-Procedure-Care-300x200.jpg 300w\" sizes=\"auto, (max-width: 600px) 100vw, 600px\" \/><\/figure>\n<\/div>\n\n\n\n<div class=\"wp-block-column is-layout-flow wp-block-column-is-layout-flow\">\n<h2 class=\"wp-block-heading\">Soins post-op\u00e9ratoires<\/h2>\n\n\n\n<p>Des soins post-op\u00e9ratoires appropri\u00e9s sont essentiels pour garantir les meilleurs r\u00e9sultats et une r\u00e9cup\u00e9ration en douceur.<br>Cette page fournit des directives d\u00e9taill\u00e9es sur la mani\u00e8re de prendre soin de votre cuir chevelu et de vos follicules pileux nouvellement implant\u00e9s apr\u00e8s l\u2019intervention.<\/p>\n\n\n\n<div class=\"wp-block-buttons has-pw-white-background-color has-background is-layout-flex wp-block-buttons-is-layout-flex\">\n<div class=\"wp-block-button\"><a class=\"wp-block-button__link has-pw-main-background-color has-background wp-element-button\" href=\"https:\/\/lerraclinic.com\/fr\/patient-resources\/post-procedure-care\/\" target=\"_blank\" rel=\"noreferrer noopener\"><strong>En savoir plus<\/strong><\/a><\/div>\n<\/div>\n<\/div>\n<\/div>\n\n\n\n<div class=\"wp-block-columns is-layout-flex wp-container-core-columns-is-layout-9d6595d7 wp-block-columns-is-layout-flex\">\n<div class=\"wp-block-column is-layout-flow wp-block-column-is-layout-flow\">\n<h2 class=\"wp-block-heading\">Pr\u00e9paration \u00e0 une greffe de cheveux<\/h2>\n\n\n\n<p>Se pr\u00e9parer \u00e0 une greffe de cheveux est une \u00e9tape cruciale pour obtenir les meilleurs r\u00e9sultats possibles.<br>Nous proposons des conseils complets pour vous aider \u00e0 bien vous pr\u00e9parer \u00e0 votre intervention.<br>Une pr\u00e9paration ad\u00e9quate peut am\u00e9liorer le succ\u00e8s de la greffe capillaire et favoriser un processus de r\u00e9cup\u00e9ration plus fluide.<\/p>\n\n\n\n<div class=\"wp-block-buttons has-pw-white-background-color has-background is-layout-flex wp-block-buttons-is-layout-flex\">\n<div class=\"wp-block-button\"><a class=\"wp-block-button__link has-pw-main-background-color has-background wp-element-button\" href=\"https:\/\/lerraclinic.com\/fr\/patient-resources\/preparing-for-a-hair-transplant\/\" target=\"_blank\" rel=\"noreferrer noopener\"><strong>En savoir plus<\/strong><\/a><\/div>\n<\/div>\n<\/div>\n\n\n\n<div class=\"wp-block-column is-layout-flow wp-block-column-is-layout-flow\">\n<figure class=\"wp-block-image size-full is-resized\"><img loading=\"lazy\" decoding=\"async\" width=\"600\" height=\"400\" src=\"https:\/\/mehdemohamad.com\/new-themes\/lerraclinic\/wp-content\/uploads\/2024\/05\/preparing-for-a-hair-transplant.jpg\" alt=\"Ressources pour les patients\" class=\"wp-image-492\" style=\"width:417px;height:auto\" srcset=\"https:\/\/lerraclinic.com\/wp-content\/uploads\/2024\/05\/preparing-for-a-hair-transplant.jpg 600w, https:\/\/lerraclinic.com\/wp-content\/uploads\/2024\/05\/preparing-for-a-hair-transplant-300x200.jpg 300w\" sizes=\"auto, (max-width: 600px) 100vw, 600px\" \/><\/figure>\n<\/div>\n<\/div>\n\n\n\n<div class=\"wp-block-columns is-layout-flex wp-container-core-columns-is-layout-9d6595d7 wp-block-columns-is-layout-flex\">\n<div class=\"wp-block-column is-layout-flow wp-block-column-is-layout-flow\">\n<figure class=\"wp-block-image size-full\"><img decoding=\"async\" src=\"https:\/\/mehdemohamad.com\/new-themes\/lerraclinic\/wp-content\/uploads\/2024\/05\/the-hair-transplant-process.jpg\" alt=\"Ressources pour les patients\" class=\"wp-image-493\"\/><\/figure>\n<\/div>\n\n\n\n<div class=\"wp-block-column is-layout-flow wp-block-column-is-layout-flow\">\n<h2 class=\"wp-block-heading\">Le processus de greffe de cheveux<\/h2>\n\n\n\n<p>Comprendre le processus de greffe de cheveux peut vous aider \u00e0 vous sentir plus confiant(e) et mieux pr\u00e9par\u00e9(e) pour votre parcours vers une chevelure restaur\u00e9e.<br>Nous d\u00e9taillons chaque \u00e9tape de la proc\u00e9dure, depuis la consultation initiale jusqu\u2019aux r\u00e9sultats finaux<\/p>\n\n\n\n<div class=\"wp-block-buttons has-pw-white-background-color has-background is-layout-flex wp-block-buttons-is-layout-flex\">\n<div class=\"wp-block-button\"><a class=\"wp-block-button__link has-pw-main-background-color has-background wp-element-button\" href=\"https:\/\/lerraclinic.com\/fr\/patient-resources\/hair-transplantation\/\" target=\"_blank\" rel=\"noreferrer noopener\"><strong>En savoir plus<\/strong><\/a><\/div>\n<\/div>\n<\/div>\n<\/div>\n\n\n\n<p><em>\u00c0 d\u00e9couvrir aussi :<\/em><\/p>\n\n\n\n<p><a href=\"https:\/\/lerraclinic.com\/fr\/avant-et-apres\/avant-et-apres-soins-dentaires\/\" target=\"_blank\" data-type=\"link\" data-id=\"https:\/\/lerraclinic.com\/fr\/avant-et-apres\/avant-et-apres-soins-dentaires\/\" rel=\"noreferrer noopener\">Avant et apr\u00e8s &#8211; Soins dentaires<\/a><\/p>\n\n\n\n<p><a href=\"https:\/\/lerraclinic.com\/fr\/avant-et-apres\/avant-et-apres-cheveux\/\" target=\"_blank\" data-type=\"link\" data-id=\"https:\/\/lerraclinic.com\/fr\/avant-et-apres\/avant-et-apres-cheveux\/\" rel=\"noreferrer noopener\">Avant et apr\u00e8s &#8211; Cheveux<\/a><\/p>\n\n\n\n<div class=\"wp-block-columns has-pw-main-background-color has-background is-layout-flex wp-container-core-columns-is-layout-9d6595d7 wp-block-columns-is-layout-flex\">\n<div class=\"wp-block-column is-layout-flow wp-block-column-is-layout-flow\">\n<p class=\"has-pw-white-color has-text-color has-link-color has-medium-font-size wp-elements-c5a1edfb642fcc735fa2f87c61e767ba\">Contactez-nous d\u00e8s aujourd&rsquo;hui et profitez de la meilleure offre.<\/p>\n<\/div>\n\n\n\n<div class=\"wp-block-column is-layout-flow wp-block-column-is-layout-flow\" style=\"flex-basis:33.33%\">\n<div class=\"wp-block-buttons is-layout-flex wp-block-buttons-is-layout-flex\">\n<div class=\"wp-block-button has-custom-width wp-block-button__width-100 heart-beat\"><a class=\"wp-block-button__link has-pw-wts-background-color has-background wp-element-button\" href=\"https:\/\/wa.me\/905399268888\" target=\"_blank\" rel=\"noreferrer noopener\">WhatsApp<\/a><\/div>\n<\/div>\n<\/div>\n<\/div>\n","protected":false},"excerpt":{"rendered":"<p>Ressources pour les patients FAQ Bienvenue sur notre page de foire aux questions (FAQ) !Vous trouverez ici les r\u00e9ponses aux &#8230; <\/p>\n","protected":false},"author":2,"featured_media":5239,"parent":0,"menu_order":0,"comment_status":"closed","ping_status":"closed","template":"","meta":{"_acf_changed":false,"footnotes":""},"class_list":["post-5336","page","type-page","status-publish","has-post-thumbnail","hentry"],"acf":[],"_links":{"self":[{"href":"https:\/\/lerraclinic.com\/fr\/wp-json\/wp\/v2\/pages\/5336","targetHints":{"allow":["GET"]}}],"collection":[{"href":"https:\/\/lerraclinic.com\/fr\/wp-json\/wp\/v2\/pages"}],"about":[{"href":"https:\/\/lerraclinic.com\/fr\/wp-json\/wp\/v2\/types\/page"}],"author":[{"embeddable":true,"href":"https:\/\/lerraclinic.com\/fr\/wp-json\/wp\/v2\/users\/2"}],"replies":[{"embeddable":true,"href":"https:\/\/lerraclinic.com\/fr\/wp-json\/wp\/v2\/comments?post=5336"}],"version-history":[{"count":12,"href":"https:\/\/lerraclinic.com\/fr\/wp-json\/wp\/v2\/pages\/5336\/revisions"}],"predecessor-version":[{"id":7236,"href":"https:\/\/lerraclinic.com\/fr\/wp-json\/wp\/v2\/pages\/5336\/revisions\/7236"}],"wp:featuredmedia":[{"embeddable":true,"href":"https:\/\/lerraclinic.com\/fr\/wp-json\/wp\/v2\/media\/5239"}],"wp:attachment":[{"href":"https:\/\/lerraclinic.com\/fr\/wp-json\/wp\/v2\/media?parent=5336"}],"curies":[{"name":"wp","href":"https:\/\/api.w.org\/{rel}","templated":true}]}}