{"id":5324,"date":"2024-07-23T08:44:23","date_gmt":"2024-07-23T08:44:23","guid":{"rendered":"https:\/\/lerraclinic.com\/?page_id=5324"},"modified":"2025-11-12T10:44:00","modified_gmt":"2025-11-12T10:44:00","slug":"beard-cultivation","status":"publish","type":"page","link":"https:\/\/lerraclinic.com\/fr\/hair-transplant\/beard-cultivation\/","title":{"rendered":"La Culture de la Barbe"},"content":{"rendered":"\n<p><strong>La Culture de la Barbe en Turquie<\/strong><\/p>\n\n\n\n<p><strong>Les barbes sont de nouveau au sommet de la mode.<\/strong><br>Une barbe encadre le visage d\u2019un homme et lui conf\u00e8re une apparence distingu\u00e9e et masculine.<\/p>\n\n\n\n<p>Cependant, jusqu\u2019\u00e0 50 % des hommes rencontrent des difficult\u00e9s \u00e0 faire pousser une barbe compl\u00e8te. Pour beaucoup, cela ne pose aucun probl\u00e8me, mais pour certains, lorsque les poils ne poussent que par plaques ou pas du tout, cela peut nuire \u00e0 leur bien-\u00eatre. En effet, la pousse d\u2019une barbe fournie est souvent per\u00e7ue comme un signe de virilit\u00e9 chez les hommes.<\/p>\n\n\n\n<p>La solution r\u00e9side dans la <strong>greffe de barbe en Turquie<\/strong>, une intervention chirurgicale qui consiste \u00e0 densifier ou combler certaines zones de la barbe \u00e0 l\u2019aide d\u2019unit\u00e9s folliculaires pr\u00e9lev\u00e9es sur une zone donneuse du cuir chevelu. Apr\u00e8s quelques mois, les poils des bulbes implant\u00e9s sur le visage pousseront naturellement et prendront les caract\u00e9ristiques des poils de barbe.<\/p>\n\n\n\n<div class=\"wp-block-rank-math-toc-block\" id=\"rank-math-toc\"><h2>Table des mati\u00e8res<\/h2><nav><ul><li class=\"\"><a href=\"#quest-ce-quune-greffe-de-barbe\">Qu\u2019est-ce qu\u2019une Greffe de Barbe ?<\/a><\/li><li class=\"\"><a href=\"#etes-vous-un-bon-candidat-pour-la-culture-de-barbe\">\u00cates-vous un Bon Candidat pour la Culture de Barbe ?<\/a><\/li><li class=\"\"><a href=\"#de-nos-jours-les-greffes-de-barbe-en-turquie-sont-incroyablement-populaires\">De Nos Jours, les Greffes de Barbe en Turquie Sont Incroyablement Populaires<\/a><\/li><li class=\"\"><a href=\"#les-types-de-greffe-de-barbe-proposes-a-la-clinique-lerra\">Les Types de Greffe de Barbe Propos\u00e9s \u00e0 la Clinique Lerra<\/a><\/li><li class=\"\"><a href=\"#cout-dune-greffe-de-barbe-en-turquie\">Co\u00fbt d\u2019une Greffe de Barbe en Turquie<\/a><\/li><li class=\"\"><a href=\"#se-preparer-a-une-greffe-de-barbe\">Se Pr\u00e9parer \u00e0 une Greffe de Barbe<\/a><\/li><li class=\"\"><a href=\"#apres-une-greffe-de-barbe\">Apr\u00e8s une Greffe de Barbe<\/a><\/li><li class=\"\"><a href=\"#pourquoi-choisir-la-clinique-lerra-pour-une-greffe-de-barbe-en-turquie\">Pourquoi Choisir la Clinique Lerra pour une Greffe de Barbe en Turquie ?<\/a><\/li><li class=\"\"><a href=\"#faq\">FAQ<\/a><\/li><\/ul><\/nav><\/div>\n\n\n\n<h2 class=\"wp-block-heading\" id=\"quest-ce-quune-greffe-de-barbe\">Qu\u2019est-ce qu\u2019une Greffe de Barbe ?<\/h2>\n\n\n\n<p>En termes simples, une greffe de barbe en Turquie consiste \u00e0 pr\u00e9lever des cheveux et des greffons capillaires d\u2019une zone donneuse (g\u00e9n\u00e9ralement l\u2019arri\u00e8re du cr\u00e2ne ou les parties inf\u00e9rieures du menton) pour les implanter dans des zones cibl\u00e9es du visage afin de restaurer la pilosit\u00e9 faciale.<\/p>\n\n\n\n<p>Tr\u00e8s souvent, le succ\u00e8s des implants de barbe est tel qu\u2019une seule intervention suffit pour obtenir un excellent r\u00e9sultat. Puisqu\u2019il s\u2019agit de vos propres cheveux, la barbe aura un aspect naturel et ne montrera aucun signe de chirurgie.<\/p>\n\n\n\n<h2 class=\"wp-block-heading\" id=\"etes-vous-un-bon-candidat-pour-la-culture-de-barbe\">\u00cates-vous un Bon Candidat pour la Culture de Barbe ?<\/h2>\n\n\n\n<figure class=\"wp-block-image size-full\"><img loading=\"lazy\" decoding=\"async\" width=\"512\" height=\"301\" src=\"https:\/\/lerraclinic.com\/wp-content\/uploads\/2025\/04\/beard-cultivation-4.jpg\" alt=\"La Culture de la Barbe\" class=\"wp-image-4666\" srcset=\"https:\/\/lerraclinic.com\/wp-content\/uploads\/2025\/04\/beard-cultivation-4.jpg 512w, https:\/\/lerraclinic.com\/wp-content\/uploads\/2025\/04\/beard-cultivation-4-300x176.jpg 300w\" sizes=\"auto, (max-width: 512px) 100vw, 512px\" \/><\/figure>\n\n\n\n<h2 class=\"wp-block-heading\" id=\"de-nos-jours-les-greffes-de-barbe-en-turquie-sont-incroyablement-populaires\">De Nos Jours, les Greffes de Barbe en Turquie Sont Incroyablement Populaires<\/h2>\n\n\n\n<p>Cependant, comme pour toute intervention de chirurgie esth\u00e9tique, certains crit\u00e8res essentiels doivent \u00eatre remplis pour pouvoir subir l\u2019op\u00e9ration.<\/p>\n\n\n\n<p>Le crit\u00e8re principal est de savoir si vous disposez d\u2019une quantit\u00e9 suffisante de cheveux dans la zone donneuse. Les deux zones le plus souvent utilis\u00e9es sont l\u2019arri\u00e8re et les c\u00f4t\u00e9s de la t\u00eate.<\/p>\n\n\n\n<p>Lors de la consultation, le chirurgien examine votre cuir chevelu et \u00e9value si vous avez suffisamment de cheveux \u00e0 pr\u00e9lever, sachant que le cou et la m\u00e2choire peuvent \u00e9galement \u00eatre des zones donneuses appropri\u00e9es.<\/p>\n\n\n\n<p>De plus, le m\u00e9decin \u00e9value aussi votre \u00e9tat de sant\u00e9 g\u00e9n\u00e9ral, en vous demandant si vous souffrez de troubles hormonaux, de maladies cardiaques ou de diab\u00e8te.<\/p>\n\n\n\n<p>Enfin, une clinique de greffe de barbe peut exiger que les patients aient un \u00e2ge minimum, g\u00e9n\u00e9ralement de 22 ans. Cela permet au m\u00e9decin d\u2019\u00e9valuer l\u2019ampleur de la perte de poils et de planifier le traitement de mani\u00e8re ad\u00e9quate.<\/p>\n\n\n\n<h2 class=\"wp-block-heading\" id=\"les-types-de-greffe-de-barbe-proposes-a-la-clinique-lerra\">Les Types de Greffe de Barbe Propos\u00e9s \u00e0 la Clinique Lerra<\/h2>\n\n\n\n<h3 class=\"wp-block-heading\"><strong>Il Existe Plusieurs M\u00e9thodes de Greffe de Barbe en Turquie<\/strong><\/h3>\n\n\n\n<p>Les deux techniques les plus couramment utilis\u00e9es sont :<\/p>\n\n\n\n<div class=\"wp-block-columns is-layout-flex wp-container-core-columns-is-layout-9d6595d7 wp-block-columns-is-layout-flex\">\n<div class=\"wp-block-column is-layout-flow wp-block-column-is-layout-flow\">\n<figure class=\"wp-block-image size-full\"><img loading=\"lazy\" decoding=\"async\" width=\"600\" height=\"401\" src=\"https:\/\/mehdemohamad.com\/new-themes\/lerraclinic\/wp-content\/uploads\/2024\/07\/beard-cultivation-3.webp\" alt=\"La Culture de la Barbe\" class=\"wp-image-874\" srcset=\"https:\/\/lerraclinic.com\/wp-content\/uploads\/2024\/07\/beard-cultivation-3.webp 600w, https:\/\/lerraclinic.com\/wp-content\/uploads\/2024\/07\/beard-cultivation-3-300x201.webp 300w\" sizes=\"auto, (max-width: 600px) 100vw, 600px\" \/><\/figure>\n<\/div>\n\n\n\n<div class=\"wp-block-column is-layout-flow wp-block-column-is-layout-flow\">\n<h3 class=\"wp-block-heading\">Extraction d\u2019Unit\u00e9s Folliculaires (micro FUE)<\/h3>\n\n\n\n<p>La FUE est sans doute la technique de greffe capillaire la plus populaire. Le chirurgien extrait les follicules pileux de la zone donneuse un par un, puis les implante dans la zone receveuse.<\/p>\n\n\n\n<p>La FUE est la technique pr\u00e9f\u00e9r\u00e9e de nombreux patients, car elle ne laisse pas de cicatrices, permet une gu\u00e9rison rapide, et est presque indolore.<\/p>\n<\/div>\n<\/div>\n\n\n\n<h3 class=\"wp-block-heading\">Transplantation d\u2019Unit\u00e9s Folliculaires (FUT)<\/h3>\n\n\n\n<p>Lors de la proc\u00e9dure FUT, le chirurgien pr\u00e9l\u00e8ve une bande de tissu \u00e0 l\u2019arri\u00e8re de la t\u00eate, \u00e0 partir de laquelle il extrait ensuite les follicules pileux.<\/p>\n\n\n\n<p>Cette technique est utilis\u00e9e pour traiter de plus grandes zones de perte de poils. Elle est relativement plus invasive, car elle laisse des cicatrices permanentes dans la zone donneuse et peut \u00eatre plus douloureuse durant la phase de cicatrisation.<\/p>\n\n\n\n<h2 class=\"wp-block-heading\" id=\"cout-dune-greffe-de-barbe-en-turquie\">Co\u00fbt d\u2019une Greffe de Barbe en Turquie<\/h2>\n\n\n\n<p>Le co\u00fbt d\u2019une greffe de barbe en Turquie est un facteur essentiel \u00e0 prendre en compte, car il influence non seulement le type de proc\u00e9dure \u00e0 adopter, mais aussi la clinique dans laquelle l\u2019op\u00e9ration sera r\u00e9alis\u00e9e. Il est naturel de vouloir b\u00e9n\u00e9ficier des meilleurs soins au prix le plus abordable.<\/p>\n\n\n\n<p>Alors, quels sont les tarifs auxquels vous pouvez vous attendre en Turquie ? Le prix d\u2019une greffe de barbe varie g\u00e9n\u00e9ralement entre <strong>1 000 et 2 000 dollars<\/strong>.<\/p>\n\n\n\n<p>Il s\u2019agit d\u2019un investissement qui en vaut la peine. Certaines cliniques proposent diverses options de paiement et de financement permettant d\u2019acc\u00e9der \u00e0 des traitements plus co\u00fbteux. Tous les forfaits et plans de financement seront expliqu\u00e9s lors de notre <strong>consultation gratuite<\/strong>.<\/p>\n\n\n\n<h2 class=\"wp-block-heading\" id=\"se-preparer-a-une-greffe-de-barbe\">Se Pr\u00e9parer \u00e0 une Greffe de Barbe<\/h2>\n\n\n\n<p>Les implants de barbe peuvent sembler complexes au premier abord, mais nous sommes l\u00e0 pour dissiper ce mythe. Qu\u2019il s\u2019agisse d\u2019une greffe de barbe par FUT ou par FUE, la chirurgie suit g\u00e9n\u00e9ralement <strong>les trois \u00e9tapes suivantes<\/strong> :<\/p>\n\n\n\n<div class=\"wp-block-columns is-layout-flex wp-container-core-columns-is-layout-9d6595d7 wp-block-columns-is-layout-flex\">\n<div class=\"wp-block-column is-layout-flow wp-block-column-is-layout-flow\">\n<figure class=\"wp-block-image size-full\"><img loading=\"lazy\" decoding=\"async\" width=\"600\" height=\"400\" src=\"https:\/\/mehdemohamad.com\/new-themes\/lerraclinic\/wp-content\/uploads\/2024\/07\/beard-cultivation-2.webp\" alt=\"La Culture de la Barbe\" class=\"wp-image-873\" srcset=\"https:\/\/lerraclinic.com\/wp-content\/uploads\/2024\/07\/beard-cultivation-2.webp 600w, https:\/\/lerraclinic.com\/wp-content\/uploads\/2024\/07\/beard-cultivation-2-300x200.webp 300w\" sizes=\"auto, (max-width: 600px) 100vw, 600px\" \/><\/figure>\n<\/div>\n\n\n\n<div class=\"wp-block-column is-layout-flow wp-block-column-is-layout-flow\">\n<h3 class=\"wp-block-heading\">Extraction<\/h3>\n\n\n\n<p>Le processus commence par la coupe des cheveux. Afin de permettre au chirurgien de bien voir votre cuir chevelu, certaines cliniques rasent compl\u00e8tement la barbe, tandis que d\u2019autres laissent environ <strong>1 mm de repousse<\/strong>. Pour \u00e9viter toute douleur pendant l\u2019extraction, un <strong>anesth\u00e9sique local<\/strong> est appliqu\u00e9.<\/p>\n\n\n\n<p>Le chirurgien pr\u00e9l\u00e8ve ensuite soit une <strong>bande de tissu<\/strong> (dans le cas du FUT), soit des <strong>follicules pileux individuels<\/strong> (dans le cas du micro FUE) \u00e0 partir de la zone donneuse, selon la m\u00e9thode choisie.<\/p>\n<\/div>\n<\/div>\n\n\n\n<h3 class=\"wp-block-heading\">Chirurgie de Greffe de Barbe<\/h3>\n\n\n\n<p>Une fois les greffons n\u00e9cessaires extraits, une courte pause est accord\u00e9e. Ensuite, les soins au patient reprennent le dessus. Un <strong>deuxi\u00e8me anesth\u00e9sique local<\/strong> est administr\u00e9 pour s\u2019assurer que vous ne ressentirez aucune douleur.<\/p>\n\n\n\n<p>Le chirurgien implante soigneusement les follicules pileux <strong>un par un<\/strong> dans la zone receveuse, en prenant soin de les positionner strat\u00e9giquement afin de cr\u00e9er une barbe uniforme et naturelle.<\/p>\n\n\n\n<h3 class=\"wp-block-heading\">Processus de Gu\u00e9rison<\/h3>\n\n\n\n<div class=\"wp-block-columns is-layout-flex wp-container-core-columns-is-layout-9d6595d7 wp-block-columns-is-layout-flex\">\n<div class=\"wp-block-column is-layout-flow wp-block-column-is-layout-flow\">\n<figure class=\"wp-block-image size-full\"><img loading=\"lazy\" decoding=\"async\" width=\"600\" height=\"401\" src=\"https:\/\/mehdemohamad.com\/new-themes\/lerraclinic\/wp-content\/uploads\/2024\/07\/beard-cultivation-1.webp\" alt=\"La Culture de la Barbe\" class=\"wp-image-872\" srcset=\"https:\/\/lerraclinic.com\/wp-content\/uploads\/2024\/07\/beard-cultivation-1.webp 600w, https:\/\/lerraclinic.com\/wp-content\/uploads\/2024\/07\/beard-cultivation-1-300x201.webp 300w\" sizes=\"auto, (max-width: 600px) 100vw, 600px\" \/><\/figure>\n<\/div>\n\n\n\n<div class=\"wp-block-column is-layout-flow wp-block-column-is-layout-flow\">\n<p>Apr\u00e8s la chirurgie de greffe de barbe \u00e0 Istanbul, vous pouvez rentrer chez vous. La plupart des patients n\u2019ont besoin que d\u2019<strong>une journ\u00e9e pour se remettre enti\u00e8rement<\/strong>. De petites cro\u00fbtes peuvent appara\u00eetre autour des nouveaux poils de barbe, mais elles tomberont naturellement apr\u00e8s quelques jours.<\/p>\n<\/div>\n<\/div>\n\n\n\n<p>Apr\u00e8s <strong>une semaine<\/strong>, vous pouvez reprendre votre routine normale de rasage. Au bout de <strong>2 \u00e0 3 semaines<\/strong>, les poils implant\u00e9s tomberont. Pas d\u2019inqui\u00e9tude : c\u2019est une phase normale du processus de gu\u00e9rison.<\/p>\n\n\n\n<p>Ensuite, de <strong>nouveaux poils commenceront \u00e0 pousser<\/strong>, et vous pourrez progressivement constater l\u2019apparition d\u2019une <strong>barbe plus dense et compl\u00e8te<\/strong>.<\/p>\n\n\n\n<h2 class=\"wp-block-heading\" id=\"apres-une-greffe-de-barbe\">Apr\u00e8s une Greffe de Barbe<\/h2>\n\n\n\n<p>Apr\u00e8s une greffe de barbe en Turquie, il est important d\u2019<strong>\u00e9viter d\u2019exposer votre peau au soleil<\/strong>. Si vous devez sortir, appliquez une <strong>cr\u00e8me \u00e0 haute protection solaire<\/strong> (id\u00e9alement une lotion sans parfum avec <strong>SPF 50<\/strong>) sur la zone implant\u00e9e, et ce pendant plusieurs mois.<\/p>\n\n\n\n<p>Il n\u2019y a <strong>aucun danger r\u00e9el<\/strong> li\u00e9 \u00e0 l\u2019intervention. Durant la p\u00e9riode de r\u00e9cup\u00e9ration initiale, vous pouvez ressentir quelques <strong>effets secondaires l\u00e9gers<\/strong>, comme un l\u00e9ger gonflement, une inflammation ou une sensibilit\u00e9 accrue. Toutefois, ces effets disparaissent rapidement.<\/p>\n\n\n\n<p>Les <strong>premiers poils<\/strong> peuvent appara\u00eetre d\u00e8s <strong>deux mois<\/strong> apr\u00e8s l\u2019intervention, bien que cela varie l\u00e9g\u00e8rement selon les patients.<\/p>\n\n\n\n<p>Apr\u00e8s <strong>12 mois<\/strong>, la barbe aura une <strong>pousse forte et dense<\/strong>. \u00c0 ce stade, vous pourrez coiffer et entretenir votre barbe <strong>selon vos envies<\/strong>.<\/p>\n\n\n\n<p>L\u2019objectif de la greffe de barbe \u00e0 la <strong>Clinique Lerra<\/strong> est d\u2019assurer une <strong>croissance de barbe \u00e9paisse, homog\u00e8ne et durable<\/strong>.<\/p>\n\n\n\n<h2 class=\"wp-block-heading\" id=\"pourquoi-choisir-la-clinique-lerra-pour-une-greffe-de-barbe-en-turquie\">Pourquoi Choisir la Clinique Lerra pour une Greffe de Barbe en Turquie ?<\/h2>\n\n\n\n<p>La Clinique Lerra se distingue pour plusieurs raisons :<\/p>\n\n\n\n<ul class=\"wp-block-list\">\n<li><strong>Une \u00e9quipe de chirurgiens de haut niveau<\/strong> en Turquie, avec une vaste exp\u00e9rience dans les proc\u00e9dures de greffe capillaire.<\/li>\n\n\n\n<li><strong>Des installations modernes et bien \u00e9quip\u00e9es<\/strong> pour garantir la s\u00e9curit\u00e9 et le confort des patients.<\/li>\n\n\n\n<li><strong>La satisfaction et le bien-\u00eatre du patient<\/strong> sont notre priorit\u00e9 absolue.<\/li>\n\n\n\n<li>De la <strong>consultation jusqu\u2019\u00e0 la r\u00e9cup\u00e9ration<\/strong>, nous offrons un <strong>accompagnement complet et personnalis\u00e9<\/strong>.<\/li>\n<\/ul>\n\n\n\n<div class=\"wp-block-columns has-pw-main-background-color has-background is-layout-flex wp-container-core-columns-is-layout-9d6595d7 wp-block-columns-is-layout-flex\">\n<div class=\"wp-block-column is-layout-flow wp-block-column-is-layout-flow\">\n<p class=\"has-pw-white-color has-text-color has-link-color has-medium-font-size wp-elements-c5a1edfb642fcc735fa2f87c61e767ba\">Contactez-nous d\u00e8s aujourd&rsquo;hui et profitez de la meilleure offre.<\/p>\n<\/div>\n\n\n\n<div class=\"wp-block-column is-layout-flow wp-block-column-is-layout-flow\" style=\"flex-basis:33.33%\">\n<div class=\"wp-block-buttons is-layout-flex wp-block-buttons-is-layout-flex\">\n<div class=\"wp-block-button has-custom-width wp-block-button__width-100 heart-beat\"><a class=\"wp-block-button__link has-pw-wts-background-color has-background wp-element-button\" href=\"https:\/\/wa.me\/905399268888\" target=\"_blank\" rel=\"noreferrer noopener\">WhatsApp<\/a><\/div>\n<\/div>\n<\/div>\n<\/div>\n\n\n\n<p><em>En savoir plus:<\/em><\/p>\n\n\n\n<p><a href=\"https:\/\/lerraclinic.com\/fr\/hair-transplant\/eyebrow-hair-transplantation\/\" data-type=\"link\" data-id=\"https:\/\/lerraclinic.com\/fr\/hair-transplant\/eyebrow-hair-transplantation\/\" target=\"_blank\" rel=\"noreferrer noopener\">Transplantation de Poils de Sourcils<\/a><\/p>\n\n\n\n<p><a href=\"https:\/\/lerraclinic.com\/fr\/hair-transplant\/\" data-type=\"link\" data-id=\"https:\/\/lerraclinic.com\/fr\/hair-transplant\/\" target=\"_blank\" rel=\"noreferrer noopener\">Greffe de Cheveux<\/a><a href=\"https:\/\/lerraclinic.com\/fr\/hair-transplant\/eyebrow-hair-transplantation\/\" data-type=\"link\" data-id=\"https:\/\/lerraclinic.com\/fr\/hair-transplant\/eyebrow-hair-transplantation\/\" target=\"_blank\" rel=\"noreferrer noopener\"><br><\/a><br><\/p>\n\n\n\n<h2 class=\"wp-block-heading\" id=\"faq\">FAQ<\/h2>\n\n\n<div id=\"rank-math-faq\" class=\"rank-math-block\">\n<div class=\"rank-math-list \">\n<div id=\"faq-question-1762943189916\" class=\"rank-math-list-item\">\n<h3 class=\"rank-math-question \"><strong>Quel est le processus d\u2019une greffe de barbe <\/strong>?<\/h3>\n<div class=\"rank-math-answer \">\n\n<p>La m\u00e9thode de greffe de barbe est similaire aux autres interventions de greffe de cheveux : les follicules sont pr\u00e9lev\u00e9s dans la zone donneuse, g\u00e9n\u00e9ralement \u00e0 l\u2019arri\u00e8re du cuir chevelu, puis pr\u00e9par\u00e9s avant d\u2019\u00eatre transplant\u00e9s dans les zones cibl\u00e9es de la barbe.<\/p>\n\n<\/div>\n<\/div>\n<div id=\"faq-question-1762943665971\" class=\"rank-math-list-item\">\n<h3 class=\"rank-math-question \"><strong>La greffe de barbe se fait-elle sous anesth\u00e9sie g\u00e9n\u00e9rale ou locale <\/strong>?<\/h3>\n<div class=\"rank-math-answer \">\n\n<p>Pour \u00e9viter la douleur li\u00e9e \u00e0 l\u2019ouverture des canaux n\u00e9cessaires \u00e0 l\u2019implantation des follicules, seule une anesth\u00e9sie locale est r\u00e9alis\u00e9e sur la zone \u00e0 transplanter lors de la greffe de barbe<\/p>\n\n<\/div>\n<\/div>\n<div id=\"faq-question-1762943692817\" class=\"rank-math-list-item\">\n<h3 class=\"rank-math-question \"><strong>La greffe de barbe se fait-elle sous anesth\u00e9sie g\u00e9n\u00e9rale ou locale ?<\/strong><\/h3>\n<div class=\"rank-math-answer \">\n\n<p>Pour \u00e9viter la douleur li\u00e9e \u00e0 l\u2019ouverture des canaux n\u00e9cessaires \u00e0 l\u2019implantation des follicules, seule une anesth\u00e9sie locale est r\u00e9alis\u00e9e sur la zone \u00e0 transplanter lors de la greffe de barbe.<\/p>\n\n<\/div>\n<\/div>\n<div id=\"faq-question-1762943704371\" class=\"rank-math-list-item\">\n<h3 class=\"rank-math-question \"><strong>Est-il possible de choisir la forme de barbe que je veux ?<\/strong><\/h3>\n<div class=\"rank-math-answer \">\n\n<p>Oui. L\u2019un des principaux avantages de la greffe de barbe est que vous pouvez convenir avec votre m\u00e9decin de la forme de barbe souhait\u00e9e. Cette forme est d\u00e9finie et dessin\u00e9e avant de commencer l\u2019intervention, afin que les follicules soient implant\u00e9s en fonction du style de barbe que vous d\u00e9sirez.<\/p>\n\n<\/div>\n<\/div>\n<div id=\"faq-question-1762943716696\" class=\"rank-math-list-item\">\n<h3 class=\"rank-math-question \"><strong>Y a-t-il des d\u00e9marches \u00e0 suivre avant une greffe de barbe ?<\/strong><\/h3>\n<div class=\"rank-math-answer \">\n\n<p>Oui. Certains examens sont demand\u00e9s par le m\u00e9decin de la Lerra Clinic afin de v\u00e9rifier que vous \u00eates apte \u00e0 subir une greffe de barbe. Le m\u00e9decin doit \u00e9galement \u00eatre inform\u00e9 de tout traitement que vous prenez, afin de d\u00e9terminer s\u2019il faut le poursuivre ou l\u2019interrompre jusqu\u2019\u00e0 la fin de la proc\u00e9dure, en particulier les m\u00e9dicaments qui fluidifient le sang comme l\u2019aspirine, qui doivent \u00eatre arr\u00eat\u00e9s avant la greffe de barbe.<\/p>\n\n<\/div>\n<\/div>\n<div id=\"faq-question-1762943728833\" class=\"rank-math-list-item\">\n<h3 class=\"rank-math-question \"><strong>Quelles sont les consignes \u00e0 suivre apr\u00e8s une greffe de barbe \u00e0 la Lerra Clinic ?<\/strong><\/h3>\n<div class=\"rank-math-answer \">\n\n<p>Apr\u00e8s la greffe de barbe, il ne faut pas laver la zone de la barbe pendant au moins deux jours afin de garantir la bonne fixation des follicules. Il ne faut pas non plus dormir sur le visage, pour \u00e9viter le frottement et l\u2019arrachement des greffons : dormez donc sur le dos.<br \/>Il est \u00e9galement recommand\u00e9 de r\u00e9duire les efforts physiques pendant les deux premiers jours suivant la greffe. Enfin, vous devez suivre attentivement les soins, pr\u00e9parations et traitements prescrits par le m\u00e9decin, en fonction de votre situation et du nombre de greffons qui ont \u00e9t\u00e9 transplant\u00e9s.<\/p>\n\n<\/div>\n<\/div>\n<\/div>\n<\/div>\n\n\n<p><a href=\"https:\/\/lerraclinic.com\/fr\/hair-transplant\/\" data-type=\"link\" data-id=\"https:\/\/lerraclinic.com\/fr\/hair-transplant\/\" target=\"_blank\" rel=\"noreferrer noopener\"><br><\/a><br><br><br><\/p>\n","protected":false},"excerpt":{"rendered":"<p>La Culture de la Barbe en Turquie Les barbes sont de nouveau au sommet de la mode.Une barbe encadre le &#8230; <\/p>\n","protected":false},"author":2,"featured_media":4246,"parent":5253,"menu_order":0,"comment_status":"closed","ping_status":"closed","template":"","meta":{"_acf_changed":false,"footnotes":""},"class_list":["post-5324","page","type-page","status-publish","has-post-thumbnail","hentry"],"acf":[],"_links":{"self":[{"href":"https:\/\/lerraclinic.com\/fr\/wp-json\/wp\/v2\/pages\/5324","targetHints":{"allow":["GET"]}}],"collection":[{"href":"https:\/\/lerraclinic.com\/fr\/wp-json\/wp\/v2\/pages"}],"about":[{"href":"https:\/\/lerraclinic.com\/fr\/wp-json\/wp\/v2\/types\/page"}],"author":[{"embeddable":true,"href":"https:\/\/lerraclinic.com\/fr\/wp-json\/wp\/v2\/users\/2"}],"replies":[{"embeddable":true,"href":"https:\/\/lerraclinic.com\/fr\/wp-json\/wp\/v2\/comments?post=5324"}],"version-history":[{"count":8,"href":"https:\/\/lerraclinic.com\/fr\/wp-json\/wp\/v2\/pages\/5324\/revisions"}],"predecessor-version":[{"id":7148,"href":"https:\/\/lerraclinic.com\/fr\/wp-json\/wp\/v2\/pages\/5324\/revisions\/7148"}],"up":[{"embeddable":true,"href":"https:\/\/lerraclinic.com\/fr\/wp-json\/wp\/v2\/pages\/5253"}],"wp:featuredmedia":[{"embeddable":true,"href":"https:\/\/lerraclinic.com\/fr\/wp-json\/wp\/v2\/media\/4246"}],"wp:attachment":[{"href":"https:\/\/lerraclinic.com\/fr\/wp-json\/wp\/v2\/media?parent=5324"}],"curies":[{"name":"wp","href":"https:\/\/api.w.org\/{rel}","templated":true}]}}