{"id":5301,"date":"2024-07-23T08:57:01","date_gmt":"2024-07-23T08:57:01","guid":{"rendered":"https:\/\/lerraclinic.com\/?page_id=5301"},"modified":"2025-11-23T17:49:15","modified_gmt":"2025-11-23T17:49:15","slug":"zircon-crowns-for-teeth","status":"publish","type":"page","link":"https:\/\/lerraclinic.com\/fr\/dental-treatment\/hollywood-smile\/zircon-crowns-for-teeth\/","title":{"rendered":"Couronnes dentaires en zirconium"},"content":{"rendered":"\n<h2 class=\"wp-block-heading\" id=\"couronnes-dentaires-en-zirconium-en-turquie\">Couronnes dentaires en zirconium en Turquie<\/h2>\n\n\n\n<p>Au cours des derni\u00e8res ann\u00e9es, l&rsquo;utilisation de nouveaux mat\u00e9riaux capables de r\u00e9sister \u00e0 la charge masticatoire des dents et de garantir des r\u00e9sultats esth\u00e9tiques toujours meilleurs s&rsquo;est accrue. Parmi ces mat\u00e9riaux, l\u2019un des plus appr\u00e9ci\u00e9s est celui des couronnes dentaires en zirconium.<\/p>\n\n\n\n<p>Le nom de la couronne en zircone provient pr\u00e9cis\u00e9ment du fait qu\u2019elle est enti\u00e8rement compos\u00e9e de zirconium (oxyde de zirconium), un \u00e9l\u00e9ment m\u00e9tallique qui, une fois combin\u00e9 \u00e0 l\u2019oxyg\u00e8ne, permet la cr\u00e9ation de proth\u00e8ses avantageuses par leur duret\u00e9, leur r\u00e9sistance et leur \u00e9clat exceptionnel.<\/p>\n\n\n\n<p>Toutes ces caract\u00e9ristiques font du zirconium un produit id\u00e9al pour la fabrication de couronnes, qui doivent garantir une solidit\u00e9 optimale lors de la mastication des aliments ainsi qu\u2019un \u00e9clat proche de celui des dents naturelles.<\/p>\n\n\n\n<p>Il s&rsquo;agit de couronnes sans m\u00e9tal, pr\u00eates \u00e0 r\u00e9soudre le probl\u00e8me de la ligne sombre inesth\u00e9tique typique des couronnes traditionnelles avec un noyau m\u00e9tallique.<\/p>\n\n\n\n<p>Les meilleures couronnes dentaires en zirconium \u00e0 Istanbul sont r\u00e9alis\u00e9es \u00e0 la perfection.<\/p>\n\n\n\n<div class=\"wp-block-rank-math-toc-block\" id=\"rank-math-toc\"><h2>Table des mati\u00e8res<\/h2><nav><ul><li class=\"\"><a href=\"#couronnes-dentaires-en-zirconium-en-turquie\">Couronnes dentaires en zirconium en Turquie<\/a><\/li><li class=\"\"><a href=\"#que-sont-les-couronnes-dentaires-en-zirconium\">Que sont les couronnes dentaires en zirconium ?<\/a><\/li><li class=\"\"><a href=\"#pourquoi-choisir-des-couronnes-en-zircone\">Pourquoi choisir des couronnes en zircone ?<\/a><\/li><li class=\"\"><a href=\"#dans-quels-cas-faut-il-privilegier-un-traitement-par-couronne-en-zircone-en-turquie\">Dans quels cas faut-il privil\u00e9gier un traitement par couronne en zircone en Turquie ?<\/a><\/li><li class=\"\"><a href=\"#quels-sont-les-avantages-dun-traitement-avec-des-couronnes-en-zircone\">Quels sont les avantages d\u2019un traitement avec des couronnes en zircone ?<\/a><\/li><li class=\"\"><a href=\"#la-zircone-un-resultat-esthetique-exceptionnel\">La zircone : un r\u00e9sultat esth\u00e9tique exceptionnel<\/a><\/li><li class=\"\"><a href=\"#facteurs-influencant-la-longevite-des-couronnes-en-zircone\">Facteurs influen\u00e7ant la long\u00e9vit\u00e9 des couronnes en zircone<\/a><\/li><li class=\"\"><a href=\"#quelle-est-la-duree-de-vie-des-couronnes-en-zircone\">Quelle est la dur\u00e9e de vie des couronnes en zircone ?<\/a><\/li><li class=\"\"><a href=\"#types-de-couronnes-en-zirconium-disponibles-a-la-clinique-lerra\">Types de couronnes en zirconium disponibles \u00e0 la clinique Lerra<\/a><\/li><li class=\"\"><a href=\"#pourquoi-choisir-la-clinique-lerra-pour-un-traitement-par-couronnes-en-zirconium-en-turquie\">Pourquoi choisir la clinique Lerra pour un traitement par couronnes en zirconium en Turquie ?<\/a><\/li><\/ul><\/nav><\/div>\n\n\n\n<h2 class=\"wp-block-heading\" id=\"que-sont-les-couronnes-dentaires-en-zirconium\">Que sont les couronnes dentaires en zirconium ?<\/h2>\n\n\n\n<p>Lorsque l\u2019on parle de <strong>\u00ab couronnes dentaires en zirconium \u00bb<\/strong>, on fait r\u00e9f\u00e9rence \u00e0 des couronnes fabriqu\u00e9es \u00e0 partir d\u2019<strong>oxyde de zirconium<\/strong>, un mat\u00e9riau d\u00e9velopp\u00e9 au cours des dix derni\u00e8res ann\u00e9es. Gr\u00e2ce \u00e0 son <strong>haut degr\u00e9 de biocompatibilit\u00e9<\/strong> et \u00e0 sa <strong>l\u00e9g\u00e8ret\u00e9<\/strong>, il fait partie des mat\u00e9riaux d\u2019excellence pour la r\u00e9alisation de restaurations dentaires de haute qualit\u00e9.<\/p>\n\n\n\n<figure class=\"wp-block-image size-full\"><img loading=\"lazy\" decoding=\"async\" width=\"700\" height=\"467\" src=\"https:\/\/lerraclinic.com\/wp-content\/uploads\/2025\/04\/zircon-crowns-for-teeth-1.webp\" alt=\"Couronnes dentaires en zirconium\" class=\"wp-image-4645\" srcset=\"https:\/\/lerraclinic.com\/wp-content\/uploads\/2025\/04\/zircon-crowns-for-teeth-1.webp 700w, https:\/\/lerraclinic.com\/wp-content\/uploads\/2025\/04\/zircon-crowns-for-teeth-1-300x200.webp 300w\" sizes=\"auto, (max-width: 700px) 100vw, 700px\" \/><\/figure>\n\n\n\n<p>En plus des qualit\u00e9s de brillance, d\u2019esth\u00e9tique et de compatibilit\u00e9 biologique, le zirconium poss\u00e8de une duret\u00e9 et une r\u00e9sistance \u00e0 la flexion qui permettent la fabrication de c\u00e9ramiques d\u2019une \u00e9paisseur inf\u00e9rieure \u00e0 2 mm ainsi que la construction de ponts dentaires \u00e9tendus.<\/p>\n\n\n\n<p>La c\u00e9ramique \u00e0 base de zirconium est bien plus r\u00e9sistante que les couronnes traditionnelles en m\u00e9tal-c\u00e9ramique face aux forces de mastication, ce qui en fait un choix particuli\u00e8rement <strong>pr\u00e9f\u00e9rable pour les secteurs post\u00e9rieurs<\/strong>.<\/p>\n\n\n\n<h2 class=\"wp-block-heading\" id=\"pourquoi-choisir-des-couronnes-en-zircone\">Pourquoi choisir des couronnes en zircone ?<\/h2>\n\n\n\n<p>Ce type de <strong>proth\u00e8se fixe<\/strong> est sans aucun doute la <strong>meilleure et la plus innovante solution<\/strong> pour prot\u00e9ger une ou plusieurs dents compromises par des caries ou d&rsquo;autres pathologies.<\/p>\n\n\n\n<p>En particulier, <strong>le zirconium est le mat\u00e9riau le plus adapt\u00e9<\/strong> \u00e0 la reconstruction des \u00e9l\u00e9ments dentaires, car il garantit une <strong>esth\u00e9tique remarquable<\/strong> ainsi qu&rsquo;une <strong>excellente r\u00e9sistance<\/strong>.<\/p>\n\n\n\n<p>Il s&rsquo;agit des <strong>meilleures solutions dentaires propos\u00e9es \u00e0 la clinique Lerra<\/strong> pour traiter les cas dentaires les plus complexes.<\/p>\n\n\n\n<h2 class=\"wp-block-heading\" id=\"dans-quels-cas-faut-il-privilegier-un-traitement-par-couronne-en-zircone-en-turquie\">Dans quels cas faut-il privil\u00e9gier un traitement par couronne en zircone en Turquie ?<\/h2>\n\n\n\n<figure class=\"wp-block-image size-full is-resized\"><img loading=\"lazy\" decoding=\"async\" width=\"275\" height=\"183\" src=\"https:\/\/lerraclinic.com\/wp-content\/uploads\/2025\/04\/zircon-crowns-for-teeth-2.jpg\" alt=\"Couronnes dentaires en zirconium\" class=\"wp-image-4648\" style=\"width:451px;height:auto\"\/><\/figure>\n\n\n\n<h3 class=\"wp-block-heading\"><strong>Il existe de nombreux cas o\u00f9 il est conseill\u00e9 de privil\u00e9gier une couronne en zircone<\/strong>, car elle repr\u00e9sente <strong>la meilleure protection pour une dent compromise<\/strong>.<\/h3>\n\n\n\n<p>Notre dentiste propose cette solution proth\u00e9tique optimale lorsqu\u2019une <strong>carie est trait\u00e9e \u00e0 un stade avanc\u00e9<\/strong> et que <strong>le tissu dentaire r\u00e9siduel est insuffisant<\/strong>.<\/p>\n\n\n\n<p>Lorsque la dent est r\u00e9duite de moiti\u00e9 par rapport \u00e0 sa taille initiale, elle <strong>n\u2019est pas assez solide pour supporter la mastication<\/strong>, et un simple plombage pourrait entra\u00eener une <strong>fracture<\/strong>.<\/p>\n\n\n\n<p>Dans ces cas, la structure en zirconium qui recouvre la dent <strong>reproduit la forme naturelle<\/strong> et permet \u00e0 nouveau une <strong>mastication correcte<\/strong>.<\/p>\n\n\n\n<h3 class=\"wp-block-heading\">Esth\u00e9tique des couronnes en zirconium<\/h3>\n\n\n\n<p>Sur le plan esth\u00e9tique, les couronnes en <strong>zircone et en c\u00e9ramique sont ce qu\u2019il y a de plus beau<\/strong> dans le domaine des proth\u00e8ses fixes.<\/p>\n\n\n\n<p>Les <strong>nuances pr\u00e9sentes \u00e0 la surface de la dent<\/strong> sont reproduites avec <strong>pr\u00e9cision<\/strong> et varient d\u2019un patient \u00e0 l\u2019autre, ce qui donne un <strong>aspect tr\u00e8s naturel<\/strong>.<\/p>\n\n\n\n<p>Par ailleurs, le zirconium, \u00e9tant un mat\u00e9riau tr\u00e8s r\u00e9sistant, est \u00e9galement <strong>utilis\u00e9 pour la fabrication de ponts dentaires<\/strong>, notamment lorsqu&rsquo;une ou deux dents sont manquantes.<\/p>\n\n\n\n<h2 class=\"wp-block-heading\" id=\"quels-sont-les-avantages-dun-traitement-avec-des-couronnes-en-zircone\">Quels sont les avantages d\u2019un traitement avec des couronnes en zircone ?<\/h2>\n\n\n\n<p>Les <strong>couronnes en zircone<\/strong> pr\u00e9sentent de <strong>nombreux avantages<\/strong> par rapport aux couronnes traditionnelles. Voici les principaux :<\/p>\n\n\n\n<div class=\"wp-block-columns is-layout-flex wp-container-core-columns-is-layout-9d6595d7 wp-block-columns-is-layout-flex\">\n<div class=\"wp-block-column is-layout-flow wp-block-column-is-layout-flow\">\n<figure class=\"wp-block-image size-full is-resized\"><img loading=\"lazy\" decoding=\"async\" width=\"275\" height=\"183\" src=\"https:\/\/lerraclinic.com\/wp-content\/uploads\/2025\/04\/zircon-crowns-for-teeth-3.jpg\" alt=\"Couronnes dentaires en zirconium\" class=\"wp-image-4651\" style=\"width:476px;height:auto\"\/><\/figure>\n<\/div>\n\n\n\n<div class=\"wp-block-column is-layout-flow wp-block-column-is-layout-flow\">\n<ul class=\"wp-block-list\">\n<li>\u2705 <strong>Faible conductivit\u00e9 thermique<\/strong> : le zirconium conduit tr\u00e8s peu la chaleur, ce qui <strong>r\u00e9duit l&rsquo;inconfort<\/strong> que les patients peuvent ressentir lors de la consommation d\u2019aliments tr\u00e8s chauds ou tr\u00e8s froids.<\/li>\n\n\n\n<li>\u2705 <strong>Pr\u00e9servation de la structure dentaire<\/strong> : la pose de ce type de couronne <strong>ne n\u00e9cessite pas un meulage excessif<\/strong> de la dent. La <strong>structure dentaire est donc pr\u00e9serv\u00e9e<\/strong> autant que possible.<\/li>\n\n\n\n<li>\u2705 <strong>Excellente biocompatibilit\u00e9<\/strong> : les couronnes en zircone <strong>ne contiennent pas de m\u00e9taux<\/strong> ni d\u2019autres substances potentiellement incompatibles avec l\u2019organisme humain.<\/li>\n\n\n\n<li>\u2705 <strong>Fabrication rapide et sur mesure<\/strong> : ces couronnes sont <strong>produites rapidement<\/strong> et <strong>adapt\u00e9es individuellement<\/strong> \u00e0 chaque patient, ce qui permet <strong>de r\u00e9duire le temps pass\u00e9 avec une proth\u00e8se temporaire<\/strong>.<\/li>\n<\/ul>\n<\/div>\n<\/div>\n\n\n\n<h2 class=\"wp-block-heading\" id=\"la-zircone-un-resultat-esthetique-exceptionnel\">La zircone : un r\u00e9sultat esth\u00e9tique exceptionnel<\/h2>\n\n\n\n<p>La <strong>zircone<\/strong> offre un <strong>r\u00e9sultat esth\u00e9tique incroyable<\/strong>, parfaitement <strong>identique \u00e0 celui d&rsquo;une dent naturelle<\/strong>, ce qui garantit \u00e0 ceux qui optent pour cette technique d&rsquo;encapsulation un <strong>sourire tout simplement impeccable<\/strong>.<\/p>\n\n\n\n<ul class=\"wp-block-list\">\n<li>En r\u00e9sum\u00e9, voici les <strong>principales raisons de choisir une couronne en zircone<\/strong> :<\/li>\n\n\n\n<li><strong>Esth\u00e9tique remarquable<\/strong>,<\/li>\n\n\n\n<li> <strong>Brillance naturelle<\/strong>,<\/li>\n\n\n\n<li> <strong>R\u00e9sistance sup\u00e9rieure \u00e0 la mastication<\/strong> par rapport \u00e0 d&rsquo;autres mat\u00e9riaux,<\/li>\n\n\n\n<li> <strong>Processus de fabrication plus rapide<\/strong>.<\/li>\n<\/ul>\n\n\n\n<h2 class=\"wp-block-heading\" id=\"facteurs-influencant-la-longevite-des-couronnes-en-zircone\">Facteurs influen\u00e7ant la long\u00e9vit\u00e9 des couronnes en zircone<\/h2>\n\n\n\n<ul class=\"wp-block-list\">\n<li> <strong>Hygi\u00e8ne bucco-dentaire<\/strong> : Il est <strong>essentiel de maintenir une bonne hygi\u00e8ne<\/strong> si l\u2019on souhaite prolonger la dur\u00e9e de vie de la couronne. En cas de n\u00e9gligence, des <strong>modifications au niveau des gencives<\/strong> peuvent survenir, entra\u00eenant finalement l\u2019\u00e9chec de la couronne.<br> Un <strong>brossage deux fois par jour accompagn\u00e9 de fil dentaire<\/strong> contribue \u00e0 augmenter la dur\u00e9e de vie des couronnes en zircone.<\/li>\n<\/ul>\n\n\n\n<h2 class=\"wp-block-heading\" id=\"quelle-est-la-duree-de-vie-des-couronnes-en-zircone\">Quelle est la dur\u00e9e de vie des couronnes en zircone ?<\/h2>\n\n\n\n<figure class=\"wp-block-image size-full\"><img loading=\"lazy\" decoding=\"async\" width=\"598\" height=\"399\" src=\"https:\/\/mehdemohamad.com\/new-themes\/lerraclinic\/wp-content\/uploads\/2024\/07\/zircon-crowns-for-teeth.webp\" alt=\"Couronnes dentaires en zirconium\" class=\"wp-image-833\" srcset=\"https:\/\/lerraclinic.com\/wp-content\/uploads\/2024\/07\/zircon-crowns-for-teeth.webp 598w, https:\/\/lerraclinic.com\/wp-content\/uploads\/2024\/07\/zircon-crowns-for-teeth-300x200.webp 300w\" sizes=\"auto, (max-width: 598px) 100vw, 598px\" \/><\/figure>\n\n\n\n<ul class=\"wp-block-list\">\n<li> <strong>\u00c9vitez les aliments tr\u00e8s durs<\/strong> : Une fois la couronne pos\u00e9e, il est crucial de <strong>ne pas mastiquer d\u2019aliments tr\u00e8s durs<\/strong> du c\u00f4t\u00e9 concern\u00e9.<br> Cela inclut les <strong>bonbons durs, les gla\u00e7ons, les aliments tr\u00e8s collants<\/strong>, le fait d\u2019\u00e9craser des noix enti\u00e8res ou d\u2019<strong>ouvrir une bouteille avec la dent couronn\u00e9e<\/strong>.<\/li>\n\n\n\n<li> <strong>Suivi dentaire r\u00e9gulier<\/strong> : Il est recommand\u00e9 de <strong>consulter son dentiste tous les six mois<\/strong> pour un <strong>d\u00e9tartrage et un polissage professionnel<\/strong>.<br> Une <strong>radiographie<\/strong> lors de ces visites permet \u00e9galement de v\u00e9rifier que tout est en ordre sous la couronne.<\/li>\n\n\n\n<li> <strong>Suivez les instructions de votre dentiste<\/strong> et <strong>adoptez une bonne hygi\u00e8ne bucco-dentaire<\/strong> afin de garantir <strong>la long\u00e9vit\u00e9 de votre couronne en zircone<\/strong> sans dommages.<\/li>\n<\/ul>\n\n\n\n<h2 class=\"wp-block-heading\" id=\"types-de-couronnes-en-zirconium-disponibles-a-la-clinique-lerra\">Types de couronnes en zirconium disponibles \u00e0 la clinique Lerra<\/h2>\n\n\n\n<ul class=\"wp-block-list\">\n<li><strong>Couronnes en zircone et c\u00e9ramique<\/strong> : le <strong>zirconium constitue la structure interne<\/strong> unique de la capsule, <strong>recouverte d\u2019une couche externe en c\u00e9ramique<\/strong> pour une finition esth\u00e9tique optimale.<\/li>\n\n\n\n<li><strong>Couronnes 100 % zirconium (monolithiques)<\/strong> : un <strong>monobloc de zirconium est sculpt\u00e9 et usin\u00e9<\/strong> afin d\u2019obtenir la <strong>forme et la taille adapt\u00e9es<\/strong> \u00e0 la dent du patient, sans rev\u00eatement c\u00e9ramique.<\/li>\n<\/ul>\n\n\n\n<h2 class=\"wp-block-heading\" id=\"pourquoi-choisir-la-clinique-lerra-pour-un-traitement-par-couronnes-en-zirconium-en-turquie\">Pourquoi choisir la clinique Lerra pour un traitement par couronnes en zirconium en Turquie ?<\/h2>\n\n\n\n<p>La <strong>clinique Lerra se distingue pour plusieurs raisons<\/strong> :<\/p>\n\n\n\n<ul class=\"wp-block-list\">\n<li>\ud83d\udc68\u200d\u2695\ufe0f <strong>Une \u00e9quipe de chirurgiens de haut niveau<\/strong> en Turquie, poss\u00e9dant une <strong>grande expertise dans les proc\u00e9dures de pose de couronnes en zirconium<\/strong>.<\/li>\n\n\n\n<li>\ud83c\udfe5 <strong>Des installations modernes et parfaitement \u00e9quip\u00e9es<\/strong>, garantissant <strong>s\u00e9curit\u00e9 et confort<\/strong> \u00e0 chaque \u00e9tape du traitement.<\/li>\n\n\n\n<li>\ud83d\ude0a <strong>La satisfaction et le bien-\u00eatre des patients<\/strong> sont <strong>nos priorit\u00e9s absolues<\/strong>.<\/li>\n\n\n\n<li>\ud83e\udd1d <strong>Un accompagnement complet<\/strong> : de la <strong>consultation initiale<\/strong> jusqu\u2019\u00e0 la <strong>phase de r\u00e9cup\u00e9ration<\/strong>, nous assurons un <strong>suivi personnalis\u00e9 et attentif<\/strong>.<br><\/li>\n<\/ul>\n\n\n\n<div class=\"wp-block-columns has-pw-main-background-color has-background is-layout-flex wp-container-core-columns-is-layout-9d6595d7 wp-block-columns-is-layout-flex\">\n<div class=\"wp-block-column is-layout-flow wp-block-column-is-layout-flow\">\n<p class=\"has-pw-white-color has-text-color has-link-color has-medium-font-size wp-elements-c5a1edfb642fcc735fa2f87c61e767ba\">Contactez-nous d\u00e8s aujourd&rsquo;hui et profitez de la meilleure offre.<\/p>\n<\/div>\n\n\n\n<div class=\"wp-block-column is-layout-flow wp-block-column-is-layout-flow\" style=\"flex-basis:33.33%\">\n<div class=\"wp-block-buttons is-layout-flex wp-block-buttons-is-layout-flex\">\n<div class=\"wp-block-button has-custom-width wp-block-button__width-100 heart-beat\"><a class=\"wp-block-button__link has-pw-wts-background-color has-background wp-element-button\" href=\"https:\/\/wa.me\/905399268888\" target=\"_blank\" rel=\"noreferrer noopener\">WhatsApp<\/a><\/div>\n<\/div>\n<\/div>\n<\/div>\n\n\n<div id=\"rank-math-faq\" class=\"rank-math-block\">\n<div class=\"rank-math-list \">\n<div id=\"faq-question-1762940351010\" class=\"rank-math-list-item\">\n<h3 class=\"rank-math-question \"><strong>Est-il possible de poser des couronnes en zirconium chez les personnes allergiques aux m\u00e9taux ?<\/strong><\/h3>\n<div class=\"rank-math-answer \">\n\n<p>Oui. Le zirconium est un mat\u00e9riau sans m\u00e9tal qui ne provoque pas de r\u00e9actions allergiques.<\/p>\n\n<\/div>\n<\/div>\n<div id=\"faq-question-1762940428032\" class=\"rank-math-list-item\">\n<h3 class=\"rank-math-question \"><strong>Le zirconium entra\u00eene-t-il une modification du go\u00fbt dans la bouche ?<\/strong><\/h3>\n<div class=\"rank-math-answer \">\n\n<p>Non. Gr\u00e2ce \u00e0 la nature du mat\u00e9riau et au fait qu\u2019il ne contient pas de m\u00e9tal, le zirconium ne modifie en rien le go\u00fbt en bouche ni ne provoque de mauvaise haleine.<\/p>\n\n<\/div>\n<\/div>\n<div id=\"faq-question-1762940439889\" class=\"rank-math-list-item\">\n<h3 class=\"rank-math-question \"><strong>Y a-t-il un risque de d\u00e9coloration des couronnes en zirconium ?<\/strong><\/h3>\n<div class=\"rank-math-answer \">\n\n<p>Le zirconium ne favorise pas l\u2019accumulation de plaque gr\u00e2ce \u00e0 sa surface lisse et polie. Par cons\u00e9quent, il n\u2019est pas affect\u00e9 par les colorants comme le caf\u00e9, le th\u00e9 ou la cigarette.<br \/><strong>Entretien des couronnes en zirconium<\/strong><br \/>Les dents en zirconium n\u00e9cessitent la m\u00eame hygi\u00e8ne bucco-dentaire que les dents naturelles. Il faut les brosser deux fois par jour et utiliser du fil dentaire apr\u00e8s chaque repas. Dans les zones sans dents, on utilise du Super Floss au lieu du fil dentaire classique. Des visites r\u00e9guli\u00e8res chez le dentiste tous les six mois permettent de pr\u00e9venir les probl\u00e8mes ou de les traiter pr\u00e9cocement.<\/p>\n\n<\/div>\n<\/div>\n<div id=\"faq-question-1762940458346\" class=\"rank-math-list-item\">\n<h3 class=\"rank-math-question \"><strong>La pose de couronnes en zirconium est-elle douloureuse ?<\/strong><\/h3>\n<div class=\"rank-math-answer \">\n\n<p>La phase de pr\u00e9paration est r\u00e9alis\u00e9e sous anesth\u00e9sie locale. Ensuite, la sensibilit\u00e9 au chaud et au froid est \u00e9vit\u00e9e gr\u00e2ce \u00e0 la pose de couronnes provisoires. En g\u00e9n\u00e9ral, le traitement se d\u00e9roule sans probl\u00e8me.<\/p>\n\n<\/div>\n<\/div>\n<div id=\"faq-question-1762940469148\" class=\"rank-math-list-item\">\n<h3 class=\"rank-math-question \"><strong>Combien de temps dure le traitement avec des couronnes en zirconium ?<\/strong><\/h3>\n<div class=\"rank-math-answer \">\n\n<p>La dur\u00e9e du traitement d\u00e9pend de l\u2019\u00e9tat de sant\u00e9 dentaire du patient. Chez les personnes ayant des gencives saines, le traitement dure environ une semaine. Durant cette p\u00e9riode, plusieurs s\u00e9ances d\u2019essai sont effectu\u00e9es afin de v\u00e9rifier si le patient est satisfait du r\u00e9sultat.<\/p>\n\n<\/div>\n<\/div>\n<div id=\"faq-question-1762940483270\" class=\"rank-math-list-item\">\n<h3 class=\"rank-math-question \"><strong>Les couronnes en zirconium peuvent-elles se d\u00e9coller ?<\/strong><\/h3>\n<div class=\"rank-math-answer \">\n\n<p>Les couronnes ne se d\u00e9collent que si la dent sous-jacente perd beaucoup de substance avec le temps \u00e0 cause d\u2019une carie. Dans ces cas, la dent est trait\u00e9e, si possible, puis la couronne est de nouveau scell\u00e9e (ciment\u00e9e).<\/p>\n\n<\/div>\n<\/div>\n<div id=\"faq-question-1762940501654\" class=\"rank-math-list-item\">\n<h3 class=\"rank-math-question \"><strong>Les couronnes en zirconium peuvent-elles \u00eatre pos\u00e9es chez les personnes ayant des probl\u00e8mes de gencives ?<\/strong><\/h3>\n<div class=\"rank-math-answer \">\n\n<p>Il est d\u2019abord n\u00e9cessaire de traiter la maladie gingivale. Apr\u00e8s le traitement des gencives, des couronnes en zirconium peuvent \u00eatre pos\u00e9es.<\/p>\n\n<\/div>\n<\/div>\n<div id=\"faq-question-1762940507170\" class=\"rank-math-list-item\">\n<h3 class=\"rank-math-question \"><strong>Les couronnes en zirconium sont-elles compatibles avec les tissus buccaux ?<\/strong><\/h3>\n<div class=\"rank-math-answer \">\n\n<p>Oui. Les couronnes en zirconium sont biocompatibles. La coloration ros\u00e9e \u00e0 violac\u00e9e des gencives que l\u2019on observe parfois avec les proth\u00e8ses \u00e0 armature m\u00e9tallique n\u2019appara\u00eet jamais avec le zirconium. De plus, les couronnes en zirconium ne provoquent pas de r\u00e9cession gingivale ; si elle survient dans certains cas (par exemple \u00e0 cause d\u2019une mauvaise technique de brossage), elle ne cr\u00e9e pas de d\u00e9faut esth\u00e9tique marqu\u00e9.<\/p>\n\n<\/div>\n<\/div>\n<\/div>\n<\/div>\n\n\n<p><em>Lire aussi:<\/em><\/p>\n\n\n\n<p><a href=\"https:\/\/lerraclinic.com\/fr\/traitement-dentaire\/hollywood-smile\/\" target=\"_blank\" data-type=\"link\" data-id=\"https:\/\/lerraclinic.com\/fr\/traitement-dentaire\/hollywood-smile\/\" rel=\"noreferrer noopener\">Sourire Hollywoodien<\/a><\/p>\n\n\n\n<p><a href=\"https:\/\/lerraclinic.com\/fr\/traitement-dentaire\/dental-veneers-and-lumineers\/\" data-type=\"link\" data-id=\"https:\/\/lerraclinic.com\/fr\/traitement-dentaire\/dental-veneers-and-lumineers\/\" target=\"_blank\" rel=\"noreferrer noopener\">Facettes dentaires et lumineers<br><\/a><br><a href=\"https:\/\/lerraclinic.com\/fr\/bariatric-surgery\/\">Chirurgie Bariatrique <\/a><br><br><a href=\"https:\/\/lerraclinic.com\/fr\/traitement-dentaire\/hollywood-smile\/\" data-type=\"link\" data-id=\"https:\/\/lerraclinic.com\/fr\/traitement-dentaire\/hollywood-smile\/\"><br><\/a><br><br><br><\/p>\n\n\n\n<p><br><br><br><\/p>\n","protected":false},"excerpt":{"rendered":"<p>Couronnes dentaires en zirconium en Turquie Au cours des derni\u00e8res ann\u00e9es, l&rsquo;utilisation de nouveaux mat\u00e9riaux capables de r\u00e9sister \u00e0 la &#8230; <\/p>\n","protected":false},"author":2,"featured_media":5205,"parent":5292,"menu_order":0,"comment_status":"closed","ping_status":"closed","template":"","meta":{"_acf_changed":false,"footnotes":""},"class_list":["post-5301","page","type-page","status-publish","has-post-thumbnail","hentry"],"acf":[],"_links":{"self":[{"href":"https:\/\/lerraclinic.com\/fr\/wp-json\/wp\/v2\/pages\/5301","targetHints":{"allow":["GET"]}}],"collection":[{"href":"https:\/\/lerraclinic.com\/fr\/wp-json\/wp\/v2\/pages"}],"about":[{"href":"https:\/\/lerraclinic.com\/fr\/wp-json\/wp\/v2\/types\/page"}],"author":[{"embeddable":true,"href":"https:\/\/lerraclinic.com\/fr\/wp-json\/wp\/v2\/users\/2"}],"replies":[{"embeddable":true,"href":"https:\/\/lerraclinic.com\/fr\/wp-json\/wp\/v2\/comments?post=5301"}],"version-history":[{"count":10,"href":"https:\/\/lerraclinic.com\/fr\/wp-json\/wp\/v2\/pages\/5301\/revisions"}],"predecessor-version":[{"id":8087,"href":"https:\/\/lerraclinic.com\/fr\/wp-json\/wp\/v2\/pages\/5301\/revisions\/8087"}],"up":[{"embeddable":true,"href":"https:\/\/lerraclinic.com\/fr\/wp-json\/wp\/v2\/pages\/5292"}],"wp:featuredmedia":[{"embeddable":true,"href":"https:\/\/lerraclinic.com\/fr\/wp-json\/wp\/v2\/media\/5205"}],"wp:attachment":[{"href":"https:\/\/lerraclinic.com\/fr\/wp-json\/wp\/v2\/media?parent=5301"}],"curies":[{"name":"wp","href":"https:\/\/api.w.org\/{rel}","templated":true}]}}