{"id":5280,"date":"2024-07-23T08:53:56","date_gmt":"2024-07-23T08:53:56","guid":{"rendered":"https:\/\/lerraclinic.com\/?page_id=5280"},"modified":"2025-11-23T17:55:51","modified_gmt":"2025-11-23T17:55:51","slug":"dental-veneers-and-lumineers","status":"publish","type":"page","link":"https:\/\/lerraclinic.com\/fr\/dental-treatment\/dental-veneers-and-lumineers\/","title":{"rendered":"Facettes dentaires et lumineers"},"content":{"rendered":"\n<div class=\"wp-block-columns is-layout-flex wp-container-core-columns-is-layout-9d6595d7 wp-block-columns-is-layout-flex\">\n<div class=\"wp-block-column is-layout-flow wp-block-column-is-layout-flow\">\n<h2 class=\"wp-block-heading\" id=\"dental-veneers-and-lumineers-in-turkey\">Facettes dentaires et lumineers en Turquie<\/h2>\n\n\n\n<p>De nombreuses techniques dentaires ont \u00e9t\u00e9 cr\u00e9\u00e9es pour donner aux patients un beau sourire en r\u00e9ponse \u00e0 la demande croissante de traitements de dentisterie esth\u00e9tique. La plupart des gens ont besoin de faire des ajustements mineurs mais significatifs pour am\u00e9liorer leur sant\u00e9 dentaire. <\/p>\n\n\n\n<p>  Votre vie peut subir des changements importants avec la confiance qu\u2019apporte un beau sourire. Une proc\u00e9dure appel\u00e9e facettes dentaires et Lumineers est tr\u00e8s demand\u00e9e en Turquie pour vous aider \u00e0 obtenir le sourire de vos r\u00eaves. <\/p>\n<\/div>\n\n\n\n<div class=\"wp-block-column is-layout-flow wp-block-column-is-layout-flow\">\n<figure class=\"wp-block-image size-full\"><img loading=\"lazy\" decoding=\"async\" width=\"510\" height=\"510\" src=\"https:\/\/lerraclinic.com\/wp-content\/uploads\/2025\/09\/dental-veneers-and-lumineers-4.jpg\" alt=\"Facettes dentaires et lumineers\" class=\"wp-image-5925\" srcset=\"https:\/\/lerraclinic.com\/wp-content\/uploads\/2025\/09\/dental-veneers-and-lumineers-4.jpg 510w, https:\/\/lerraclinic.com\/wp-content\/uploads\/2025\/09\/dental-veneers-and-lumineers-4-300x300.jpg 300w, https:\/\/lerraclinic.com\/wp-content\/uploads\/2025\/09\/dental-veneers-and-lumineers-4-150x150.jpg 150w\" sizes=\"auto, (max-width: 510px) 100vw, 510px\" \/><\/figure>\n<\/div>\n<\/div>\n\n\n\n<p>Lerra Clinic explique les distinctions entre les facettes en porcelaine \u00ab sans pr\u00e9paration \u00bb, telles que les Lumineers, et les facettes en porcelaine standard afin que vous compreniez les avantages et les inconv\u00e9nients de chacune.<\/p>\n\n\n\n<div class=\"wp-block-rank-math-toc-block\" id=\"rank-math-toc\"><h2>Table des mati\u00e8res<\/h2><nav><ul><li class=\"\"><a href=\"#dental-veneers-and-lumineers-in-turkey\">Facettes dentaires et lumineers en Turquie<\/a><\/li><li class=\"\"><a href=\"#an-overview-of-dental-veneers-and-lumineers\">Un aper\u00e7u des facettes dentaires et des lumineers<\/a><\/li><li class=\"\"><a href=\"#what-are-veneers\">Que sont les facettes ?<\/a><\/li><li class=\"\"><a href=\"#what-are-lumineers\">Que sont les Lumineers ?<\/a><\/li><li class=\"\"><a href=\"#what-is-the-difference-between-lumineers-and-veneers\">Quelle est la diff\u00e9rence entre les Lumineers et les facettes ?<\/a><\/li><li class=\"\"><a href=\"#how-much-do-dental-veneers-cost-in-turkey\">Combien co\u00fbtent les facettes dentaires en Turquie ?<\/a><\/li><li class=\"\"><a href=\"#how-much-do-dental-lumineers-cost-in-turkey\">Combien co\u00fbtent les Lumineers dentaires en Turquie ?<\/a><\/li><li class=\"\"><a href=\"#tips-for-a-smooth-recovery-from-dental-veneers-and-lumineers\">Conseils pour une r\u00e9cup\u00e9ration en douceur des facettes dentaires et des lumineers<\/a><\/li><li class=\"\"><a href=\"#what-can-we-do-for-you-at-lerra-clinic\">Que pouvons-nous faire pour vous \u00e0 la Lerra Clinic ?<\/a><\/li><\/ul><\/nav><\/div>\n\n\n\n<h2 class=\"wp-block-heading\" id=\"an-overview-of-dental-veneers-and-lumineers\">Un aper\u00e7u des facettes dentaires et des lumineers<\/h2>\n\n\n\n<p>Les dentistes peuvent redonner aux dents endommag\u00e9es ou d\u00e9color\u00e9es un aspect blanc et brillant en utilisant des facettes.<br>\u00c9tant donn\u00e9 que les facettes sont souvent compos\u00e9es de porcelaine, vos dents doivent \u00eatre soigneusement pr\u00e9par\u00e9es avant de pouvoir \u00eatre appliqu\u00e9es.<\/p>\n\n\n\n<p>Un autre type de placage est connu sous le nom de Lumineers, qui est plus rapide, moins co\u00fbteux et plus mince \u00e0 installer. Mais il n\u2019est pas aussi facile qu\u2019on pourrait le supposer de choisir le type de placage appropri\u00e9. <\/p>\n\n\n\n<h2 class=\"wp-block-heading\" id=\"what-are-veneers\">Que sont les facettes ?<\/h2>\n\n\n\n<div class=\"wp-block-columns is-layout-flex wp-container-core-columns-is-layout-9d6595d7 wp-block-columns-is-layout-flex\">\n<div class=\"wp-block-column is-layout-flow wp-block-column-is-layout-flow\">\n<figure class=\"wp-block-image size-large\"><img loading=\"lazy\" decoding=\"async\" width=\"1024\" height=\"536\" src=\"https:\/\/lerraclinic.com\/wp-content\/uploads\/2025\/09\/dental-veneers-and-lumineers-3-1024x536.webp\" alt=\"Facettes dentaires et lumineers\" class=\"wp-image-5916\" srcset=\"https:\/\/lerraclinic.com\/wp-content\/uploads\/2025\/09\/dental-veneers-and-lumineers-3-1024x536.webp 1024w, https:\/\/lerraclinic.com\/wp-content\/uploads\/2025\/09\/dental-veneers-and-lumineers-3-300x157.webp 300w, https:\/\/lerraclinic.com\/wp-content\/uploads\/2025\/09\/dental-veneers-and-lumineers-3-768x402.webp 768w, https:\/\/lerraclinic.com\/wp-content\/uploads\/2025\/09\/dental-veneers-and-lumineers-3.webp 1200w\" sizes=\"auto, (max-width: 1024px) 100vw, 1024px\" \/><\/figure>\n<\/div>\n\n\n\n<div class=\"wp-block-column is-layout-flow wp-block-column-is-layout-flow\">\n<p>Les facettes dentaires, \u00e9galement connues sous le nom de facettes en porcelaine, sont de fines couches de porcelaine ou de mat\u00e9riau composite dont l\u2019\u00e9paisseur varie de 0,5 \u00e0 0,7 millim\u00e8tre. Ces facettes sont coll\u00e9es sur les dents pour corriger les imperfections de leur couleur et de leur forme et pour restaurer la capacit\u00e9 de la bouche \u00e0 m\u00e2cher normalement les aliments. <\/p>\n<\/div>\n<\/div>\n\n\n\n<p>Ces facettes dentaires, qui sont souvent consid\u00e9r\u00e9es comme de v\u00e9ritables proth\u00e8ses dentaires, sont plac\u00e9es directement sur l\u2019ext\u00e9rieur de la dent pour am\u00e9liorer son apparence et r\u00e9soudre les probl\u00e8mes de mastication.<\/p>\n\n\n\n<p>Leur objectif est d\u2019\u00e9liminer les zones noires entre les dents et de blanchir les dents, am\u00e9liorant ainsi l\u2019apparence de la structure dentaire. Les taches dentaires et d\u2019autres probl\u00e8mes tels que les d\u00e9fauts de forme, d\u2019emplacement et de couleur peuvent \u00eatre corrig\u00e9s avec eux. Pour s\u2019assurer que les facettes s\u2019adaptent pr\u00e9cis\u00e9ment \u00e0 la taille et \u00e0 la forme des dents naturelles, elles sont ajust\u00e9es et ciment\u00e9es sur les dents.  <\/p>\n\n\n\n<p>Restaurer des fonctions masticatoires normales apr\u00e8s un traumatisme (dents croqu\u00e9es ou fractures dentaires) ou apr\u00e8s une usure dentaire normale due au bruxisme, au grincement des dents ou \u00e0 de mauvaises habitudes comme se ronger des objets ou des ongles est un autre objectif des facettes dentaires.<\/p>\n\n\n\n<h2 class=\"wp-block-heading\" id=\"what-are-lumineers\">Que sont les Lumineers ?<\/h2>\n\n\n\n<p>Les Lumineers sont des feuilles de c\u00e9ramique extr\u00eamement fines qui sont coll\u00e9es aux dents de mani\u00e8re permanente \u00e0 l\u2019aide d\u2019un adh\u00e9sif unique. Le design innovant des Lumineers permet d\u2019obtenir une surface lisse sans douleur. Ils ressemblent \u00e0 de vraies dents car ils sont transparents et minces comme des lentilles de contact, mais avant que les lumineers ne soient fix\u00e9s, la dent en dessous ne doit pas \u00eatre trop blanchie ou tach\u00e9e (les lumineers recouvrent la dent afin qu\u2019aucune trace ne soit apparente).  <\/p>\n\n\n\n<p>Semblables aux placages, les Lumineers ont une dur\u00e9e de vie extr\u00eamement longue, allant jusqu\u2019\u00e0 dix ans. Les lumineers durent plus longtemps lorsque vous utilisez un dentifrice blanchissant et que vous pratiquez une bonne hygi\u00e8ne bucco-dentaire. <\/p>\n\n\n\n<h2 class=\"wp-block-heading\" id=\"what-is-the-difference-between-lumineers-and-veneers\">Quelle est la diff\u00e9rence entre les Lumineers et les facettes ?<\/h2>\n\n\n\n<div class=\"wp-block-columns is-layout-flex wp-container-core-columns-is-layout-9d6595d7 wp-block-columns-is-layout-flex\">\n<div class=\"wp-block-column is-layout-flow wp-block-column-is-layout-flow\">\n<ul class=\"wp-block-list\">\n<li>Lors de l\u2019utilisation d\u2019un traitement de facette dentaire, environ 0,8 \u00e0 2 mm de mat\u00e9riau dentaire doit \u00eatre meul\u00e9.<\/li>\n\n\n\n<li>Sans grincer des dents, la r\u00e9paration des dents \u00e0 l\u2019aide de lumineers minces, comme les lentilles de contact, permet une optimisation esth\u00e9tique des dents.<\/li>\n\n\n\n<li>Parce que les Lumineers sont minces et tr\u00e8s perm\u00e9ables, la d\u00e9coloration des dents se manifesterait \u00e0 travers eux si elles ne sont pas naturellement tr\u00e8s blanches. Par cons\u00e9quent, les dents doivent \u00eatre excessivement blanches ou blanchies avant de les utiliser. <\/li>\n<\/ul>\n<\/div>\n\n\n\n<div class=\"wp-block-column is-layout-flow wp-block-column-is-layout-flow\">\n<figure class=\"wp-block-image size-full\"><img loading=\"lazy\" decoding=\"async\" width=\"800\" height=\"534\" src=\"https:\/\/mehdemohamad.com\/new-themes\/lerraclinic\/wp-content\/uploads\/2024\/07\/dental-veneers-and-lumineers.webp\" alt=\"Facettes dentaires et lumineers\" class=\"wp-image-841\" srcset=\"https:\/\/lerraclinic.com\/wp-content\/uploads\/2024\/07\/dental-veneers-and-lumineers.webp 800w, https:\/\/lerraclinic.com\/wp-content\/uploads\/2024\/07\/dental-veneers-and-lumineers-300x200.webp 300w, https:\/\/lerraclinic.com\/wp-content\/uploads\/2024\/07\/dental-veneers-and-lumineers-768x513.webp 768w\" sizes=\"auto, (max-width: 800px) 100vw, 800px\" \/><\/figure>\n<\/div>\n<\/div>\n\n\n\n<p>Nous vous conseillons d\u2019obtenir une consultation gratuite avec notre dentiste afin de vous assurer de prendre la meilleure d\u00e9cision possible pour votre choix de traitement dentaire et de recevoir des soins individualis\u00e9s.<\/p>\n\n\n\n<h2 class=\"wp-block-heading\" id=\"how-much-do-dental-veneers-cost-in-turkey\">Combien co\u00fbtent les facettes dentaires en Turquie ?<\/h2>\n\n\n\n<p>Pour les personnes \u00e0 la recherche de soins dentaires de haute qualit\u00e9 et \u00e0 un prix raisonnable, le prix des facettes dentaires en Turquie est une information essentielle. Lorsque l\u2019on examine le co\u00fbt des facettes en Turquie, le co\u00fbt est une consid\u00e9ration cruciale en plus des connaissances et de l\u2019exp\u00e9rience. Bien que les co\u00fbts puissent diff\u00e9rer d\u2019une clinique \u00e0 l\u2019autre, la Turquie est connue pour avoir des prix raisonnables. Les traitements complets de facettes \u00e0 la clinique Lerra commencent \u00e0 3000 $, ce qui comprend le transport VIP et l\u2019h\u00e9bergement tout compris \u00e0 l\u2019h\u00f4tel. Cela met en \u00e9vidence les prix abordables de la Turquie pour des soins dentaires complets.      <\/p>\n\n\n\n<h2 class=\"wp-block-heading\" id=\"how-much-do-dental-lumineers-cost-in-turkey\">Combien co\u00fbtent les Lumineers dentaires en Turquie ?<\/h2>\n\n\n\n<p>En fonction de votre clinique dentaire et du nombre de dents que vous devez couvrir, le traitement dentaire lumineer en Turquie peut co\u00fbter diff\u00e9rents montants. D\u2019autre part, le co\u00fbt des Lumineers pour une seule dent en Turquie se situe souvent entre 200 $ et 500 $. <\/p>\n\n\n\n<h2 class=\"wp-block-heading\" id=\"tips-for-a-smooth-recovery-from-dental-veneers-and-lumineers\">Conseils pour une r\u00e9cup\u00e9ration en douceur des facettes dentaires et des lumineers<\/h2>\n\n\n\n<div class=\"wp-block-columns is-layout-flex wp-container-core-columns-is-layout-9d6595d7 wp-block-columns-is-layout-flex\">\n<div class=\"wp-block-column is-layout-flow wp-block-column-is-layout-flow\">\n<figure class=\"wp-block-image size-full\"><img loading=\"lazy\" decoding=\"async\" width=\"600\" height=\"400\" src=\"https:\/\/mehdemohamad.com\/new-themes\/lerraclinic\/wp-content\/uploads\/2024\/07\/dental-veneers-and-lumineers-1.webp\" alt=\"Facettes dentaires et lumineers\" class=\"wp-image-842\" srcset=\"https:\/\/lerraclinic.com\/wp-content\/uploads\/2024\/07\/dental-veneers-and-lumineers-1.webp 600w, https:\/\/lerraclinic.com\/wp-content\/uploads\/2024\/07\/dental-veneers-and-lumineers-1-300x200.webp 300w\" sizes=\"auto, (max-width: 600px) 100vw, 600px\" \/><\/figure>\n<\/div>\n\n\n\n<div class=\"wp-block-column is-layout-flow wp-block-column-is-layout-flow\">\n<ul class=\"wp-block-list\">\n<li>L\u2019hygi\u00e8ne bucco-dentaire dans les jours qui suivent les facettes ou Lumineers doit \u00eatre d\u00e9licate afin de ne pas g\u00eaner les gencives. Ceux-ci, lors de la scellement, sont normalement s\u00e9par\u00e9s pour am\u00e9liorer l\u2019adh\u00e9rence. Ce n\u2019est pas une proc\u00e9dure douloureuse qui n\u00e9cessite un traitement antidouleur, mais l\u2019irritation qui en r\u00e9sulte peut durer quelques jours.  <\/li>\n\n\n\n<li>Il est donc conseill\u00e9 de nettoyer avec une brosse \u00e0 dents \u00e0 poils souples et avec un mouvement unidirectionnel de la gencive vers la dent. Ce mouvement n\u2019irrite pas davantage les gencives, qui reviendront roses et bien adh\u00e9rentes \u00e0 la dent en quelques jours. Une fois que les facettes ont \u00e9t\u00e9 ciment\u00e9es, elles ne font qu\u2019un avec la dent, et avec les nouveaux mat\u00e9riaux, il n\u2019y a aucun risque qu\u2019elles se d\u00e9tachent. Il est donc conseill\u00e9 d\u2019utiliser tous les moyens d\u2019hygi\u00e8ne tels que les brosses \u00e0 dents, le dentifrice et le fil dentaire.   <\/li>\n<\/ul>\n<\/div>\n<\/div>\n\n\n\n<ul class=\"wp-block-list\">\n<li>Le r\u00e9gime ne pr\u00e9suppose pas de limitations particuli\u00e8res, m\u00eame s\u2019il s\u2019agit toujours d\u2019une bonne pratique, apr\u00e8s avoir consomm\u00e9 des \u00e9l\u00e9ments particuli\u00e8rement tachants comme le caf\u00e9, le th\u00e9, les fruits rouges, ou la fum\u00e9e de cigarette, de se pr\u00e9cipiter et de se brosser les dents ! Les facettes ou Lumineers doivent \u00eatre soumises \u00e0 des contr\u00f4les r\u00e9guliers par le dentiste, notamment en ce qui concerne l\u2019occlusion avec les dents de l\u2019arcade oppos\u00e9e. <\/li>\n\n\n\n<li>Il est conseill\u00e9 de donner au patient un prot\u00e8ge-goutti\u00e8re de nuit \u00e0 porter tous les soirs s\u2019il souffre de troubles tels que le bruxisme, c\u2019est-\u00e0-dire le grincement des dents la nuit. Lorsqu\u2019elles sont entretenues et entretenues de mani\u00e8re appropri\u00e9e, les facettes peuvent durer de 10 \u00e0 20 ans en moyenne, tandis que les lumineers peuvent rester sur les dents pendant cinq \u00e0 sept ans avant de devoir \u00eatre remplac\u00e9s. <\/li>\n<\/ul>\n\n\n\n<h2 class=\"wp-block-heading\" id=\"what-can-we-do-for-you-at-lerra-clinic\">Que pouvons-nous faire pour vous \u00e0 la Lerra Clinic ?<\/h2>\n\n\n\n<div class=\"wp-block-columns is-layout-flex wp-container-core-columns-is-layout-9d6595d7 wp-block-columns-is-layout-flex\">\n<div class=\"wp-block-column is-layout-flow wp-block-column-is-layout-flow\">\n<p>La premi\u00e8re visite \u00e0 la Clinique Lerra comprend diff\u00e9rentes phases pour pouvoir formuler un plan de traitement sp\u00e9cifique, \u00e9tudi\u00e9 et personnalis\u00e9 pour chaque cas clinique qui fait l\u2019objet de notre observation.<\/p>\n\n\n\n<p>  En termes plus simples, nous \u00e9tudierons la bouche du patient et lui proposerons les options de facettes les plus appropri\u00e9es et innovantes pour restaurer ou pr\u00e9server la sant\u00e9 de son sourire.<\/p>\n\n\n\n<p><strong>Phase 1 :<\/strong> Les ant\u00e9c\u00e9dents m\u00e9dicaux dentaires sont recueillis afin de comprendre l\u2019\u00e9tat de sant\u00e9 du patient, tant syst\u00e9mique que dentaire, et nous lui demandons de nous raconter ses ant\u00e9c\u00e9dents cliniques.<\/p>\n<\/div>\n\n\n\n<div class=\"wp-block-column is-layout-flow wp-block-column-is-layout-flow\">\n<figure class=\"wp-block-image size-full\"><img loading=\"lazy\" decoding=\"async\" width=\"600\" height=\"400\" src=\"https:\/\/mehdemohamad.com\/new-themes\/lerraclinic\/wp-content\/uploads\/2024\/07\/dental-veneers-and-lumineers-2-1.webp\" alt=\"Facettes dentaires et lumineers\" class=\"wp-image-844\" srcset=\"https:\/\/lerraclinic.com\/wp-content\/uploads\/2024\/07\/dental-veneers-and-lumineers-2-1.webp 600w, https:\/\/lerraclinic.com\/wp-content\/uploads\/2024\/07\/dental-veneers-and-lumineers-2-1-300x200.webp 300w\" sizes=\"auto, (max-width: 600px) 100vw, 600px\" \/><\/figure>\n<\/div>\n<\/div>\n\n\n\n<p><strong>Phase 2 :<\/strong> examen dentaire intra-oral et extra-oral, c\u2019est-\u00e0-dire \u00e0 l\u2019int\u00e9rieur et \u00e0 l\u2019ext\u00e9rieur de la bouche. Cela se produit parfois aussi gr\u00e2ce \u00e0 l\u2019aide d\u2019outils de radiodiagnostic tels que les radiographies intra-orales et les images panoramiques, qui permettent au dentiste d\u2019\u00e9tablir un diagnostic du cas sp\u00e9cifique. <\/p>\n\n\n\n<p><strong>Phase 3 :<\/strong> Si le cas n\u00e9cessite des interventions multi-sp\u00e9cialistes, il y aura une phase de consultation avec d\u2019autres dentistes \u00e0 la Clinique Lerra. Dans certaines de ces th\u00e9rapies, il sera n\u00e9cessaire d\u2019approfondir le cas avec des tests radiographiques de deuxi\u00e8me niveau, tels que, par exemple, un scanner. <\/p>\n\n\n\n<p><strong>Phase 4 :<\/strong> Apr\u00e8s la consultation, un plan th\u00e9rapeutique est \u00e9tabli qui correspond \u00e0 un devis qui illustre, avec des postes de d\u00e9penses clairs et d\u00e9taill\u00e9s, les th\u00e9rapies propos\u00e9es par l\u2019\u00e9quipe de sp\u00e9cialistes de la Clinique Lerra.<\/p>\n\n\n\n<p><strong>Phase 5 :<\/strong> Remis du devis, le patient est ensuite invit\u00e9 \u00e0 l\u2019examiner sereinement et, s\u2019il accepte de l\u2019accepter (le signer), il peut confier les soins de sa bouche \u00e0 Lerra Clinic : il vous sera demand\u00e9 de lire attentivement le devis et le document de consentement \u00e9clair\u00e9 pr\u00e9sent\u00e9 par nos op\u00e9rateurs. Ces documents contractuels \u00e9noncent clairement les risques et les avantages des th\u00e9rapies propos\u00e9es (ou des th\u00e9rapies alternatives d\u00e9clar\u00e9es dans la documentation). Les op\u00e9rateurs sont \u00e0 la disposition du patient pour accueillir ses questions et r\u00e9pondre \u00e0 tout type de doute.  <\/p>\n\n\n\n<p><strong>Phase 6 :<\/strong> Le patient qui a accept\u00e9 le traitement et le parcours de soins, et donc le devis, se coordonnera avec notre dentiste \u00e0 la clinique Lerra, et l\u2019acceptation, qui, en fonction des besoins du patient et de la disponibilit\u00e9 du dentiste de la clinique, identifiera les meilleurs jours et moments pour planifier les rendez-vous n\u00e9cessaires pour prendre soin de votre sant\u00e9 bucco-dentaire.<\/p>\n\n\n\n<div class=\"wp-block-columns has-pw-main-background-color has-background is-layout-flex wp-container-core-columns-is-layout-9d6595d7 wp-block-columns-is-layout-flex\">\n<div class=\"wp-block-column is-layout-flow wp-block-column-is-layout-flow\">\n<p class=\"has-pw-white-color has-text-color has-link-color has-medium-font-size wp-elements-e21f7d9bbcff695092c9c53a5deb76c8\">contactez-nous aujourd&rsquo;hui et obtenez la meilleure offre!<\/p>\n<\/div>\n\n\n\n<div class=\"wp-block-column is-layout-flow wp-block-column-is-layout-flow\">\n<div class=\"wp-block-buttons is-layout-flex wp-block-buttons-is-layout-flex\">\n<div class=\"wp-block-button has-custom-width wp-block-button__width-100 is-style-fill\"><a class=\"wp-block-button__link has-pw-wts-background-color has-background wp-element-button\" href=\"https:\/\/wa.me\/905399268888\" style=\"border-radius:5px\" target=\"_blank\" rel=\"noopener\">WhatsApp direct<\/a><\/div>\n<\/div>\n<\/div>\n<\/div>\n\n\n\n<p><em>Lire aussi&nbsp;:<\/em><\/p>\n\n\n\n<p><a href=\"https:\/\/lerraclinic.com\/fr\/traitement-dentaire\/hollywood-smile\/\" data-type=\"link\" data-id=\"https:\/\/lerraclinic.com\/fr\/traitement-dentaire\/sourire-hollywoodien\/\" target=\"_blank\" rel=\"noreferrer noopener\">Sourire Hollywoodien<\/a><\/p>\n\n\n\n<p><a href=\"https:\/\/lerraclinic.com\/fr\/bariatric-surgery\/gastric-sleeve\/\">Chirurgie de la sleeve gastrectomie<\/a><a href=\"https:\/\/lerraclinic.com\/fr\/bariatric-surgery\/gastric-sleeve\/\" target=\"_blank\" rel=\"noreferrer noopener\"><br><\/a><\/p>\n","protected":false},"excerpt":{"rendered":"<p>Facettes dentaires et lumineers en Turquie De nombreuses techniques dentaires ont \u00e9t\u00e9 cr\u00e9\u00e9es pour donner aux patients un beau sourire &#8230; <\/p>\n","protected":false},"author":2,"featured_media":5205,"parent":5201,"menu_order":0,"comment_status":"closed","ping_status":"closed","template":"","meta":{"_acf_changed":false,"footnotes":""},"class_list":["post-5280","page","type-page","status-publish","has-post-thumbnail","hentry"],"acf":[],"_links":{"self":[{"href":"https:\/\/lerraclinic.com\/fr\/wp-json\/wp\/v2\/pages\/5280","targetHints":{"allow":["GET"]}}],"collection":[{"href":"https:\/\/lerraclinic.com\/fr\/wp-json\/wp\/v2\/pages"}],"about":[{"href":"https:\/\/lerraclinic.com\/fr\/wp-json\/wp\/v2\/types\/page"}],"author":[{"embeddable":true,"href":"https:\/\/lerraclinic.com\/fr\/wp-json\/wp\/v2\/users\/2"}],"replies":[{"embeddable":true,"href":"https:\/\/lerraclinic.com\/fr\/wp-json\/wp\/v2\/comments?post=5280"}],"version-history":[{"count":13,"href":"https:\/\/lerraclinic.com\/fr\/wp-json\/wp\/v2\/pages\/5280\/revisions"}],"predecessor-version":[{"id":8094,"href":"https:\/\/lerraclinic.com\/fr\/wp-json\/wp\/v2\/pages\/5280\/revisions\/8094"}],"up":[{"embeddable":true,"href":"https:\/\/lerraclinic.com\/fr\/wp-json\/wp\/v2\/pages\/5201"}],"wp:featuredmedia":[{"embeddable":true,"href":"https:\/\/lerraclinic.com\/fr\/wp-json\/wp\/v2\/media\/5205"}],"wp:attachment":[{"href":"https:\/\/lerraclinic.com\/fr\/wp-json\/wp\/v2\/media?parent=5280"}],"curies":[{"name":"wp","href":"https:\/\/api.w.org\/{rel}","templated":true}]}}