{"id":5238,"date":"2024-05-12T18:57:02","date_gmt":"2024-05-12T18:57:02","guid":{"rendered":"https:\/\/lerraclinic.com\/?page_id=5238"},"modified":"2025-11-12T15:23:19","modified_gmt":"2025-11-12T15:23:19","slug":"preparing-for-a-hair-transplant","status":"publish","type":"page","link":"https:\/\/lerraclinic.com\/fr\/patient-resources\/preparing-for-a-hair-transplant\/","title":{"rendered":"Pr\u00e9paration pour une greffe de cheveux"},"content":{"rendered":"\n<p><em>La pr\u00e9paration \u00e0 une greffe de cheveux implique plusieurs \u00e9tapes afin de garantir les meilleurs r\u00e9sultats possibles. Voici un guide complet pour vous aider \u00e0 vous pr\u00e9parer :<\/em><\/p>\n\n\n\n<div class=\"wp-block-rank-math-toc-block\" id=\"rank-math-toc\"><h2>Table des mati\u00e8res<\/h2><nav><ul><li class=\"\"><a href=\"#consultation-et-planification\">Consultation et planification<\/a><\/li><li class=\"\"><a href=\"#instructions-preoperatoires\">Instructions pr\u00e9op\u00e9ratoires<\/a><\/li><li class=\"\"><a href=\"#jour-de-lintervention\">Jour de l\u2019intervention<\/a><\/li><li class=\"\"><a href=\"#soins-apres-lintervention\">Soins apr\u00e8s l\u2019intervention<\/a><\/li><li class=\"\"><a href=\"#soins-a-long-terme\">Soins \u00e0 long terme<\/a><\/li><\/ul><\/nav><\/div>\n\n\n\n<h2 class=\"wp-block-heading\" id=\"consultation-et-planification\">Consultation et planification<\/h2>\n\n\n\n<p><em>Choisissez un chirurgien qualifi\u00e9 :<\/em> Faites des recherches et choisissez un chirurgien sp\u00e9cialis\u00e9 en greffe capillaire, certifi\u00e9 par un conseil m\u00e9dical, reconnu pour sa bonne r\u00e9putation et son exp\u00e9rience approfondie.<br><em>Consultation initiale :<\/em> Discutez de vos objectifs, de vos attentes, de vos ant\u00e9c\u00e9dents m\u00e9dicaux et des m\u00e9dicaments que vous prenez. Le chirurgien \u00e9valuera votre sch\u00e9ma de perte de cheveux et l\u2019\u00e9tat de votre cuir chevelu pour d\u00e9terminer le plan de traitement le plus adapt\u00e9 \u00e0 votre cas.<\/p>\n\n\n\n<h2 class=\"wp-block-heading\" id=\"instructions-preoperatoires\">Instructions pr\u00e9op\u00e9ratoires<\/h2>\n\n\n\n<p><strong>\u00c9valuation m\u00e9dicale :<\/strong> Faites les examens m\u00e9dicaux recommand\u00e9s pour v\u00e9rifier que vous \u00eates un bon candidat \u00e0 la proc\u00e9dure.<\/p>\n\n\n\n<p><strong>M\u00e9dicaments :<\/strong> Suivez les recommandations de votre chirurgien concernant l&rsquo;utilisation de m\u00e9dicaments. Vous devrez peut-\u00eatre arr\u00eater de prendre des anticoagulants, des anti-inflammatoires ou certains compl\u00e9ments alimentaires pouvant augmenter les risques de saignement.<\/p>\n\n\n\n<p><strong>\u00c9vitez le tabac et l\u2019alcool :<\/strong> Arr\u00eatez de fumer et \u00e9vitez de consommer de l\u2019alcool pendant au moins une semaine avant l\u2019intervention, car cela peut nuire au processus de gu\u00e9rison.<\/p>\n\n\n\n<p><strong>Soins capillaires :<\/strong> Lavez soigneusement vos cheveux le matin de l\u2019intervention afin d\u2019avoir un cuir chevelu propre. \u00c9vitez d\u2019utiliser des produits capillaires comme du gel ou de la laque.<\/p>\n\n\n\n<p><strong>Alimentation et hydratation :<\/strong> Prenez un repas \u00e9quilibr\u00e9 et hydratez-vous bien le jour de l\u2019intervention. \u00c9vitez la caf\u00e9ine, car elle peut augmenter la sensibilit\u00e9 aux m\u00e9dicaments utilis\u00e9s pendant la proc\u00e9dure.<\/p>\n\n\n\n<h2 class=\"wp-block-heading\" id=\"jour-de-lintervention\">Jour de l\u2019intervention<\/h2>\n\n\n\n<p><strong>V\u00eatements :<\/strong> Portez des v\u00eatements confortables, de pr\u00e9f\u00e9rence une chemise \u00e0 boutons ou un haut \u00e0 large encolure, afin de ne pas perturber la zone op\u00e9r\u00e9e lors du changement de v\u00eatements.<\/p>\n\n\n\n<p><strong>Transport :<\/strong> Pr\u00e9voyez qu\u2019une personne vous accompagne pour vous conduire \u00e0 la clinique et vous en ramener, car vous pourriez vous sentir somnolent ou mal \u00e0 l\u2019aise apr\u00e8s l\u2019intervention.<\/p>\n\n\n\n<p><strong>Arriv\u00e9e :<\/strong> Pr\u00e9sentez-vous \u00e0 l\u2019heure \u00e0 la clinique, pr\u00eat \u00e0 y passer plusieurs heures, car les greffes de cheveux peuvent durer longtemps.<\/p>\n\n\n\n<h2 class=\"wp-block-heading\" id=\"soins-apres-lintervention\">Soins apr\u00e8s l\u2019intervention<\/h2>\n\n\n\n<figure class=\"wp-block-image size-full\"><img loading=\"lazy\" decoding=\"async\" width=\"600\" height=\"401\" src=\"https:\/\/lerraclinic.com\/wp-content\/uploads\/2025\/04\/preparing-for-a-hair-transplant-1.jpg\" alt=\"Pr\u00e9paration pour une greffe de cheveux\" class=\"wp-image-4704\" srcset=\"https:\/\/lerraclinic.com\/wp-content\/uploads\/2025\/04\/preparing-for-a-hair-transplant-1.jpg 600w, https:\/\/lerraclinic.com\/wp-content\/uploads\/2025\/04\/preparing-for-a-hair-transplant-1-300x201.jpg 300w\" sizes=\"auto, (max-width: 600px) 100vw, 600px\" \/><\/figure>\n\n\n\n<p><strong>Repos et r\u00e9cup\u00e9ration :<\/strong> Pr\u00e9voyez de vous reposer pendant quelques jours apr\u00e8s l\u2019intervention. Suivez les instructions de votre chirurgien concernant l\u2019activit\u00e9 physique et les \u00e9ventuelles restrictions.<\/p>\n\n\n\n<p><strong>M\u00e9dicaments et gestion de la douleur :<\/strong> Prenez les m\u00e9dicaments prescrits selon les indications pour soulager la douleur et pr\u00e9venir les infections.<\/p>\n\n\n\n<p><strong>\u00c9vitez de toucher et de laver :<\/strong> Ne touchez pas la zone greff\u00e9e et suivez les conseils du chirurgien sur le moment et la mani\u00e8re de laver vos cheveux apr\u00e8s l\u2019intervention.<\/p>\n\n\n\n<p><strong>Rendez-vous de suivi :<\/strong> Assistez \u00e0 tous les rendez-vous de suivi pr\u00e9vus afin de surveiller votre \u00e9volution et de traiter toute pr\u00e9occupation.<\/p>\n\n\n\n<h2 class=\"wp-block-heading\" id=\"soins-a-long-terme\">Soins \u00e0 long terme<\/h2>\n\n\n\n<figure class=\"wp-block-image size-full is-resized\"><img loading=\"lazy\" decoding=\"async\" width=\"275\" height=\"183\" src=\"https:\/\/lerraclinic.com\/wp-content\/uploads\/2025\/04\/preparing-for-a-hair-transplant-2.jpg\" alt=\"Pr\u00e9paration pour une greffe de cheveux\" class=\"wp-image-4707\" style=\"width:536px;height:auto\"\/><\/figure>\n\n\n\n<p><strong>Mode de vie sain :<\/strong> Adoptez une alimentation \u00e9quilibr\u00e9e et un mode de vie sain pour favoriser la croissance des cheveux.<\/p>\n\n\n\n<p><strong>\u00c9vitez l\u2019exposition au soleil :<\/strong> Prot\u00e9gez votre cuir chevelu d\u2019une exposition excessive au soleil, car cela peut nuire au processus de gu\u00e9rison.<\/p>\n\n\n\n<p><strong>Soyez patient :<\/strong> La repousse des cheveux apr\u00e8s une greffe peut \u00eatre lente, les r\u00e9sultats visibles pouvant mettre plusieurs mois \u00e0 appara\u00eetre.<\/p>\n\n\n\n<p>En suivant attentivement ces \u00e9tapes, vous pouvez contribuer \u00e0 assurer le bon d\u00e9roulement de votre greffe de cheveux et obtenir les meilleurs r\u00e9sultats possibles. Respectez toujours les recommandations sp\u00e9cifiques de votre chirurgien et n\u2019h\u00e9sitez pas \u00e0 le contacter si vous avez des questions ou des pr\u00e9occupations \u00e0 tout moment du processus.<\/p>\n\n\n\n<div class=\"wp-block-columns has-pw-main-background-color has-background is-layout-flex wp-container-core-columns-is-layout-9d6595d7 wp-block-columns-is-layout-flex\">\n<div class=\"wp-block-column is-layout-flow wp-block-column-is-layout-flow\">\n<p class=\"has-pw-white-color has-text-color has-link-color has-medium-font-size wp-elements-c5a1edfb642fcc735fa2f87c61e767ba\">Contactez-nous d\u00e8s aujourd&rsquo;hui et profitez de la meilleure offre.<\/p>\n<\/div>\n\n\n\n<div class=\"wp-block-column is-layout-flow wp-block-column-is-layout-flow\" style=\"flex-basis:33.33%\">\n<div class=\"wp-block-buttons is-layout-flex wp-block-buttons-is-layout-flex\">\n<div class=\"wp-block-button has-custom-width wp-block-button__width-100 heart-beat\"><a class=\"wp-block-button__link has-pw-wts-background-color has-background wp-element-button\" href=\"https:\/\/wa.me\/905399268888\" target=\"_blank\" rel=\"noreferrer noopener\">WhatsApp<\/a><\/div>\n<\/div>\n<\/div>\n<\/div>\n\n\n\n<p><em>Lire aussi :<\/em><\/p>\n\n\n\n<p><a href=\"https:\/\/lerraclinic.com\/fr\/patient-resources\/\" target=\"_blank\" data-type=\"link\" data-id=\"https:\/\/lerraclinic.com\/fr\/patient-resources\/\" rel=\"noreferrer noopener\">Ressources pour les patients<br><\/a><br><br><br><\/p>\n","protected":false},"excerpt":{"rendered":"<p>La pr\u00e9paration \u00e0 une greffe de cheveux implique plusieurs \u00e9tapes afin de garantir les meilleurs r\u00e9sultats possibles. Voici un guide &#8230; <\/p>\n","protected":false},"author":2,"featured_media":4903,"parent":5336,"menu_order":0,"comment_status":"closed","ping_status":"closed","template":"","meta":{"_acf_changed":false,"footnotes":""},"class_list":["post-5238","page","type-page","status-publish","has-post-thumbnail","hentry"],"acf":[],"_links":{"self":[{"href":"https:\/\/lerraclinic.com\/fr\/wp-json\/wp\/v2\/pages\/5238","targetHints":{"allow":["GET"]}}],"collection":[{"href":"https:\/\/lerraclinic.com\/fr\/wp-json\/wp\/v2\/pages"}],"about":[{"href":"https:\/\/lerraclinic.com\/fr\/wp-json\/wp\/v2\/types\/page"}],"author":[{"embeddable":true,"href":"https:\/\/lerraclinic.com\/fr\/wp-json\/wp\/v2\/users\/2"}],"replies":[{"embeddable":true,"href":"https:\/\/lerraclinic.com\/fr\/wp-json\/wp\/v2\/comments?post=5238"}],"version-history":[{"count":12,"href":"https:\/\/lerraclinic.com\/fr\/wp-json\/wp\/v2\/pages\/5238\/revisions"}],"predecessor-version":[{"id":7189,"href":"https:\/\/lerraclinic.com\/fr\/wp-json\/wp\/v2\/pages\/5238\/revisions\/7189"}],"up":[{"embeddable":true,"href":"https:\/\/lerraclinic.com\/fr\/wp-json\/wp\/v2\/pages\/5336"}],"wp:featuredmedia":[{"embeddable":true,"href":"https:\/\/lerraclinic.com\/fr\/wp-json\/wp\/v2\/media\/4903"}],"wp:attachment":[{"href":"https:\/\/lerraclinic.com\/fr\/wp-json\/wp\/v2\/media?parent=5238"}],"curies":[{"name":"wp","href":"https:\/\/api.w.org\/{rel}","templated":true}]}}