{"id":5201,"date":"2024-07-23T08:48:54","date_gmt":"2024-07-23T08:48:54","guid":{"rendered":"https:\/\/lerraclinic.com\/?page_id=5201"},"modified":"2025-11-15T12:26:12","modified_gmt":"2025-11-15T12:26:12","slug":"dental-treatment","status":"publish","type":"page","link":"https:\/\/lerraclinic.com\/fr\/dental-treatment\/","title":{"rendered":"Traitement Dentaire"},"content":{"rendered":"\n<h2 class=\"wp-block-heading\" id=\"traitement-dentaire-en-turquie\">Traitement dentaire en Turquie<\/h2>\n\n\n\n<p>Au cours des derni\u00e8res ann\u00e9es, la Turquie a connu une augmentation consid\u00e9rable du tourisme dentaire. Le principal facteur qui attire les patients en Turquie est la possibilit\u00e9 de combiner leurs vacances avec un acc\u00e8s \u00e0 des soins dentaires \u00e0 des prix plus abordables.<\/p>\n\n\n\n<p>La clinique Lerra est un excellent choix si vous envisagez de voyager en Turquie pour des soins dentaires et des vacances. En plus d\u2019offrir des traitements dentaires de haute qualit\u00e9 \u00e0 un prix abordable, notre clinique vous aide \u00e0 organiser votre s\u00e9jour.<\/p>\n\n\n\n<p>La clinique Lerra propose des soins dentaires de haut niveau \u00e0 Istanbul. Vous pouvez y effectuer en toute s\u00e9curit\u00e9 tout type de traitement dentaire, allant des reconstructions dentaires \u00e0 l\u2019esth\u00e9tique dentaire comme le \u00ab\u00a0Hollywood smile\u00a0\u00bb, en passant par les implants dentaires.<\/p>\n\n\n\n<div class=\"wp-block-rank-math-toc-block\" id=\"rank-math-toc\"><h2>Table des Mati\u00e8res<\/h2><nav><ul><li class=\"\"><a href=\"#traitement-dentaire-en-turquie\">Traitement dentaire en Turquie<\/a><\/li><li class=\"\"><a href=\"#pourquoi-choisir-la-clinique-lerra-pour-un-traitement-dentaire-en-turquie\">Pourquoi Choisir la Clinique Lerra pour un Traitement Dentaire en Turquie ?<\/a><\/li><li class=\"\"><a href=\"#de-la-consultation-au-traitement-dentaire-approprie-notre-processus-de-soins-dentaires\">De la Consultation au Traitement Dentaire Appropri\u00e9 : Notre Processus de Soins Dentaires<\/a><\/li><li class=\"\"><a href=\"#pourquoi-la-turquie-est-elle-reputee-pour-ses-soins-dentaires\">Pourquoi la Turquie est-elle R\u00e9put\u00e9e pour ses Soins Dentaires ?<\/a><\/li><li class=\"\"><a href=\"#pourquoi-les-soins-dentaires-sont-ils-moins-chers-en-turquie-quaux-pays-europeens-et-aux-etats-unis\">Pourquoi les soins dentaires sont-ils moins chers en Turquie qu&rsquo;aux pays europ\u00e9ens et aux \u00c9tats-Unis?<\/a><\/li><li class=\"\"><a href=\"#planifiez-votre-sejour-dentaire-en-turquie-avec-la-clinique-lerra\">Planifiez votre s\u00e9jour dentaire en Turquie avec la clinique Lerra<\/a><\/li><\/ul><\/nav><\/div>\n\n\n\n<h3 class=\"wp-block-heading\">Types de traitements dentaires disponibles \u00e0 la clinique Lerra \u00e0 Istanbul, Turquie<\/h3>\n\n\n\n<div class=\"wp-block-columns is-layout-flex wp-container-core-columns-is-layout-9d6595d7 wp-block-columns-is-layout-flex\">\n<div class=\"wp-block-column is-layout-flow wp-block-column-is-layout-flow\">\n<figure class=\"wp-block-image size-full\"><img loading=\"lazy\" decoding=\"async\" width=\"1000\" height=\"667\" src=\"https:\/\/mehdemohamad.com\/new-themes\/lerraclinic\/wp-content\/uploads\/2024\/07\/dental-treatment-2.webp\" alt=\"Traitement Dentaire\" class=\"wp-image-848\" srcset=\"https:\/\/lerraclinic.com\/wp-content\/uploads\/2024\/07\/dental-treatment-2.webp 1000w, https:\/\/lerraclinic.com\/wp-content\/uploads\/2024\/07\/dental-treatment-2-300x200.webp 300w, https:\/\/lerraclinic.com\/wp-content\/uploads\/2024\/07\/dental-treatment-2-768x512.webp 768w\" sizes=\"auto, (max-width: 1000px) 100vw, 1000px\" \/><\/figure>\n<\/div>\n\n\n\n<div class=\"wp-block-column is-layout-flow wp-block-column-is-layout-flow\">\n<h3 class=\"wp-block-heading\">Implants dentaires<\/h3>\n\n\n\n<p>Les implants dentaires remplacent la racine de la dent absente. La partie de la dent situ\u00e9e au-dessus des gencives et visible dans la cavit\u00e9 buccale est restaur\u00e9e en posant une couronne sur l\u2019implant.<\/p>\n\n\n\n<p>Toutes les chirurgies d\u2019implants dentaires sont r\u00e9alis\u00e9es sous anesth\u00e9sie locale.<\/p>\n<\/div>\n<\/div>\n\n\n\n<h3 class=\"wp-block-heading\">Hollywood Smile<\/h3>\n\n\n\n<p>L&rsquo;approche conventionnelle la plus populaire en esth\u00e9tique du sourire de nos jours est le <em>Hollywood smile<\/em>. Lors de la r\u00e9alisation d\u2019un <em>Hollywood smile<\/em>, nos dentistes traitent d&rsquo;abord les dents et les gencives si n\u00e9cessaire, puis \u00e9laborent la meilleure proc\u00e9dure esth\u00e9tique adapt\u00e9e \u00e0 la structure unique de votre visage. Votre sourire \u00e9clatant est compl\u00e9t\u00e9 par la pose de facettes tr\u00e8s fines, qui donnent \u00e0 vos dents une apparence soign\u00e9e et brillante.<\/p>\n\n\n\n<h3 class=\"wp-block-heading\">Facettes Dentaires<\/h3>\n\n\n\n<p>Les facettes dentaires sont de fines couches de mat\u00e9riau appliqu\u00e9es sur la surface des dents ant\u00e9rieures afin d\u2019en am\u00e9liorer l\u2019apparence esth\u00e9tique. Elles sont fabriqu\u00e9es en c\u00e9ramique, en r\u00e9sine composite ou en porcelaine, et permettent de corriger diverses imperfections dentaires.<\/p>\n\n\n\n<h3 class=\"wp-block-heading\">Couronnes en Zircone pour les Dents<\/h3>\n\n\n\n<figure class=\"wp-block-image size-full is-resized\"><img loading=\"lazy\" decoding=\"async\" width=\"1000\" height=\"933\" src=\"https:\/\/mehdemohamad.com\/new-themes\/lerraclinic\/wp-content\/uploads\/2024\/07\/image.png\" alt=\"Traitement Dentaire\" class=\"wp-image-850\" style=\"width:491px;height:auto\" srcset=\"https:\/\/lerraclinic.com\/wp-content\/uploads\/2024\/07\/image.png 1000w, https:\/\/lerraclinic.com\/wp-content\/uploads\/2024\/07\/image-300x280.png 300w, https:\/\/lerraclinic.com\/wp-content\/uploads\/2024\/07\/image-768x717.png 768w\" sizes=\"auto, (max-width: 1000px) 100vw, 1000px\" \/><\/figure>\n\n\n\n<p>Les couronnes en zircone sont faites d\u2019oxyde de zirconium, recouvert \u00e0 l\u2019ext\u00e9rieur de porcelaine. Le mat\u00e9riau en zirconium offre une excellente r\u00e9sistance aux forces de mastication, et gr\u00e2ce \u00e0 sa couleur blanche, il permet \u00e9galement \u00e0 la lumi\u00e8re de traverser la porcelaine. Pour ces raisons, elles sont utilis\u00e9es pour la restauration des dents ant\u00e9rieures comme post\u00e9rieures, car elles allient la haute r\u00e9sistance des couronnes c\u00e9ramo-m\u00e9talliques et l\u2019excellente esth\u00e9tique des c\u00e9ramiques int\u00e9grales.<\/p>\n\n\n\n<h2 class=\"wp-block-heading\" id=\"pourquoi-choisir-la-clinique-lerra-pour-un-traitement-dentaire-en-turquie\">Pourquoi Choisir la Clinique Lerra pour un Traitement Dentaire en Turquie ?<\/h2>\n\n\n\n<p>\u00c0 la Clinique Lerra, nous disposons de dentistes experts avec une exp\u00e9rience reconnue, toujours \u00e0 votre service pour prendre soin de votre sourire, car votre s\u00e9curit\u00e9 et un travail d\u2019excellence sont notre priorit\u00e9 absolue.<\/p>\n\n\n\n<div class=\"wp-block-columns is-layout-flex wp-container-core-columns-is-layout-9d6595d7 wp-block-columns-is-layout-flex\">\n<div class=\"wp-block-column is-layout-flow wp-block-column-is-layout-flow\">\n<figure class=\"wp-block-image size-full\"><img loading=\"lazy\" decoding=\"async\" width=\"600\" height=\"400\" src=\"https:\/\/mehdemohamad.com\/new-themes\/lerraclinic\/wp-content\/uploads\/2024\/07\/dental-treatment-3.webp\" alt=\"Traitement Dentaire\" class=\"wp-image-851\" srcset=\"https:\/\/lerraclinic.com\/wp-content\/uploads\/2024\/07\/dental-treatment-3.webp 600w, https:\/\/lerraclinic.com\/wp-content\/uploads\/2024\/07\/dental-treatment-3-300x200.webp 300w\" sizes=\"auto, (max-width: 600px) 100vw, 600px\" \/><\/figure>\n<\/div>\n\n\n\n<div class=\"wp-block-column is-layout-flow wp-block-column-is-layout-flow\">\n<p>Nous avons des chirurgiens sp\u00e9cialis\u00e9s dans le domaine, avec des ann\u00e9es d\u2019exp\u00e9rience et des milliers d\u2019implants pos\u00e9s. C\u2019est uniquement gr\u00e2ce \u00e0 cette grande exp\u00e9rience, \u00e0 une mise \u00e0 jour constante des comp\u00e9tences, ainsi qu\u2019\u00e0 l\u2019utilisation d\u2019\u00e9quipements de pointe et de mat\u00e9riaux de qualit\u00e9 que nous pouvons offrir le meilleur traitement dentaire en Turquie.<\/p>\n\n\n\n<p>La Clinique Lerra est depuis toujours synonyme de qualit\u00e9, de prix abordables, de professionnalisme et de transparence.<\/p>\n<\/div>\n<\/div>\n\n\n\n<h2 class=\"wp-block-heading\" id=\"de-la-consultation-au-traitement-dentaire-approprie-notre-processus-de-soins-dentaires\">De la Consultation au Traitement Dentaire Appropri\u00e9 : Notre Processus de Soins Dentaires<\/h2>\n\n\n\n<h3 class=\"wp-block-heading\"><br>\u00c9TAPE 1 : Le Processus de Consultation<\/h3>\n\n\n\n<p>Vous pouvez b\u00e9n\u00e9ficier d\u2019une consultation gratuite via notre site web ou en nous contactant directement. Lors de cette premi\u00e8re consultation, la proc\u00e9dure g\u00e9n\u00e9rale du traitement dentaire choisi est discut\u00e9e. Cela permet de clarifier plusieurs points : vos attentes, votre \u00e9ligibilit\u00e9 au traitement, s\u2019il s\u2019agit de l\u2019option la plus adapt\u00e9e pour vous parmi plusieurs possibilit\u00e9s, et de r\u00e9pondre \u00e0 toutes vos questions, pr\u00e9occupations et souhaits concernant le r\u00e9sultat attendu. Une partie int\u00e9grante de cette consultation est aussi l\u2019explication des effets secondaires possibles et des r\u00e8gles de conduite \u00e0 respecter.<\/p>\n\n\n\n<h3 class=\"wp-block-heading\">\u00c9TAPE 2 : Le Jour de l\u2019Intervention Dentaire<\/h3>\n\n\n\n<p>La plupart des traitements dentaires \u00e9tant r\u00e9alis\u00e9s sous anesth\u00e9sie, une consultation anesth\u00e9sique avec un dentiste doit \u00eatre effectu\u00e9e avant l\u2019intervention. Le traitement peut ensuite avoir lieu. La dur\u00e9e de chaque op\u00e9ration d\u00e9pend de sa nature et de sa complexit\u00e9.<\/p>\n\n\n\n<h3 class=\"wp-block-heading\">\u00c9TAPE 3 : R\u00e9cup\u00e9ration et Soins Post-Op\u00e9ratoires<\/h3>\n\n\n\n<p>Apr\u00e8s la sortie de la clinique, il est extr\u00eamement important de suivre les instructions de soins fournies par votre dentiste. Il est \u00e9galement essentiel d\u2019assurer les rendez-vous de suivi, qui ont lieu apr\u00e8s une, trois, puis six \u00e0 huit semaines (selon le type de traitement r\u00e9alis\u00e9).<\/p>\n\n\n\n<h2 class=\"wp-block-heading\" id=\"pourquoi-la-turquie-est-elle-reputee-pour-ses-soins-dentaires\">Pourquoi la Turquie est-elle R\u00e9put\u00e9e pour ses Soins Dentaires ?<\/h2>\n\n\n\n<p>Lorsqu\u2019on parle de l\u2019accessibilit\u00e9 financi\u00e8re des soins dentaires, il est important d\u2019examiner les facteurs qui rendent la Turquie si attrayante \u00e0 cet \u00e9gard. Un nombre croissant de personnes dans le monde, notamment en provenance de pays europ\u00e9ens, d\u00e9couvrent les avantages de recevoir des soins dentaires en Turquie. Mais pourquoi en est-il ainsi ?<\/p>\n\n\n\n<p>Tout d\u2019abord, par rapport \u00e0 de nombreux pays occidentaux, les soins dentaires en Turquie restent nettement moins chers. Cette rentabilit\u00e9 n\u2019est pas le reflet d\u2019une qualit\u00e9 inf\u00e9rieure ; elle d\u00e9coule plut\u00f4t de facteurs tels que des co\u00fbts de main-d&rsquo;\u0153uvre avantageux, des taux de change favorables, et la volont\u00e9 du pays de promouvoir le tourisme dentaire.<\/p>\n\n\n\n<p>La Turquie compte de nombreuses cliniques dentaires, en particulier dans des villes majeures comme Antalya et Istanbul, ce qui accentue la concurrence et contribue \u00e0 faire baisser les prix sans compromettre la qualit\u00e9. Ces cliniques offrent aux patients le meilleur des deux mondes, en combinant des technologies de pointe avec des proc\u00e9dures dentaires abordables.<\/p>\n\n\n\n<p>Les soins dentaires ne se limitent pas aux extractions et aux obturations. Le pays s\u2019est \u00e9galement perfectionn\u00e9 dans l\u2019utilisation de facettes dentaires, d\u2019implants dentaires et dans le blanchiment des dents. Le nombre croissant de patients \u00e9trangers ayant recours \u00e0 ces traitements t\u00e9moigne de la confiance que la Turquie a su instaurer au fil des ann\u00e9es.<\/p>\n\n\n\n<p>Mais un tarif abordable ne signifie pas que la qualit\u00e9 doit \u00eatre sacrifi\u00e9e. L\u2019Association Dentaire Turque garantit des soins de haute qualit\u00e9 en veillant \u00e0 ce que les cliniques respectent les normes internationales. De nombreuses cliniques utilisent une technologie de pointe et proposent des consultations gratuites, prouvant ainsi que des prix comp\u00e9titifs ne riment pas avec services de moindre qualit\u00e9.<\/p>\n\n\n\n<h2 class=\"wp-block-heading\" id=\"pourquoi-les-soins-dentaires-sont-ils-moins-chers-en-turquie-quaux-pays-europeens-et-aux-etats-unis\">Pourquoi les soins dentaires sont-ils moins chers en Turquie qu&rsquo;aux pays europ\u00e9ens et aux \u00c9tats-Unis?<\/h2>\n\n\n\n<p><strong>Traitement dentaire<\/strong><br><strong>R\u00e9duction des Co\u00fbts de Fonctionnement :<\/strong><br>Les loyers, les services publics et les frais administratifs sont globalement moins \u00e9lev\u00e9s dans les cabinets dentaires turcs. Par cons\u00e9quent, ils facturent leurs services \u00e0 des tarifs inf\u00e9rieurs \u00e0 ceux des cliniques dentaires en Europe et aux \u00c9tats-Unis, o\u00f9 le niveau de vie est plus \u00e9lev\u00e9.<\/p>\n\n\n\n<p><strong>Co\u00fbts de Main-d\u2019\u0153uvre :<\/strong><br>Les dentistes en Turquie gagnent moins que leurs homologues aux \u00c9tats-Unis et en Europe. Les cliniques peuvent donc proposer des soins \u00e0 moindre co\u00fbt, car les salaires du personnel sont moins \u00e9lev\u00e9s. De nombreux touristes dentaires se demandent : <em>\u00ab Pourquoi est-ce moins cher de se faire soigner les dents en Turquie ? \u00bb<\/em>, s\u00e9duits par le rapport qualit\u00e9-prix exceptionnel des soins propos\u00e9s.<\/p>\n\n\n\n<p><strong>Taux de change :<\/strong><br>La Turquie propose des taux de change avantageux pour les patients \u00e9trangers. Les voyageurs venant de pays o\u00f9 la monnaie est plus forte profitent de cette diff\u00e9rence pour acc\u00e9der \u00e0 des soins dentaires de qualit\u00e9 \u00e0 une fraction du prix qu\u2019ils paieraient chez eux.<\/p>\n\n\n\n<p><strong>Concurrence :<\/strong><br>Avec l\u2019essor du tourisme dentaire, le march\u00e9 des cliniques dentaires est devenu tr\u00e8s concurrentiel. Les cliniques proposent donc d\u2019excellents services \u00e0 des prix attractifs pour s\u00e9duire des patients de divers horizons.<\/p>\n\n\n\n<p><strong>Co\u00fbt des mat\u00e9riaux locaux :<\/strong><br>Les fournitures dentaires et les \u00e9quipements sont moins chers en Turquie. Gr\u00e2ce \u00e0 ces mat\u00e9riaux \u00e0 prix raisonnables, les interventions dentaires deviennent plus abordables.<\/p>\n\n\n\n<p><strong>Prix des produits dentaires&nbsp; :<\/strong><br>Les produits n\u00e9cessaires aux traitements dentaires comme les appareils orthodontiques, les implants et les proth\u00e8ses sont moins co\u00fbteux en Turquie, ce qui permet aux cliniques d\u2019offrir des soins \u00e0 prix r\u00e9duit.<\/p>\n\n\n\n<p><strong>Frais cliniques moins \u00e9lev\u00e9s :<\/strong><br>En raison de l\u2019infrastructure de sant\u00e9 et des r\u00e9glementations locales, les co\u00fbts cliniques li\u00e9s aux traitements m\u00e9dicaux et dentaires sont g\u00e9n\u00e9ralement plus bas en Turquie.<\/p>\n\n\n\n<p><strong>Frais de laboratoire r\u00e9duits :<\/strong><br>Les laboratoires dentaires turcs pratiquent des tarifs inf\u00e9rieurs \u00e0 ceux d\u2019autres pays. Ces laboratoires, qui fabriquent les appareils et les proth\u00e8ses dentaires, jouent un r\u00f4le cl\u00e9 dans la baisse g\u00e9n\u00e9rale du co\u00fbt des soins.<\/p>\n\n\n\n<h2 class=\"wp-block-heading\" id=\"planifiez-votre-sejour-dentaire-en-turquie-avec-la-clinique-lerra\">Planifiez votre s\u00e9jour dentaire en Turquie avec la clinique Lerra<\/h2>\n\n\n\n<p>Voici tous les d\u00e9tails de votre voyage de soins dentaires en Turquie, ainsi que les avantages de choisir la clinique Lerra.<\/p>\n\n\n\n<p><strong>Contactez nos dentistes<\/strong><br>Une fois que vous nous aurez fourni les informations n\u00e9cessaires, vous pourrez consulter nos dentistes. Nous discuterons de vos objectifs et de vos pr\u00e9occupations. Ensemble, nous \u00e9tablirons un plan de traitement personnalis\u00e9 qui vous convient le mieux.<\/p>\n\n\n\n<p><strong>Laissez-nous organiser votre voyage.<\/strong><br>Lorsque vous d\u00e9cidez de voyager en Turquie, nous veillons \u00e0 vous accompagner \u00e0 chaque \u00e9tape : d\u00e8s votre d\u00e9part de votre pays, pendant votre traitement dans notre \u00e9tablissement, jusqu\u2019au jour o\u00f9 vous serez pr\u00eat \u00e0 rentrer chez vous.<\/p>\n\n\n\n<p><strong>Bienvenue en Turquie<\/strong><br>Arrivez en Turquie et commencez votre voyage inoubliable avec nos experts.<\/p>\n\n\n\n<p><strong>Processus de traitement<\/strong><br>Nous sommes sp\u00e9cialis\u00e9s dans des proc\u00e9dures dentaires uniques, d\u00e9velopp\u00e9es par nos m\u00e9decins experts, dans un environnement chaleureux et accueillant. Le traitement choisi avec nos m\u00e9decins sera r\u00e9alis\u00e9 avec le plus grand soin possible.<\/p>\n\n\n\n<div class=\"wp-block-columns has-pw-main-background-color has-background is-layout-flex wp-container-core-columns-is-layout-9d6595d7 wp-block-columns-is-layout-flex\">\n<div class=\"wp-block-column is-layout-flow wp-block-column-is-layout-flow\">\n<p class=\"has-pw-white-color has-text-color has-link-color has-medium-font-size wp-elements-c5a1edfb642fcc735fa2f87c61e767ba\">Contactez-nous d\u00e8s aujourd&rsquo;hui et profitez de la meilleure offre.<\/p>\n<\/div>\n\n\n\n<div class=\"wp-block-column is-layout-flow wp-block-column-is-layout-flow\" style=\"flex-basis:33.33%\">\n<div class=\"wp-block-buttons is-layout-flex wp-block-buttons-is-layout-flex\">\n<div class=\"wp-block-button has-custom-width wp-block-button__width-100 heart-beat\"><a class=\"wp-block-button__link has-pw-wts-background-color has-background wp-element-button\" href=\"https:\/\/wa.me\/905399268888\" target=\"_blank\" rel=\"noreferrer noopener\">WhatsApp<\/a><\/div>\n<\/div>\n<\/div>\n<\/div>\n\n\n<div id=\"rank-math-faq\" class=\"rank-math-block\">\n<div class=\"rank-math-list \">\n<div id=\"faq-question-1762936793448\" class=\"rank-math-list-item\">\n<h3 class=\"rank-math-question \"><strong>Recevoir des soins dentaires en Turquie est-il s\u00fbr ?<\/strong><\/h3>\n<div class=\"rank-math-answer \">\n\n<p>Oui, les soins dentaires en Turquie sont s\u00fbrs. Le minist\u00e8re de la Sant\u00e9 turc impose des r\u00e8gles et des crit\u00e8res stricts auxquels les cliniques dentaires doivent se conformer. De plus, de nombreuses cliniques dentaires turques qui accueillent des touristes m\u00e9dicaux sont accr\u00e9dit\u00e9es au niveau international.<\/p>\n\n<\/div>\n<\/div>\n<div id=\"faq-question-1762936803595\" class=\"rank-math-list-item\">\n<h3 class=\"rank-math-question \"><strong>Les dentistes turcs ont-ils les qualifications n\u00e9cessaires ?<\/strong><\/h3>\n<div class=\"rank-math-answer \">\n\n<p>Oui, la Turquie compte des dentistes tr\u00e8s qualifi\u00e9s et exp\u00e9riment\u00e9s. Ils doivent suivre de longues ann\u00e9es d\u2019\u00e9tudes et de formation, et beaucoup d\u2019entre eux poss\u00e8dent des certifications reconnues au niveau international.<\/p>\n\n<\/div>\n<\/div>\n<div id=\"faq-question-1762936814432\" class=\"rank-math-list-item\">\n<h3 class=\"rank-math-question \"><strong>Les soins dentaires sont-ils vraiment beaucoup moins chers en Turquie ?<\/strong><\/h3>\n<div class=\"rank-math-answer \">\n\n<p>Oui, les soins dentaires en Turquie sont nettement moins co\u00fbteux que dans de nombreux autres pays, comme les \u00c9tats-Unis, le Royaume-Uni ou plusieurs pays europ\u00e9ens. Le co\u00fbt de la vie plus bas, les frais d\u2019exploitation r\u00e9duits et des salaires moins \u00e9lev\u00e9s pour les professionnels de sant\u00e9 font partie des raisons de ces prix plus attractifs.<\/p>\n\n<\/div>\n<\/div>\n<div id=\"faq-question-1762936824254\" class=\"rank-math-list-item\">\n<h3 class=\"rank-math-question \"><strong>Quels types de traitements dentaires sont propos\u00e9s en Turquie ?<\/strong><\/h3>\n<div class=\"rank-math-answer \">\n\n<p>En Turquie, une large gamme de traitements dentaires est propos\u00e9e : couronnes, implants dentaires, facettes, orthodontie, chirurgie orale ainsi que tous les soins de dentisterie g\u00e9n\u00e9rale.<\/p>\n\n<\/div>\n<\/div>\n<div id=\"faq-question-1762936836464\" class=\"rank-math-list-item\">\n<h3 class=\"rank-math-question \"><strong>Y a-t-il une barri\u00e8re de langue pour les soins dentaires en Turquie ?<\/strong><\/h3>\n<div class=\"rank-math-answer \">\n\n<p>Dans de nombreuses cliniques dentaires turques, le personnel parle plusieurs langues et peut communiquer avec les patients dans leur langue maternelle. Cela permet aux patients de bien comprendre leurs options de traitement et d\u2019\u00e9changer facilement avec leur dentiste.<\/p>\n\n<\/div>\n<\/div>\n<div id=\"faq-question-1762936852457\" class=\"rank-math-list-item\">\n<h3 class=\"rank-math-question \"><strong>Quelle est la dur\u00e9e moyenne des traitements dentaires en Turquie ?<\/strong><\/h3>\n<div class=\"rank-math-answer \">\n\n<p>La dur\u00e9e des traitements dentaires en Turquie d\u00e9pend du type de proc\u00e9dure, de l\u2019ampleur du travail \u00e0 r\u00e9aliser et des besoins sp\u00e9cifiques de chaque patient. Cependant, de nombreux actes peuvent \u00eatre effectu\u00e9s en un seul rendez-vous, et beaucoup de cliniques proposent des forfaits complets regroupant plusieurs traitements lors d\u2019un m\u00eame s\u00e9jour.<\/p>\n\n<\/div>\n<\/div>\n<div id=\"faq-question-1762936865867\" class=\"rank-math-list-item\">\n<h3 class=\"rank-math-question \"><strong>Que comprend un forfait de tourisme dentaire ?<\/strong><\/h3>\n<div class=\"rank-math-answer \">\n\n<p>Les forfaits de tourisme dentaire en Turquie incluent souvent plusieurs traitements dentaires, l\u2019h\u00e9bergement et les transferts. Les d\u00e9tails pr\u00e9cis du forfait d\u00e9pendent de la clinique choisie et des soins dont le patient a besoin.<\/p>\n\n<\/div>\n<\/div>\n<div id=\"faq-question-1762936871940\" class=\"rank-math-list-item\">\n<h3 class=\"rank-math-question \"><strong>Comment trouver une clinique dentaire fiable en Turquie ?<\/strong><\/h3>\n<div class=\"rank-math-answer \">\n\n<p>Il existe de nombreuses cliniques dentaires r\u00e9put\u00e9es en Turquie, mais il est essentiel de bien se renseigner \u00e0 l\u2019avance et de choisir un \u00e9tablissement ayant une bonne r\u00e9putation et une \u00e9quipe de dentistes exp\u00e9riment\u00e9s.<\/p>\n\n<\/div>\n<\/div>\n<div id=\"faq-question-1762936885987\" class=\"rank-math-list-item\">\n<h3 class=\"rank-math-question \"><strong>Quelles possibilit\u00e9s de voyage offre la Turquie apr\u00e8s des soins dentaires ?<\/strong><\/h3>\n<div class=\"rank-math-answer \">\n\n<p>La Turquie propose de nombreuses attractions touristiques : plages, sites antiques, villes anim\u00e9es et paysages naturels spectaculaires. Les patients peuvent combiner leurs soins dentaires avec des activit\u00e9s vari\u00e9es pour transformer leur s\u00e9jour en Turquie en voyage agr\u00e9able et reposant.<\/p>\n\n<\/div>\n<\/div>\n<div id=\"faq-question-1762936896881\" class=\"rank-math-list-item\">\n<h3 class=\"rank-math-question \"><strong>Puis-je obtenir une consultation avant de r\u00e9aliser mes soins dentaires en Turquie ?<\/strong><\/h3>\n<div class=\"rank-math-answer \">\n\n<p>Oui, de nombreuses cliniques dentaires en Turquie offrent des consultations en ligne gratuites afin de donner un devis personnalis\u00e9 et d\u2019expliquer les diff\u00e9rentes options de traitement. Ainsi, les patients peuvent prendre une d\u00e9cision \u00e9clair\u00e9e avant de r\u00e9server leur voyage et leurs soins dentaires en Turquie.<\/p>\n\n<\/div>\n<\/div>\n<\/div>\n<\/div>\n\n\n<p><em>\u00c0 lire aussi<\/em>:<\/p>\n\n\n\n<p><a href=\"https:\/\/lerraclinic.com\/fr\/before-and-after\/\" data-type=\"link\" data-id=\"https:\/\/lerraclinic.com\/fr\/before-and-after\/\">Avant et apr\u00e8s<\/a><\/p>\n\n\n\n<p><a href=\"https:\/\/lerraclinic.com\/fr\/before-and-after\/\" data-type=\"link\" data-id=\"https:\/\/lerraclinic.com\/fr\/before-and-after\/\"><br><\/a><br><br><br><\/p>\n","protected":false},"excerpt":{"rendered":"<p>Traitement dentaire en Turquie Au cours des derni\u00e8res ann\u00e9es, la Turquie a connu une augmentation consid\u00e9rable du tourisme dentaire. Le &#8230; <\/p>\n","protected":false},"author":2,"featured_media":5205,"parent":0,"menu_order":0,"comment_status":"closed","ping_status":"closed","template":"","meta":{"_acf_changed":false,"footnotes":""},"class_list":["post-5201","page","type-page","status-publish","has-post-thumbnail","hentry"],"acf":[],"_links":{"self":[{"href":"https:\/\/lerraclinic.com\/fr\/wp-json\/wp\/v2\/pages\/5201","targetHints":{"allow":["GET"]}}],"collection":[{"href":"https:\/\/lerraclinic.com\/fr\/wp-json\/wp\/v2\/pages"}],"about":[{"href":"https:\/\/lerraclinic.com\/fr\/wp-json\/wp\/v2\/types\/page"}],"author":[{"embeddable":true,"href":"https:\/\/lerraclinic.com\/fr\/wp-json\/wp\/v2\/users\/2"}],"replies":[{"embeddable":true,"href":"https:\/\/lerraclinic.com\/fr\/wp-json\/wp\/v2\/comments?post=5201"}],"version-history":[{"count":11,"href":"https:\/\/lerraclinic.com\/fr\/wp-json\/wp\/v2\/pages\/5201\/revisions"}],"predecessor-version":[{"id":7318,"href":"https:\/\/lerraclinic.com\/fr\/wp-json\/wp\/v2\/pages\/5201\/revisions\/7318"}],"wp:featuredmedia":[{"embeddable":true,"href":"https:\/\/lerraclinic.com\/fr\/wp-json\/wp\/v2\/media\/5205"}],"wp:attachment":[{"href":"https:\/\/lerraclinic.com\/fr\/wp-json\/wp\/v2\/media?parent=5201"}],"curies":[{"name":"wp","href":"https:\/\/api.w.org\/{rel}","templated":true}]}}