{"id":5161,"date":"2024-07-23T08:47:50","date_gmt":"2024-07-23T08:47:50","guid":{"rendered":"https:\/\/lerraclinic.com\/?page_id=5161"},"modified":"2025-11-23T17:56:57","modified_gmt":"2025-11-23T17:56:57","slug":"gastric-sleeve","status":"publish","type":"page","link":"https:\/\/lerraclinic.com\/fr\/bariatric-surgery\/gastric-sleeve\/","title":{"rendered":"Chirurgie de la sleeve gastrectomie"},"content":{"rendered":"\n<h2 class=\"wp-block-heading\" id=\"chirurgie-de-la-sleeve-gastrectomie-en-turquie\">Chirurgie de la sleeve gastrectomie en Turquie<\/h2>\n\n\n\n<p>Le nombre de personnes ob\u00e8ses augmente dans le monde entier en raison de mauvaises habitudes alimentaires riches en graisses et en calories. Si l&rsquo;ob\u00e9sit\u00e9 ne s&rsquo;am\u00e9liore pas avec l&rsquo;exercice, le r\u00e9gime alimentaire et les traitements existants, devrez-vous vivre en surpoids toute votre vie ?<\/p>\n\n\n\n<p>R\u00e9cemment, la chirurgie de l&rsquo;ob\u00e9sit\u00e9 en Turquie attire l&rsquo;attention comme l&rsquo;une des m\u00e9thodes de traitement de l&rsquo;ob\u00e9sit\u00e9 et elle devient de plus en plus courante et populaire.<\/p>\n\n\n\n<p>Alors, si vous subissez une sleeve gastrique en Turquie, le traitement sera-t-il termin\u00e9 et serez-vous lib\u00e9r\u00e9 de l&rsquo;ob\u00e9sit\u00e9 ? En chirurgie bariatrique, une gestion continue, y compris la gestion des complications et les modifications du mode de vie, reste importante m\u00eame apr\u00e8s le traitement. Des d\u00e9cisions soigneuses doivent donc \u00eatre prises avant l\u2019op\u00e9ration.<\/p>\n\n\n\n<p>La meilleure chirurgie de la sleeve gastrique \u00e0 Istanbul est r\u00e9alis\u00e9e \u00e0 la perfection \u00e0 la <strong>clinique Lerra<\/strong> pour am\u00e9liorer la qualit\u00e9 de vie du patient et l&rsquo;aider \u00e0 retrouver une image de soi positive.<\/p>\n\n\n\n<div class=\"wp-block-rank-math-toc-block\" id=\"rank-math-toc\"><h2>Table des mati\u00e8res<\/h2><nav><ul><li class=\"\"><a href=\"#chirurgie-de-la-sleeve-gastrectomie-en-turquie\">Qu\u2019est-ce que la chirurgie de la sleeve gastrique\u00a0 ?<\/a><\/li><li class=\"\"><a href=\"#quest-ce-que-la-chirurgie-de-la-sleeve-gastrique\">Qu\u2019est-ce que la chirurgie de la sleeve gastrique?<\/a><\/li><li class=\"\"><a href=\"#comment-se-deroule-loperation\">Qui est un bon candidat?<\/a><\/li><li class=\"\"><a href=\"#qui-est-un-bon-candidat\">Qui est un bon candidat?<\/a><\/li><li class=\"\"><a href=\"#avantages-de-la-sleeve-gastrique\">Avantages de la sleeve gastrique<\/a><\/li><li class=\"\"><a href=\"#inconvenients-de-la-sleeve-gastrique\">Inconv\u00e9nients de la sleeve gastrique<\/a><\/li><li class=\"\"><a href=\"#types-de-chirurgie-bariatrique-a-la-clinique-lerra\">Types de chirurgie bariatrique \u00e0 la clinique Lerra<\/a><\/li><li class=\"\"><a href=\"#duree-de-loperation\">Dur\u00e9e de l\u2019op\u00e9ration<\/a><\/li><li class=\"\"><a href=\"#temps-de-recuperation\">Temps de r\u00e9cup\u00e9ration<\/a><\/li><li class=\"\"><a href=\"#effets-secondaires-possibles\">Effets secondaires possibles<\/a><\/li><li class=\"\"><a href=\"#processus-de-guerison\">Processus de gu\u00e9rison<\/a><\/li><li class=\"\"><a href=\"#pourquoi-choisir-la-clinique-lerra\">Pourquoi choisir la clinique Lerra?<\/a><\/li><li class=\"\"><a href=\"#cout-de-la-sleeve-gastrique-a-istanbul\">Co\u00fbt de la sleeve gastrique \u00e0 Istanbul<\/a><\/li><\/ul><\/nav><\/div>\n\n\n\n<h2 class=\"wp-block-heading\" id=\"quest-ce-que-la-chirurgie-de-la-sleeve-gastrique\">Qu\u2019est-ce que la chirurgie de la sleeve gastrique?<\/h2>\n\n\n\n<figure class=\"wp-block-image size-full\"><img loading=\"lazy\" decoding=\"async\" width=\"600\" height=\"400\" src=\"https:\/\/lerraclinic.com\/wp-content\/uploads\/2024\/08\/gastric-sleeve-1.webp\" alt=\"Chirurgie de la sleeve gastrectomie\" class=\"wp-image-1333\" srcset=\"https:\/\/lerraclinic.com\/wp-content\/uploads\/2024\/08\/gastric-sleeve-1.webp 600w, https:\/\/lerraclinic.com\/wp-content\/uploads\/2024\/08\/gastric-sleeve-1-300x200.webp 300w\" sizes=\"auto, (max-width: 600px) 100vw, 600px\" \/><\/figure>\n\n\n\n<p>La chirurgie de la sleeve gastrique, ou gastrectomie en manchon, consiste \u00e0 retirer une grande partie de l\u2019estomac pour cr\u00e9er un estomac plus petit en forme de banane. Elle permet une perte de poids en r\u00e9duisant la quantit\u00e9 de nourriture consomm\u00e9e et l\u2019absorption de calories et de nutriments. Elle est souvent utilis\u00e9e comme premi\u00e8re \u00e9tape dans une chirurgie en deux temps chez les personnes souffrant d\u2019ob\u00e9sit\u00e9 morbide.<\/p>\n\n\n\n<h2 class=\"wp-block-heading\" id=\"comment-se-deroule-loperation\">Comment se d\u00e9roule l\u2019op\u00e9ration?<\/h2>\n\n\n\n<p>Le chirurgien fait une incision verticale dans la partie sup\u00e9rieure de l\u2019estomac et retire une grande portion de celui-ci, ne laissant qu\u2019un petit tube. Cette nouvelle poche est ensuite sutur\u00e9e. L&rsquo;op\u00e9ration, sous anesth\u00e9sie g\u00e9n\u00e9rale, dure environ 1 \u00e0 2 heures.<\/p>\n\n\n\n<h2 class=\"wp-block-heading\" id=\"qui-est-un-bon-candidat\">Qui est un bon candidat?<\/h2>\n\n\n\n<p>La sleeve gastrique est destin\u00e9e aux personnes ob\u00e8ses ou souffrant d\u2019ob\u00e9sit\u00e9 morbide. Elle permet une perte de poids importante, am\u00e9liorant ou r\u00e9duisant les risques de maladies li\u00e9es \u00e0 l\u2019ob\u00e9sit\u00e9 : diab\u00e8te de type 2, hypertension, apn\u00e9e du sommeil, maladies cardiaques, etc.<\/p>\n\n\n\n<h2 class=\"wp-block-heading\" id=\"avantages-de-la-sleeve-gastrique\">Avantages de la sleeve gastrique<\/h2>\n\n\n\n<ul class=\"wp-block-list\">\n<li>Sensation de sati\u00e9t\u00e9 rapide avec peu de nourriture.<\/li>\n\n\n\n<li>Presque aucun d\u00e9s\u00e9quilibre nutritionnel<\/li>\n\n\n\n<li>Facilement convertible en une autre chirurgie si n\u00e9cessaire.<\/li>\n\n\n\n<li>Examen endoscopique facilit\u00e9<\/li>\n\n\n\n<li>Rare apparition du syndrome de dumping<\/li>\n<\/ul>\n\n\n\n<h2 class=\"wp-block-heading\" id=\"inconvenients-de-la-sleeve-gastrique\">Inconv\u00e9nients de la sleeve gastrique<\/h2>\n\n\n\n<ul class=\"wp-block-list\">\n<li>Risques de fuite ou de st\u00e9nose au site de r\u00e9section<\/li>\n\n\n\n<li>Moins efficace si l\u2019on consomme des aliments tr\u00e8s caloriques.<\/li>\n\n\n\n<li>Risque de reflux gastro-\u0153sophagien \u00e0 long terme<\/li>\n<\/ul>\n\n\n\n<h2 class=\"wp-block-heading\" id=\"types-de-chirurgie-bariatrique-a-la-clinique-lerra\">Types de chirurgie bariatrique \u00e0 la clinique Lerra<\/h2>\n\n\n\n<figure class=\"wp-block-image size-full is-resized\"><img loading=\"lazy\" decoding=\"async\" width=\"1000\" height=\"667\" src=\"https:\/\/lerraclinic.com\/wp-content\/uploads\/2025\/04\/gastric-sleeve-3.jpg\" alt=\"Chirurgie de la sleeve gastrectomie\" class=\"wp-image-4469\" style=\"width:603px;height:auto\" srcset=\"https:\/\/lerraclinic.com\/wp-content\/uploads\/2025\/04\/gastric-sleeve-3.jpg 1000w, https:\/\/lerraclinic.com\/wp-content\/uploads\/2025\/04\/gastric-sleeve-3-300x200.jpg 300w, https:\/\/lerraclinic.com\/wp-content\/uploads\/2025\/04\/gastric-sleeve-3-768x512.jpg 768w\" sizes=\"auto, (max-width: 1000px) 100vw, 1000px\" \/><\/figure>\n\n\n\n<p><strong>1. Bypass gastrique<\/strong><br>Une petite partie de l\u2019estomac est reli\u00e9e directement \u00e0 l\u2019intestin gr\u00eale. Tr\u00e8s efficace pour perdre du poids, mais avec des risques plus \u00e9lev\u00e9s de complications comme des ulc\u00e8res.<\/p>\n\n\n\n<p><strong>2. Sleeve gastrique<\/strong><br>R\u00e9duction de l\u2019estomac pour limiter l\u2019ingestion et supprimer l\u2019hormone de la faim (ghr\u00e9line). M\u00eame efficacit\u00e9 que le bypass, avec moins de complications.<\/p>\n\n\n\n<p><strong>3. Chirurgie de d\u00e9rivation<br><\/strong>Aussi efficace que le bypass pour la perte de poids et le traitement du diab\u00e8te chez les patients tr\u00e8s ob\u00e8ses. Plus b\u00e9n\u00e9fique chez les patients diab\u00e9tiques avec un IMC faible.<\/p>\n\n\n\n<h2 class=\"wp-block-heading\" id=\"duree-de-loperation\">Dur\u00e9e de l\u2019op\u00e9ration<\/h2>\n\n\n\n<p>La dur\u00e9e d\u00e9pend du patient, mais prend en g\u00e9n\u00e9ral entre <strong>1 \u00e0 2 heures<\/strong>, dont 45 \u00e0 60 minutes pour l\u2019acte chirurgical lui-m\u00eame.<\/p>\n\n\n\n<h2 class=\"wp-block-heading\" id=\"temps-de-recuperation\">Temps de r\u00e9cup\u00e9ration<\/h2>\n\n\n\n<figure class=\"wp-block-image size-full\"><img loading=\"lazy\" decoding=\"async\" width=\"600\" height=\"400\" src=\"https:\/\/lerraclinic.com\/wp-content\/uploads\/2024\/08\/gastric-sleeve-2.webp\" alt=\"Chirurgie de la sleeve gastrectomie\" class=\"wp-image-1335\" srcset=\"https:\/\/lerraclinic.com\/wp-content\/uploads\/2024\/08\/gastric-sleeve-2.webp 600w, https:\/\/lerraclinic.com\/wp-content\/uploads\/2024\/08\/gastric-sleeve-2-300x200.webp 300w\" sizes=\"auto, (max-width: 600px) 100vw, 600px\" \/><\/figure>\n\n\n\n<p>La r\u00e9cup\u00e9ration dure en moyenne <strong>3 \u00e0 6 semaines<\/strong>. Elle est souvent plus longue que pour un bypass en raison d\u2019une plus grande plaie gastrique. Un r\u00e9gime liquide est recommand\u00e9 pendant deux semaines apr\u00e8s l\u2019op\u00e9ration.<\/p>\n\n\n\n<h2 class=\"wp-block-heading\" id=\"effets-secondaires-possibles\">Effets secondaires possibles<\/h2>\n\n\n\n<ul class=\"wp-block-list\">\n<li><strong>Fuites gastriques<\/strong>: les nouvelles sutures peuvent fuir, surtout en cas de surcharge alimentaire.<\/li>\n\n\n\n<li><b>Vomissements<\/b> : dus \u00e0 un gonflement postop\u00e9ratoire temporaire.<\/li>\n\n\n\n<li><strong>Calculs biliaires<\/strong>: favoris\u00e9s par une perte de poids rapide.<\/li>\n\n\n\n<li><strong>Carences en vitamines<\/strong>: absorption r\u00e9duite de certaines vitamines, d\u2019o\u00f9 une suppl\u00e9mentation \u00e0 vie.<\/li>\n\n\n\n<li><strong>Reflux gastrique<\/strong>: possible \u00e0 cause de la pression dans le petit estomac.<\/li>\n<\/ul>\n\n\n\n<h2 class=\"wp-block-heading\" id=\"processus-de-guerison\">Processus de gu\u00e9rison<\/h2>\n\n\n\n<p>Les patients restent g\u00e9n\u00e9ralement \u00e0 l\u2019h\u00f4pital pendant <strong>1 \u00e0 3 jours<\/strong>. Ils suivent un r\u00e9gime liquide puis solide, re\u00e7oivent des instructions post-op\u00e9ratoires et doivent suivre les visites de contr\u00f4le pour un bon r\u00e9tablissement.<\/p>\n\n\n\n<h2 class=\"wp-block-heading\" id=\"pourquoi-choisir-la-clinique-lerra\">Pourquoi choisir la clinique Lerra?<\/h2>\n\n\n\n<ul class=\"wp-block-list\">\n<li>Chirurgiens experts et exp\u00e9riment\u00e9s<\/li>\n\n\n\n<li>Installations modernes et s\u00e9curis\u00e9es<\/li>\n\n\n\n<li>Accompagnement complet du d\u00e9but \u00e0 la fin.<\/li>\n\n\n\n<li>Priorit\u00e9 au bien-\u00eatre et \u00e0 la satisfaction du patient<\/li>\n<\/ul>\n\n\n\n<h2 class=\"wp-block-heading\" id=\"cout-de-la-sleeve-gastrique-a-istanbul\">Co\u00fbt de la sleeve gastrique \u00e0 Istanbul<\/h2>\n\n\n\n<figure class=\"wp-block-image size-full\"><img loading=\"lazy\" decoding=\"async\" width=\"768\" height=\"512\" src=\"https:\/\/lerraclinic.com\/wp-content\/uploads\/2025\/04\/gastric-sleeve-4.png\" alt=\"Chirurgie de la sleeve gastrectomie\" class=\"wp-image-4465\" srcset=\"https:\/\/lerraclinic.com\/wp-content\/uploads\/2025\/04\/gastric-sleeve-4.png 768w, https:\/\/lerraclinic.com\/wp-content\/uploads\/2025\/04\/gastric-sleeve-4-300x200.png 300w\" sizes=\"auto, (max-width: 768px) 100vw, 768px\" \/><\/figure>\n\n\n\n<p>Le prix moyen de la sleeve gastrique en Turquie est d\u2019environ <strong>3&nbsp;500&nbsp;\u20ac<\/strong> (tout compris). Le tarif peut varier selon&nbsp;:<\/p>\n\n\n\n<ul class=\"wp-block-list\">\n<li>Les \u00e9valuations pr\u00e9op\u00e9ratoires<\/li>\n\n\n\n<li>L\u2019h\u00f4pital et ses installations<\/li>\n\n\n\n<li>L\u2019exp\u00e9rience du chirurgien<\/li>\n\n\n\n<li>La sant\u00e9 du patient<\/li>\n<\/ul>\n\n\n\n<p>Le co\u00fbt ne doit pas \u00eatre le seul facteur d\u00e9terminant, la qualit\u00e9 du r\u00e9sultat est primordiale.<\/p>\n\n\n\n<div class=\"wp-block-columns has-pw-main-background-color has-background is-layout-flex wp-container-core-columns-is-layout-9d6595d7 wp-block-columns-is-layout-flex\">\n<div class=\"wp-block-column is-layout-flow wp-block-column-is-layout-flow\">\n<p class=\"has-pw-white-color has-text-color has-link-color has-medium-font-size wp-elements-c5a1edfb642fcc735fa2f87c61e767ba\">Contactez-nous d\u00e8s aujourd&rsquo;hui et profitez de la meilleure offre.<\/p>\n<\/div>\n\n\n\n<div class=\"wp-block-column is-layout-flow wp-block-column-is-layout-flow\" style=\"flex-basis:33.33%\">\n<div class=\"wp-block-buttons is-layout-flex wp-block-buttons-is-layout-flex\">\n<div class=\"wp-block-button has-custom-width wp-block-button__width-100 heart-beat\"><a class=\"wp-block-button__link has-pw-wts-background-color has-background wp-element-button\" href=\"https:\/\/wa.me\/905399268888\" target=\"_blank\" rel=\"noreferrer noopener\">WhatsApp<\/a><\/div>\n<\/div>\n<\/div>\n<\/div>\n\n\n\n<p><em>Lire aussi<\/em>:<\/p>\n\n\n\n<p><a href=\"https:\/\/lerraclinic.com\/fr\/chirurgie-plastique\/body-plastic-surgery\/abdominoplasty\/\" data-type=\"link\" data-id=\"https:\/\/lerraclinic.com\/fr\/chirurgie-plastique\/body-plastic-surgery\/abdominoplasty\/\">Abdominoplastie<\/a><\/p>\n\n\n\n<p><a href=\"https:\/\/lerraclinic.com\/fr\/dental-treatment\/dental-veneers-and-lumineers\/\">Facettes dentaires et lumineers <\/a><\/p>\n\n\n\n<p><a href=\"https:\/\/lerraclinic.com\/fr\/dental-treatment\/hollywood-smile\/\">Sourire Hollywoodien <\/a><a href=\"https:\/\/lerraclinic.com\/fr\/dental-treatment\/dental-veneers-and-lumineers\/\" target=\"_blank\" rel=\"noreferrer noopener\"><br><\/a><br><br><br><\/p>\n","protected":false},"excerpt":{"rendered":"<p>Chirurgie de la sleeve gastrectomie en Turquie Le nombre de personnes ob\u00e8ses augmente dans le monde entier en raison de &#8230; <\/p>\n","protected":false},"author":2,"featured_media":4903,"parent":5022,"menu_order":0,"comment_status":"closed","ping_status":"closed","template":"","meta":{"_acf_changed":false,"footnotes":""},"class_list":["post-5161","page","type-page","status-publish","has-post-thumbnail","hentry"],"acf":[],"_links":{"self":[{"href":"https:\/\/lerraclinic.com\/fr\/wp-json\/wp\/v2\/pages\/5161","targetHints":{"allow":["GET"]}}],"collection":[{"href":"https:\/\/lerraclinic.com\/fr\/wp-json\/wp\/v2\/pages"}],"about":[{"href":"https:\/\/lerraclinic.com\/fr\/wp-json\/wp\/v2\/types\/page"}],"author":[{"embeddable":true,"href":"https:\/\/lerraclinic.com\/fr\/wp-json\/wp\/v2\/users\/2"}],"replies":[{"embeddable":true,"href":"https:\/\/lerraclinic.com\/fr\/wp-json\/wp\/v2\/comments?post=5161"}],"version-history":[{"count":15,"href":"https:\/\/lerraclinic.com\/fr\/wp-json\/wp\/v2\/pages\/5161\/revisions"}],"predecessor-version":[{"id":8098,"href":"https:\/\/lerraclinic.com\/fr\/wp-json\/wp\/v2\/pages\/5161\/revisions\/8098"}],"up":[{"embeddable":true,"href":"https:\/\/lerraclinic.com\/fr\/wp-json\/wp\/v2\/pages\/5022"}],"wp:featuredmedia":[{"embeddable":true,"href":"https:\/\/lerraclinic.com\/fr\/wp-json\/wp\/v2\/media\/4903"}],"wp:attachment":[{"href":"https:\/\/lerraclinic.com\/fr\/wp-json\/wp\/v2\/media?parent=5161"}],"curies":[{"name":"wp","href":"https:\/\/api.w.org\/{rel}","templated":true}]}}