{"id":5116,"date":"2024-07-23T07:19:37","date_gmt":"2024-07-23T07:19:37","guid":{"rendered":"https:\/\/lerraclinic.com\/?page_id=5116"},"modified":"2025-11-16T16:52:32","modified_gmt":"2025-11-16T16:52:32","slug":"body-plastic-surgery","status":"publish","type":"page","link":"https:\/\/lerraclinic.com\/fr\/plastic-surgery\/body-plastic-surgery\/","title":{"rendered":"Chirurgie plastique corporelle"},"content":{"rendered":"\n<h2 class=\"wp-block-heading\">Chirurgie plastique corporelle<\/h2>\n\n\n\n<div style=\"height:40px\" aria-hidden=\"true\" class=\"wp-block-spacer\"><\/div>\n\n\n\n<div class=\"wp-block-columns is-layout-flex wp-container-core-columns-is-layout-9d6595d7 wp-block-columns-is-layout-flex\">\n<div class=\"wp-block-column is-layout-flow wp-block-column-is-layout-flow\">\n<h2 class=\"wp-block-heading\">Lifting des bras (Brachioplastie)<\/h2>\n\n\n\n<p>Obtenez des bras plus fins et plus fermes gr\u00e2ce au lifting des bras. Cette intervention \u00e9limine l&rsquo;exc\u00e8s de peau et raffermit les tissus pour vous offrir un aspect tonique et une plus grande confiance en vous, en particulier avec des v\u00eatements sans manches.<\/p>\n\n\n\n<div class=\"wp-block-buttons is-layout-flex wp-block-buttons-is-layout-flex\">\n<div class=\"wp-block-button\"><a class=\"wp-block-button__link has-pw-main-background-color has-background wp-element-button\" href=\"https:\/\/lerraclinic.com\/fr\/plastic-surgery\/body-plastic-surgery\/arm-lift-surgery\/\" target=\"_blank\" rel=\"noreferrer noopener\"><strong>En savoir plus<\/strong><\/a><\/div>\n<\/div>\n<\/div>\n\n\n\n<div class=\"wp-block-column is-layout-flow wp-block-column-is-layout-flow\">\n<figure class=\"wp-block-image size-full is-resized\"><img loading=\"lazy\" decoding=\"async\" width=\"400\" height=\"400\" src=\"https:\/\/lerraclinic.com\/wp-content\/uploads\/2025\/05\/body-plastic-surgery-5-1.jpg\" alt=\"Chirurgie plastique corporelle\" class=\"wp-image-5089\" style=\"width:342px;height:auto\" srcset=\"https:\/\/lerraclinic.com\/wp-content\/uploads\/2025\/05\/body-plastic-surgery-5-1.jpg 400w, https:\/\/lerraclinic.com\/wp-content\/uploads\/2025\/05\/body-plastic-surgery-5-1-300x300.jpg 300w, https:\/\/lerraclinic.com\/wp-content\/uploads\/2025\/05\/body-plastic-surgery-5-1-150x150.jpg 150w\" sizes=\"auto, (max-width: 400px) 100vw, 400px\" \/><\/figure>\n<\/div>\n<\/div>\n\n\n\n<div class=\"wp-block-columns is-layout-flex wp-container-core-columns-is-layout-9d6595d7 wp-block-columns-is-layout-flex\">\n<div class=\"wp-block-column is-layout-flow wp-block-column-is-layout-flow\">\n<figure class=\"wp-block-image size-full is-resized\"><img loading=\"lazy\" decoding=\"async\" width=\"400\" height=\"400\" src=\"https:\/\/lerraclinic.com\/wp-content\/uploads\/2025\/05\/body-plastic-surgery-2-1.jpg\" alt=\"Chirurgie plastique corporelle\" class=\"wp-image-5080\" style=\"width:330px;height:auto\" srcset=\"https:\/\/lerraclinic.com\/wp-content\/uploads\/2025\/05\/body-plastic-surgery-2-1.jpg 400w, https:\/\/lerraclinic.com\/wp-content\/uploads\/2025\/05\/body-plastic-surgery-2-1-300x300.jpg 300w, https:\/\/lerraclinic.com\/wp-content\/uploads\/2025\/05\/body-plastic-surgery-2-1-150x150.jpg 150w\" sizes=\"auto, (max-width: 400px) 100vw, 400px\" \/><\/figure>\n<\/div>\n\n\n\n<div class=\"wp-block-column is-layout-flow wp-block-column-is-layout-flow\">\n<h2 class=\"wp-block-heading\">Brazilian Butt Lift (BBL)<\/h2>\n\n\n\n<p>Sublimez vos courbes naturelles avec le Brazilian Butt Lift. En utilisant votre propre graisse, cette proc\u00e9dure redonne du volume et du galbe aux fesses pour un r\u00e9sultat harmonieux et naturellement rehauss\u00e9.<\/p>\n\n\n\n<div class=\"wp-block-buttons is-layout-flex wp-block-buttons-is-layout-flex\">\n<div class=\"wp-block-button\"><a class=\"wp-block-button__link has-pw-main-background-color has-background wp-element-button\" href=\"https:\/\/lerraclinic.com\/fr\/plastic-surgery\/body-plastic-surgery\/brazilian-butt-lift\/\" target=\"_blank\" rel=\"noreferrer noopener\"><strong>En savoir plus<\/strong><\/a><\/div>\n<\/div>\n<\/div>\n<\/div>\n\n\n\n<div class=\"wp-block-columns is-layout-flex wp-container-core-columns-is-layout-9d6595d7 wp-block-columns-is-layout-flex\">\n<div class=\"wp-block-column is-layout-flow wp-block-column-is-layout-flow\">\n<h2 class=\"wp-block-heading\">Augmentation des fesses<\/h2>\n\n\n\n<p>Affichez une silhouette plus arrondie et mieux d\u00e9finie gr\u00e2ce \u00e0 l\u2019augmentation des fesses. Que ce soit par implants ou transfert de graisse, cette intervention met en valeur vos formes tout en renfor\u00e7ant votre confiance corporelle.<\/p>\n\n\n\n<div class=\"wp-block-buttons is-layout-flex wp-block-buttons-is-layout-flex\">\n<div class=\"wp-block-button\"><a class=\"wp-block-button__link has-pw-main-background-color has-background wp-element-button\" href=\"https:\/\/lerraclinic.com\/fr\/plastic-surgery\/body-plastic-surgery\/buttock-augmentation\/\" target=\"_blank\" rel=\"noreferrer noopener\"><strong>En savoir plus<\/strong><\/a><\/div>\n<\/div>\n<\/div>\n\n\n\n<div class=\"wp-block-column is-layout-flow wp-block-column-is-layout-flow\">\n<figure class=\"wp-block-image size-full is-resized\"><img loading=\"lazy\" decoding=\"async\" width=\"400\" height=\"400\" src=\"https:\/\/lerraclinic.com\/wp-content\/uploads\/2025\/05\/body-plastic-surgery-1-1.jpg\" alt=\"Chirurgie plastique corporelle\" class=\"wp-image-5077\" style=\"width:339px;height:auto\" srcset=\"https:\/\/lerraclinic.com\/wp-content\/uploads\/2025\/05\/body-plastic-surgery-1-1.jpg 400w, https:\/\/lerraclinic.com\/wp-content\/uploads\/2025\/05\/body-plastic-surgery-1-1-300x300.jpg 300w, https:\/\/lerraclinic.com\/wp-content\/uploads\/2025\/05\/body-plastic-surgery-1-1-150x150.jpg 150w\" sizes=\"auto, (max-width: 400px) 100vw, 400px\" \/><\/figure>\n<\/div>\n<\/div>\n\n\n\n<div class=\"wp-block-columns is-layout-flex wp-container-core-columns-is-layout-9d6595d7 wp-block-columns-is-layout-flex\">\n<div class=\"wp-block-column is-layout-flow wp-block-column-is-layout-flow\">\n<figure class=\"wp-block-image size-full is-resized\"><img loading=\"lazy\" decoding=\"async\" width=\"400\" height=\"400\" src=\"https:\/\/lerraclinic.com\/wp-content\/uploads\/2025\/05\/body-plastic-surgery-3-1.jpg\" alt=\"Chirurgie plastique corporelle\" class=\"wp-image-5083\" style=\"width:377px;height:auto\" srcset=\"https:\/\/lerraclinic.com\/wp-content\/uploads\/2025\/05\/body-plastic-surgery-3-1.jpg 400w, https:\/\/lerraclinic.com\/wp-content\/uploads\/2025\/05\/body-plastic-surgery-3-1-300x300.jpg 300w, https:\/\/lerraclinic.com\/wp-content\/uploads\/2025\/05\/body-plastic-surgery-3-1-150x150.jpg 150w\" sizes=\"auto, (max-width: 400px) 100vw, 400px\" \/><\/figure>\n<\/div>\n\n\n\n<div class=\"wp-block-column is-layout-flow wp-block-column-is-layout-flow\">\n<h2 class=\"wp-block-heading\">Liposuccion<\/h2>\n\n\n\n<p>Redessinez votre silhouette avec pr\u00e9cision gr\u00e2ce \u00e0 la liposuccion. Elle cible les zones de graisse tenaces pour un corps plus lisse, plus \u00e9quilibr\u00e9, difficile \u00e0 obtenir uniquement avec le sport et l\u2019alimentation.<\/p>\n\n\n\n<div class=\"wp-block-buttons is-layout-flex wp-block-buttons-is-layout-flex\">\n<div class=\"wp-block-button\"><a class=\"wp-block-button__link has-pw-main-background-color has-background wp-element-button\" href=\"https:\/\/lerraclinic.com\/fr\/plastic-surgery\/body-plastic-surgery\/liposuction\/\" target=\"_blank\" rel=\"noreferrer noopener\"><strong>En savoir plus<\/strong><\/a><\/div>\n<\/div>\n<\/div>\n<\/div>\n\n\n\n<p class=\"has-small-font-size\">Chirurgie plastique corporelle<\/p>\n\n\n\n<div class=\"wp-block-columns is-layout-flex wp-container-core-columns-is-layout-9d6595d7 wp-block-columns-is-layout-flex\">\n<div class=\"wp-block-column is-layout-flow wp-block-column-is-layout-flow\">\n<h2 class=\"wp-block-heading\">&nbsp;Chirurgie des abdominaux (Six-Pack)<\/h2>\n\n\n\n<p>Sculptez vos muscles abdominaux avec la chirurgie des six-pack. Cette technique innovante fait ressortir les abdos pour un ventre d\u00e9fini et athl\u00e9tique, reflet de votre engagement envers votre bien-\u00eatre.<\/p>\n\n\n\n<div class=\"wp-block-buttons is-layout-flex wp-block-buttons-is-layout-flex\">\n<div class=\"wp-block-button\"><a class=\"wp-block-button__link has-pw-main-background-color has-background wp-element-button\" href=\"https:\/\/lerraclinic.com\/fr\/plastic-surgery\/body-plastic-surgery\/six-pack-surgery\/\" target=\"_blank\" rel=\"noreferrer noopener\"><strong>En savoir plus<\/strong><\/a><\/div>\n<\/div>\n<\/div>\n\n\n\n<div class=\"wp-block-column is-layout-flow wp-block-column-is-layout-flow\">\n<figure class=\"wp-block-image size-full is-resized\"><img loading=\"lazy\" decoding=\"async\" width=\"400\" height=\"400\" src=\"https:\/\/lerraclinic.com\/wp-content\/uploads\/2025\/05\/body-plastic-surgery-4-1.jpg\" alt=\"Chirurgie plastique corporelle\" class=\"wp-image-5086\" style=\"width:373px;height:auto\" srcset=\"https:\/\/lerraclinic.com\/wp-content\/uploads\/2025\/05\/body-plastic-surgery-4-1.jpg 400w, https:\/\/lerraclinic.com\/wp-content\/uploads\/2025\/05\/body-plastic-surgery-4-1-300x300.jpg 300w, https:\/\/lerraclinic.com\/wp-content\/uploads\/2025\/05\/body-plastic-surgery-4-1-150x150.jpg 150w\" sizes=\"auto, (max-width: 400px) 100vw, 400px\" \/><\/figure>\n<\/div>\n<\/div>\n\n\n\n<div class=\"wp-block-columns is-layout-flex wp-container-core-columns-is-layout-9d6595d7 wp-block-columns-is-layout-flex\">\n<div class=\"wp-block-column is-layout-flow wp-block-column-is-layout-flow\">\n<figure class=\"wp-block-image size-full is-resized\"><img loading=\"lazy\" decoding=\"async\" width=\"400\" height=\"400\" src=\"https:\/\/lerraclinic.com\/wp-content\/uploads\/2025\/05\/body-plastic-surgery-6-1.jpg\" alt=\"Chirurgie plastique corporelle\" class=\"wp-image-5092\" style=\"width:388px;height:auto\" srcset=\"https:\/\/lerraclinic.com\/wp-content\/uploads\/2025\/05\/body-plastic-surgery-6-1.jpg 400w, https:\/\/lerraclinic.com\/wp-content\/uploads\/2025\/05\/body-plastic-surgery-6-1-300x300.jpg 300w, https:\/\/lerraclinic.com\/wp-content\/uploads\/2025\/05\/body-plastic-surgery-6-1-150x150.jpg 150w\" sizes=\"auto, (max-width: 400px) 100vw, 400px\" \/><\/figure>\n\n\n\n<p class=\"has-small-font-size\">Chirurgie plastique corporelle<\/p>\n<\/div>\n\n\n\n<div class=\"wp-block-column is-layout-flow wp-block-column-is-layout-flow\">\n<h2 class=\"wp-block-heading\">Abdominoplastie (Tummy Tuck)<\/h2>\n\n\n\n<p>Retrouvez un ventre plat et ferme gr\u00e2ce \u00e0 l\u2019abdominoplastie. Parfaite apr\u00e8s une perte de poids ou une grossesse, cette intervention raffermit les muscles et \u00e9limine l\u2019exc\u00e8s de peau pour une apparence tonique et confiante.<\/p>\n\n\n\n<div class=\"wp-block-buttons is-layout-flex wp-block-buttons-is-layout-flex\">\n<div class=\"wp-block-button\"><a class=\"wp-block-button__link has-pw-main-background-color has-background wp-element-button\" href=\"https:\/\/lerraclinic.com\/fr\/plastic-surgery\/body-plastic-surgery\/tummy-tuck\/\" target=\"_blank\" rel=\"noreferrer noopener\"><strong>En savoir plus<\/strong><\/a><\/div>\n<\/div>\n<\/div>\n<\/div>\n\n\n\n<div class=\"wp-block-columns has-pw-main-background-color has-background is-layout-flex wp-container-core-columns-is-layout-9d6595d7 wp-block-columns-is-layout-flex\">\n<div class=\"wp-block-column is-layout-flow wp-block-column-is-layout-flow\">\n<p class=\"has-pw-white-color has-text-color has-link-color has-medium-font-size wp-elements-c5a1edfb642fcc735fa2f87c61e767ba\">Contactez-nous d\u00e8s aujourd&rsquo;hui et profitez de la meilleure offre.<\/p>\n<\/div>\n\n\n\n<div class=\"wp-block-column is-layout-flow wp-block-column-is-layout-flow\" style=\"flex-basis:33.33%\">\n<div class=\"wp-block-buttons is-layout-flex wp-block-buttons-is-layout-flex\">\n<div class=\"wp-block-button has-custom-width wp-block-button__width-100 heart-beat\"><a class=\"wp-block-button__link has-pw-wts-background-color has-background wp-element-button\" href=\"https:\/\/wa.me\/905399268888\" target=\"_blank\" rel=\"noreferrer noopener\">WhatsApp<\/a><\/div>\n<\/div>\n<\/div>\n<\/div>\n","protected":false},"excerpt":{"rendered":"<p>Chirurgie plastique corporelle Lifting des bras (Brachioplastie) Obtenez des bras plus fins et plus fermes gr\u00e2ce au lifting des bras. &#8230; <\/p>\n","protected":false},"author":2,"featured_media":4261,"parent":4409,"menu_order":0,"comment_status":"closed","ping_status":"closed","template":"","meta":{"_acf_changed":false,"footnotes":""},"class_list":["post-5116","page","type-page","status-publish","has-post-thumbnail","hentry"],"acf":[],"_links":{"self":[{"href":"https:\/\/lerraclinic.com\/fr\/wp-json\/wp\/v2\/pages\/5116","targetHints":{"allow":["GET"]}}],"collection":[{"href":"https:\/\/lerraclinic.com\/fr\/wp-json\/wp\/v2\/pages"}],"about":[{"href":"https:\/\/lerraclinic.com\/fr\/wp-json\/wp\/v2\/types\/page"}],"author":[{"embeddable":true,"href":"https:\/\/lerraclinic.com\/fr\/wp-json\/wp\/v2\/users\/2"}],"replies":[{"embeddable":true,"href":"https:\/\/lerraclinic.com\/fr\/wp-json\/wp\/v2\/comments?post=5116"}],"version-history":[{"count":20,"href":"https:\/\/lerraclinic.com\/fr\/wp-json\/wp\/v2\/pages\/5116\/revisions"}],"predecessor-version":[{"id":7364,"href":"https:\/\/lerraclinic.com\/fr\/wp-json\/wp\/v2\/pages\/5116\/revisions\/7364"}],"up":[{"embeddable":true,"href":"https:\/\/lerraclinic.com\/fr\/wp-json\/wp\/v2\/pages\/4409"}],"wp:featuredmedia":[{"embeddable":true,"href":"https:\/\/lerraclinic.com\/fr\/wp-json\/wp\/v2\/media\/4261"}],"wp:attachment":[{"href":"https:\/\/lerraclinic.com\/fr\/wp-json\/wp\/v2\/media?parent=5116"}],"curies":[{"name":"wp","href":"https:\/\/api.w.org\/{rel}","templated":true}]}}