{"id":5022,"date":"2024-07-23T08:46:57","date_gmt":"2024-07-23T08:46:57","guid":{"rendered":"https:\/\/lerraclinic.com\/?page_id=5022"},"modified":"2025-11-23T17:49:20","modified_gmt":"2025-11-23T17:49:20","slug":"bariatric-surgery","status":"publish","type":"page","link":"https:\/\/lerraclinic.com\/fr\/bariatric-surgery\/","title":{"rendered":"Chirurgie Bariatrique"},"content":{"rendered":"\n<div class=\"wp-block-columns is-layout-flex wp-container-core-columns-is-layout-9d6595d7 wp-block-columns-is-layout-flex\">\n<div class=\"wp-block-column is-layout-flow wp-block-column-is-layout-flow\">\n<h2 class=\"wp-block-heading\"><strong>Chirurgie Bariatrique<\/strong><\/h2>\n\n\n\n<h3 class=\"wp-block-heading\">Une \u00e9tape d\u00e9cisive vers une vie plus saine<\/h3>\n\n\n\n<p>Si vous luttez depuis des ann\u00e9es pour perdre du poids et avez l\u2019impression d\u2019avoir tout essay\u00e9, la sleeve gastrique pourrait bien \u00eatre le nouveau d\u00e9part que vous attendiez. De nombreuses personnes constatent une transformation non seulement de leur corps, mais aussi de leur \u00e9nergie, de leur confiance en elles et de leur qualit\u00e9 de vie globale.<\/p>\n\n\n\n<div class=\"wp-block-buttons is-layout-flex wp-block-buttons-is-layout-flex\">\n<div class=\"wp-block-button\"><a class=\"wp-block-button__link has-pw-main-background-color has-background wp-element-button\" href=\"https:\/\/lerraclinic.com\/fr\/bariatric-surgery\/chirurgie-de-la-sleeve-gastrectomie\/\" target=\"_blank\" rel=\"noreferrer noopener\">En savoir plus<\/a><\/div>\n<\/div>\n<\/div>\n\n\n\n<div class=\"wp-block-column is-layout-flow wp-block-column-is-layout-flow\">\n<figure class=\"wp-block-image size-full\"><img loading=\"lazy\" decoding=\"async\" width=\"480\" height=\"429\" src=\"https:\/\/lerraclinic.com\/wp-content\/uploads\/2025\/05\/bariatric-surgery-1.webp\" alt=\"Bariatric Surgery\" class=\"wp-image-5012\" srcset=\"https:\/\/lerraclinic.com\/wp-content\/uploads\/2025\/05\/bariatric-surgery-1.webp 480w, https:\/\/lerraclinic.com\/wp-content\/uploads\/2025\/05\/bariatric-surgery-1-300x268.webp 300w\" sizes=\"auto, (max-width: 480px) 100vw, 480px\" \/><\/figure>\n<\/div>\n<\/div>\n\n\n\n<div class=\"wp-block-columns has-pw-main-background-color has-background is-layout-flex wp-container-core-columns-is-layout-9d6595d7 wp-block-columns-is-layout-flex\">\n<div class=\"wp-block-column is-layout-flow wp-block-column-is-layout-flow\">\n<p class=\"has-pw-white-color has-text-color has-link-color has-medium-font-size wp-elements-c5a1edfb642fcc735fa2f87c61e767ba\">Contactez-nous d\u00e8s aujourd&rsquo;hui et profitez de la meilleure offre.<\/p>\n<\/div>\n\n\n\n<div class=\"wp-block-column is-layout-flow wp-block-column-is-layout-flow\" style=\"flex-basis:33.33%\">\n<div class=\"wp-block-buttons is-layout-flex wp-block-buttons-is-layout-flex\">\n<div class=\"wp-block-button has-custom-width wp-block-button__width-100 heart-beat\"><a class=\"wp-block-button__link has-pw-wts-background-color has-background wp-element-button\" href=\"https:\/\/wa.me\/905399268888\" target=\"_blank\" rel=\"noreferrer noopener\">WhatsApp<\/a><\/div>\n<\/div>\n<\/div>\n<\/div>\n\n\n\n<p><a href=\"https:\/\/lerraclinic.com\/fr\/dental-treatment\/hollywood-smile\/zircon-crowns-for-teeth\/\">Couronnes dentaires en zirconium &#8211; Lerra Clinic &#8211; The Love of Change<\/a><\/p>\n","protected":false},"excerpt":{"rendered":"<p>Chirurgie Bariatrique Une \u00e9tape d\u00e9cisive vers une vie plus saine Si vous luttez depuis des ann\u00e9es pour perdre du poids &#8230; <\/p>\n","protected":false},"author":2,"featured_media":4258,"parent":0,"menu_order":0,"comment_status":"closed","ping_status":"closed","template":"","meta":{"_acf_changed":false,"footnotes":""},"class_list":["post-5022","page","type-page","status-publish","has-post-thumbnail","hentry"],"acf":[],"_links":{"self":[{"href":"https:\/\/lerraclinic.com\/fr\/wp-json\/wp\/v2\/pages\/5022","targetHints":{"allow":["GET"]}}],"collection":[{"href":"https:\/\/lerraclinic.com\/fr\/wp-json\/wp\/v2\/pages"}],"about":[{"href":"https:\/\/lerraclinic.com\/fr\/wp-json\/wp\/v2\/types\/page"}],"author":[{"embeddable":true,"href":"https:\/\/lerraclinic.com\/fr\/wp-json\/wp\/v2\/users\/2"}],"replies":[{"embeddable":true,"href":"https:\/\/lerraclinic.com\/fr\/wp-json\/wp\/v2\/comments?post=5022"}],"version-history":[{"count":10,"href":"https:\/\/lerraclinic.com\/fr\/wp-json\/wp\/v2\/pages\/5022\/revisions"}],"predecessor-version":[{"id":8086,"href":"https:\/\/lerraclinic.com\/fr\/wp-json\/wp\/v2\/pages\/5022\/revisions\/8086"}],"wp:featuredmedia":[{"embeddable":true,"href":"https:\/\/lerraclinic.com\/fr\/wp-json\/wp\/v2\/media\/4258"}],"wp:attachment":[{"href":"https:\/\/lerraclinic.com\/fr\/wp-json\/wp\/v2\/media?parent=5022"}],"curies":[{"name":"wp","href":"https:\/\/api.w.org\/{rel}","templated":true}]}}