{"id":4949,"date":"2024-07-22T18:29:38","date_gmt":"2024-07-22T18:29:38","guid":{"rendered":"https:\/\/lerraclinic.com\/?page_id=4949"},"modified":"2025-11-19T14:47:06","modified_gmt":"2025-11-19T14:47:06","slug":"gynecomastia","status":"publish","type":"page","link":"https:\/\/lerraclinic.com\/fr\/plastic-surgery\/breast-plastic-surgery\/gynecomastia\/","title":{"rendered":"Chirurgie de la Gyn\u00e9comastie en Turquie"},"content":{"rendered":"\n<p>La gyn\u00e9comastie est une modification du sein masculin qui entra\u00eene une augmentation anormale de sa taille. Bien que la gyn\u00e9comastie ne pr\u00e9sente aucun risque pour la sant\u00e9 physique d\u2019un homme, ce changement peut provoquer des troubles psychologiques.<\/p>\n\n\n\n<p>Les hommes souffrant de gyn\u00e9comastie peuvent d\u00e9velopper des complexes affectant leur vie sociale, \u00e9vitant des activit\u00e9s simples comme faire du sport ou aller \u00e0 la plage. La Clinique Lerra dissipe tous les doutes en passant en revue chaque d\u00e9tail important.<\/p>\n\n\n\n<div class=\"wp-block-rank-math-toc-block\" id=\"rank-math-toc\"><h2>Table des mati\u00e8res<\/h2><nav><ul><li class=\"\"><a href=\"#quest-ce-que-la-gynecomastie\">Qu&rsquo;est-ce que la Gyn\u00e9comastie ?<\/a><\/li><li class=\"\"><a href=\"#signes-symptomes-et-impact-de-la-gynecomastie\">Signes, Sympt\u00f4mes et Impact de la Gyn\u00e9comastie<\/a><\/li><li class=\"\"><a href=\"#types-d-intervention-pour-la-gynecomastie\">Types d&rsquo;Intervention pour la Gyn\u00e9comastie<\/a><\/li><li class=\"\"><a href=\"#bons-candidats-pour-la-chirurgie-de-la-gynecomastie\">Bons Candidats pour la Chirurgie de la Gyn\u00e9comastie<\/a><\/li><li class=\"\"><a href=\"#quel-est-le-cout-dune-chirurgie-de-gynecomastie-en-turquie\">Quel est le Co\u00fbt d&rsquo;une Chirurgie de Gyn\u00e9comastie en Turquie ?<\/a><\/li><li class=\"\"><a href=\"#focus-sur-la-gynecomastie-en-turquie-a-la-clinique-lerra\">Focus sur la Gyn\u00e9comastie en Turquie \u00e0 la Clinique Lerra<\/a><\/li><li class=\"\"><a href=\"#quels-sont-les-avantages-et-les-inconvenients-de-la-chirurgie-de-gynecomastie-en-turquie\">Quels sont les Avantages et les Inconv\u00e9nients de la Chirurgie de Gyn\u00e9comastie en Turquie ?<\/a><\/li><li class=\"\"><a href=\"#calendrier-de-recuperation-apres-une-chirurgie-de-gynecomastie\">Calendrier de R\u00e9cup\u00e9ration apr\u00e8s une Chirurgie de Gyn\u00e9comastie<\/a><\/li><li class=\"\"><a href=\"#reservez-votre-chirurgie-de-la-gynecomastie-en-turquie-des-aujourdhui-a-la-clinique-lerra\">R\u00e9servez votre Chirurgie de la Gyn\u00e9comastie en Turquie d\u00e8s Aujourd&rsquo;hui \u00e0 la Clinique Lerra<\/a><\/li><\/ul><\/nav><\/div>\n\n\n\n<h2 class=\"wp-block-heading\" id=\"quest-ce-que-la-gynecomastie\">Qu&rsquo;est-ce que la Gyn\u00e9comastie ?<\/h2>\n\n\n\n<figure class=\"wp-block-image size-full\"><img loading=\"lazy\" decoding=\"async\" width=\"600\" height=\"317\" src=\"https:\/\/mehdemohamad.com\/new-themes\/lerraclinic\/wp-content\/uploads\/2024\/07\/gynecomastia-surgery.webp\" alt=\"Chirurgie de la Gyn\u00e9comastie en Turquie\" class=\"wp-image-718\" srcset=\"https:\/\/lerraclinic.com\/wp-content\/uploads\/2024\/07\/gynecomastia-surgery.webp 600w, https:\/\/lerraclinic.com\/wp-content\/uploads\/2024\/07\/gynecomastia-surgery-300x159.webp 300w\" sizes=\"auto, (max-width: 600px) 100vw, 600px\" \/><\/figure>\n\n\n\n<p>La gyn\u00e9comastie d\u00e9signe le d\u00e9veloppement exag\u00e9r\u00e9 des seins chez l&rsquo;homme. Cette condition affecte entre 40 et 60 % des hommes et peut concerner un seul sein ou les deux. Les hommes pr\u00e9sentant un volume important au niveau de la poitrine peuvent ressentir une g\u00eane esth\u00e9tique et renvoyer une image d\u2019imperfection que beaucoup souhaitent changer. Gr\u00e2ce \u00e0 une chirurgie de la gyn\u00e9comastie en Turquie, le patient retrouve un torse ferme et masculin.<\/p>\n\n\n\n<h2 class=\"wp-block-heading\" id=\"signes-symptomes-et-impact-de-la-gynecomastie\">Signes, Sympt\u00f4mes et Impact de la Gyn\u00e9comastie<\/h2>\n\n\n\n<p>La gyn\u00e9comastie est une affection fr\u00e9quente chez les hommes de tout \u00e2ge, pouvant r\u00e9sulter de changements hormonaux, de l&rsquo;h\u00e9r\u00e9dit\u00e9, de maladies ou de l&rsquo;utilisation de certains m\u00e9dicaments. Elle peut provoquer une g\u00eane \u00e9motionnelle et miner la confiance en soi. Certains hommes \u00e9vitent certaines activit\u00e9s physiques uniquement pour dissimuler leur condition.<\/p>\n\n\n\n<p>Elle se caract\u00e9rise par :<\/p>\n\n\n\n<ul class=\"wp-block-list\">\n<li>Un exc\u00e8s de graisse localis\u00e9e.<\/li>\n\n\n\n<li>Un d\u00e9veloppement excessif du tissu glandulaire.<\/li>\n\n\n\n<li>Une combinaison des deux : tissu adipeux et tissu glandulaire en exc\u00e8s.<\/li>\n<\/ul>\n\n\n\n<p>La gyn\u00e9comastie peut appara\u00eetre de mani\u00e8re unilat\u00e9rale ou bilat\u00e9rale.<\/p>\n\n\n\n<h2 class=\"wp-block-heading\" id=\"types-d-intervention-pour-la-gynecomastie\">Types d&rsquo;Intervention pour la Gyn\u00e9comastie<\/h2>\n\n\n\n<p>Lors de votre consultation, nous vous mettrons \u00e0 l&rsquo;aise en expliquant les objectifs de l&rsquo;intervention et les r\u00e9sultats attendus. Votre chirurgien \u00e9valuera votre anatomie existante pour d\u00e9terminer la cause de l\u2019augmentation de votre poitrine.<\/p>\n\n\n\n<h3 class=\"wp-block-heading\">1. Liposuccion<\/h3>\n\n\n\n<p>Si la gyn\u00e9comastie est principalement caus\u00e9e par une hypertrophie du tissu adipeux, votre chirurgien plasticien vous recommandera une proc\u00e9dure de liposuccion.<br>La liposuccion permet de retirer les d\u00e9p\u00f4ts localis\u00e9s ind\u00e9sirables de cellules graisseuses du corps. Une canule est ins\u00e9r\u00e9e \u00e0 travers une petite incision pour extraire l&rsquo;exc\u00e8s de graisse. Le r\u00e9sultat est un remodelage thoracique aux contours plus harmonieux.<\/p>\n\n\n\n<h3 class=\"wp-block-heading\">2. Excision Chirurgicale Traditionnelle<\/h3>\n\n\n\n<p>Si la gyn\u00e9comastie est due \u00e0 un trouble glandulaire plut\u00f4t qu\u2019\u00e0 un exc\u00e8s de tissu adipeux, la seule liposuccion ne sera probablement pas suffisante.<br>Une excision chirurgicale classique pourra \u00eatre la meilleure option.<\/p>\n\n\n\n<p>L\u2019excision peut \u00eatre r\u00e9alis\u00e9e seule ou en association avec la liposuccion. Typiquement, l&rsquo;incision est plac\u00e9e au bord de l&rsquo;ar\u00e9ole (la zone color\u00e9e autour du mamelon) ou dans la r\u00e9gion de l&rsquo;aisselle.<br>Votre chirurgien travaillera \u00e0 travers ces incisions pour retirer l\u2019exc\u00e8s de tissu glandulaire, de graisse et de peau mammaire.<\/p>\n\n\n\n<h2 class=\"wp-block-heading\" id=\"bons-candidats-pour-la-chirurgie-de-la-gynecomastie\">Bons Candidats pour la Chirurgie de la Gyn\u00e9comastie<\/h2>\n\n\n\n<figure class=\"wp-block-image size-large is-resized\"><img loading=\"lazy\" decoding=\"async\" width=\"1024\" height=\"766\" src=\"https:\/\/lerraclinic.com\/wp-content\/uploads\/2025\/04\/Gynecomastia-4-1024x766.jpg\" alt=\"Chirurgie de la Gyn\u00e9comastie en Turquie\" class=\"wp-image-4629\" style=\"width:635px;height:auto\" srcset=\"https:\/\/lerraclinic.com\/wp-content\/uploads\/2025\/04\/Gynecomastia-4-1024x766.jpg 1024w, https:\/\/lerraclinic.com\/wp-content\/uploads\/2025\/04\/Gynecomastia-4-300x224.jpg 300w, https:\/\/lerraclinic.com\/wp-content\/uploads\/2025\/04\/Gynecomastia-4-768x575.jpg 768w, https:\/\/lerraclinic.com\/wp-content\/uploads\/2025\/04\/Gynecomastia-4-1536x1149.jpg 1536w, https:\/\/lerraclinic.com\/wp-content\/uploads\/2025\/04\/Gynecomastia-4.jpg 1700w\" sizes=\"auto, (max-width: 1024px) 100vw, 1024px\" \/><\/figure>\n\n\n\n<p>Les candidats id\u00e9aux pour cette intervention sont des hommes de tout \u00e2ge, ayant une vie saine et stable.<br>Cette chirurgie n\u2019est pas recommand\u00e9e pour les hommes ob\u00e8ses ou en surpoids, ni pour ceux qui ont tent\u00e9 de r\u00e9soudre ce probl\u00e8me par l&rsquo;exercice physique sans succ\u00e8s.<\/p>\n\n\n\n<p>Il est \u00e9galement d\u00e9conseill\u00e9 aux hommes consommant des st\u00e9ro\u00efdes anabolisants de subir cette intervention, car ces substances peuvent provoquer une gyn\u00e9comastie. Il est donc recommand\u00e9 d&rsquo;arr\u00eater leur consommation pendant un certain temps pour voir si la taille des seins diminue naturellement.<\/p>\n\n\n\n<p>Si vous pr\u00e9sentez un d\u00e9veloppement anormal des seins et souhaitez r\u00e9duire leur volume, demandez une consultation gratuite avec notre chirurgien plasticien en Turquie pour une \u00e9valuation personnalis\u00e9e.<br>Il vous informera sur vos options et sur les r\u00e9sultats que vous pouvez obtenir gr\u00e2ce \u00e0 une chirurgie de la gyn\u00e9comastie en Turquie.<\/p>\n\n\n\n<h2 class=\"wp-block-heading\" id=\"quel-est-le-cout-dune-chirurgie-de-gynecomastie-en-turquie\">Quel est le Co\u00fbt d&rsquo;une Chirurgie de Gyn\u00e9comastie en Turquie ?<\/h2>\n\n\n\n<p>Les co\u00fbts de la chirurgie de la gyn\u00e9comastie \u00e0 Istanbul, en Turquie, peuvent varier en fonction de plusieurs crit\u00e8res, tels que la complexit\u00e9 de l\u2019op\u00e9ration, le niveau d\u2019expertise et la r\u00e9putation du chirurgien, la localisation et la cr\u00e9dibilit\u00e9 de la clinique ou de l\u2019h\u00f4pital, ainsi que les services inclus dans le forfait.<br>Veuillez noter que les estimations suivantes sont des moyennes susceptibles de changer :<\/p>\n\n\n\n<p>En g\u00e9n\u00e9ral, une chirurgie de la gyn\u00e9comastie \u00e0 Istanbul co\u00fbte entre <strong>2 000 et 4 500 dollars<\/strong>.<br>Ce prix comprend g\u00e9n\u00e9ralement :<\/p>\n\n\n\n<ul class=\"wp-block-list\">\n<li>Les honoraires du chirurgien,<\/li>\n\n\n\n<li>L\u2019anesth\u00e9sie,<\/li>\n\n\n\n<li>Les frais d\u2019hospitalisation ou de clinique,<\/li>\n\n\n\n<li>Les v\u00eatements post-op\u00e9ratoires,<\/li>\n\n\n\n<li>Les consultations de suivi.<\/li>\n<\/ul>\n\n\n\n<p>\u26a1 Cependant, il est important de noter que ce tarif initial peut ne pas couvrir certains frais futurs :<\/p>\n\n\n\n<ul class=\"wp-block-list\">\n<li>Tests pr\u00e9op\u00e9ratoires,<\/li>\n\n\n\n<li>M\u00e9dicaments prescrits,<\/li>\n\n\n\n<li>Soins de r\u00e9cup\u00e9ration,<\/li>\n\n\n\n<li>Complications ou ajustements \u00e9ventuels.<\/li>\n<\/ul>\n\n\n\n<p>Pour obtenir un devis pr\u00e9cis et comprendre l\u2019\u00e9tendue du traitement, nous vous invitons \u00e0 nous consulter.<br>Nous proposons des <strong>forfaits sp\u00e9ciaux pour les patients internationaux<\/strong>, incluant :<\/p>\n\n\n\n<ul class=\"wp-block-list\">\n<li>L&rsquo;h\u00e9bergement,<\/li>\n\n\n\n<li>Le transport depuis\/vers l&rsquo;a\u00e9roport,<\/li>\n\n\n\n<li>Et des services d\u2019assistance suppl\u00e9mentaires.<\/li>\n<\/ul>\n\n\n\n<h2 class=\"wp-block-heading\" id=\"focus-sur-la-gynecomastie-en-turquie-a-la-clinique-lerra\">Focus sur la Gyn\u00e9comastie en Turquie \u00e0 la Clinique Lerra<\/h2>\n\n\n\n<figure class=\"wp-block-image size-large\"><img loading=\"lazy\" decoding=\"async\" width=\"1024\" height=\"683\" src=\"https:\/\/lerraclinic.com\/wp-content\/uploads\/2025\/04\/Gynecomastia-5-1024x683.jpg\" alt=\"Chirurgie de la Gyn\u00e9comastie en Turquie\" class=\"wp-image-4632\" srcset=\"https:\/\/lerraclinic.com\/wp-content\/uploads\/2025\/04\/Gynecomastia-5-1024x683.jpg 1024w, https:\/\/lerraclinic.com\/wp-content\/uploads\/2025\/04\/Gynecomastia-5-300x200.jpg 300w, https:\/\/lerraclinic.com\/wp-content\/uploads\/2025\/04\/Gynecomastia-5-768x512.jpg 768w, https:\/\/lerraclinic.com\/wp-content\/uploads\/2025\/04\/Gynecomastia-5-1536x1024.jpg 1536w, https:\/\/lerraclinic.com\/wp-content\/uploads\/2025\/04\/Gynecomastia-5-2048x1366.jpg 2048w\" sizes=\"auto, (max-width: 1024px) 100vw, 1024px\" \/><\/figure>\n\n\n\n<p>La chirurgie des seins masculins en Turquie, techniquement appel\u00e9e chirurgie de la gyn\u00e9comastie, vise \u00e0 r\u00e9duire l&rsquo;exc\u00e8s de tissu mammaire et \u00e0 am\u00e9liorer le contour de la poitrine.<br>Dans les cas s\u00e9v\u00e8res de gyn\u00e9comastie, un exc\u00e8s de tissu mammaire peut provoquer un affaissement de la poitrine et une augmentation de la taille de l&rsquo;ar\u00e9ole (la peau fonc\u00e9e autour du mamelon). Dans ces situations, la position et la taille de l&rsquo;ar\u00e9ole peuvent \u00eatre chirurgicalement corrig\u00e9es, et l\u2019exc\u00e9dent de peau peut \u00eatre retir\u00e9.<\/p>\n\n\n\n<p>Voici comment la Clinique Lerra r\u00e9alise une chirurgie de gyn\u00e9comastie en Turquie :<\/p>\n\n\n\n<h3 class=\"wp-block-heading\">\u00c9tape 1 : Anesth\u00e9sie<\/h3>\n\n\n\n<p>Une anesth\u00e9sie est administr\u00e9e pour assurer votre confort pendant l\u2019intervention.<br>Les options comprennent :<\/p>\n\n\n\n<ul class=\"wp-block-list\">\n<li>La s\u00e9dation intraveineuse,<\/li>\n\n\n\n<li>Ou l\u2019anesth\u00e9sie g\u00e9n\u00e9rale.<\/li>\n<\/ul>\n\n\n\n<p>La m\u00e9thode la plus appropri\u00e9e pour votre cas vous sera recommand\u00e9e.<\/p>\n\n\n\n<h3 class=\"wp-block-heading\">\u00c9tape 2 : Incisions et Liposuccion<\/h3>\n\n\n\n<p>L\u2019incision est g\u00e9n\u00e9ralement semi-circulaire, et parfois en forme de \u00ab Z \u00bb, selon la taille de l\u2019ar\u00e9ole.<br>Dans les cas o\u00f9 la gyn\u00e9comastie est principalement due \u00e0 un exc\u00e8s de tissu adipeux, seules les techniques de liposuccion sont utilis\u00e9es.<br>Cela implique l\u2019insertion d\u2019une canule \u00e9mouss\u00e9e, un tube mince et creux, \u00e0 travers une petite incision.<br>La canule est d\u00e9plac\u00e9e de mani\u00e8re contr\u00f4l\u00e9e pour d\u00e9tacher l&rsquo;exc\u00e8s de graisse, qui est ensuite aspir\u00e9 hors du corps.<\/p>\n\n\n\n<p>Plusieurs techniques de liposuccion peuvent \u00eatre utilis\u00e9es selon votre cas.<\/p>\n\n\n\n<h3 class=\"wp-block-heading\">\u00c9tape 3 : Excision<\/h3>\n\n\n\n<p>Les techniques d\u2019excision sont recommand\u00e9es lorsque :<\/p>\n\n\n\n<ul class=\"wp-block-list\">\n<li>Le tissu glandulaire doit \u00eatre retir\u00e9,<\/li>\n\n\n\n<li>Ou lorsqu&rsquo;un exc\u00e8s de peau doit \u00eatre corrig\u00e9.<\/li>\n<\/ul>\n\n\n\n<p>L\u2019excision est \u00e9galement n\u00e9cessaire si :<\/p>\n\n\n\n<ul class=\"wp-block-list\">\n<li>L&rsquo;ar\u00e9ole doit \u00eatre r\u00e9duite,<\/li>\n\n\n\n<li>Ou si le mamelon doit \u00eatre repositionn\u00e9 pour obtenir un contour naturel.<\/li>\n<\/ul>\n\n\n\n<p>Parfois, une combinaison de liposuccion et d\u2019excision est utilis\u00e9e pour traiter la gyn\u00e9comastie.<\/p>\n\n\n\n<h3 class=\"wp-block-heading\">\u00c9tape 4 : Apr\u00e8s l\u2019Op\u00e9ration<\/h3>\n\n\n\n<p>Apr\u00e8s l\u2019intervention :<\/p>\n\n\n\n<ul class=\"wp-block-list\">\n<li>Un pansement recouvre vos incisions,<\/li>\n\n\n\n<li>Et un bandage \u00e9lastique ou un maillage est utilis\u00e9 pour r\u00e9duire l\u2019enflure et soutenir la zone op\u00e9r\u00e9e.<\/li>\n<\/ul>\n\n\n\n<p>Un drain peut \u00eatre temporairement plac\u00e9 sous la peau pour \u00e9vacuer l\u2019exc\u00e8s de sang et de liquide accumul\u00e9.<\/p>\n\n\n\n<h2 class=\"wp-block-heading\" id=\"quels-sont-les-avantages-et-les-inconvenients-de-la-chirurgie-de-gynecomastie-en-turquie\">Quels sont les Avantages et les Inconv\u00e9nients de la Chirurgie de Gyn\u00e9comastie en Turquie ?<\/h2>\n\n\n\n<h3 class=\"wp-block-heading\">Avantages de la chirurgie de la gyn\u00e9comastie en Turquie :<\/h3>\n\n\n\n<ul class=\"wp-block-list\">\n<li>Vous vous sentirez plus confiant et plus \u00e0 l&rsquo;aise en r\u00e9v\u00e9lant la forme de votre r\u00e9gion pectorale.<\/li>\n\n\n\n<li>Vous n&rsquo;aurez plus de complexes en portant des v\u00eatements plus ajust\u00e9s.<\/li>\n\n\n\n<li>Augmentation de la confiance en soi dans les interactions sociales.<\/li>\n\n\n\n<li>Le r\u00e9sultat est g\u00e9n\u00e9ralement permanent.<\/li>\n<\/ul>\n\n\n\n<h3 class=\"wp-block-heading\">Inconv\u00e9nients de la chirurgie de la gyn\u00e9comastie en Turquie :<\/h3>\n\n\n\n<ul class=\"wp-block-list\">\n<li>La chirurgie de la gyn\u00e9comastie entra\u00eene la formation de cicatrices, bien qu&rsquo;elles soient g\u00e9n\u00e9ralement \u00e0 peine visibles.<\/li>\n\n\n\n<li>Une prise de poids importante peut r\u00e9duire les am\u00e9liorations obtenues par l\u2019intervention.<\/li>\n<\/ul>\n\n\n\n<h2 class=\"wp-block-heading\" id=\"calendrier-de-recuperation-apres-une-chirurgie-de-gynecomastie\">Calendrier de R\u00e9cup\u00e9ration apr\u00e8s une Chirurgie de Gyn\u00e9comastie<\/h2>\n\n\n\n<p>Comme partout ailleurs, la r\u00e9cup\u00e9ration apr\u00e8s une chirurgie de la gyn\u00e9comastie en Turquie suit un processus de gu\u00e9rison personnel.<br>Veuillez noter que les d\u00e9lais de r\u00e9cup\u00e9ration peuvent varier selon plusieurs facteurs, notamment :<\/p>\n\n\n\n<ul class=\"wp-block-list\">\n<li>Le type de chirurgie r\u00e9alis\u00e9,<\/li>\n\n\n\n<li>La capacit\u00e9 naturelle de gu\u00e9rison du patient,<\/li>\n\n\n\n<li>Et les recommandations pr\u00e9cises de votre chirurgien.<\/li>\n<\/ul>\n\n\n\n<p>Pour des r\u00e9sultats optimaux, il est essentiel de suivre attentivement les consignes post-op\u00e9ratoires de votre chirurgien. Voici un aper\u00e7u g\u00e9n\u00e9ral du processus de r\u00e9cup\u00e9ration :<\/p>\n\n\n\n<h3 class=\"wp-block-heading\">1 \u2014 Imm\u00e9diatement Apr\u00e8s l&rsquo;Op\u00e9ration :<\/h3>\n\n\n\n<ul class=\"wp-block-list\">\n<li>Vous devrez probablement rester quelque temps en salle de r\u00e9veil pour \u00eatre surveill\u00e9 pendant que l&rsquo;anesth\u00e9sie se dissipe.<\/li>\n\n\n\n<li>Vous pourrez ressentir une g\u00eane, un gonflement et m\u00eame des douleurs.<\/li>\n\n\n\n<li>Votre chirurgien vous prescrira des antalgiques pour vous soulager.<\/li>\n<\/ul>\n\n\n\n<h3 class=\"wp-block-heading\">2 \u2014 Premiers Jours Apr\u00e8s l&rsquo;Op\u00e9ration :<\/h3>\n\n\n\n<ul class=\"wp-block-list\">\n<li>Une personne devra vous accompagner pour votre retour \u00e0 domicile et rester avec vous durant les premi\u00e8res 24 heures.<\/li>\n\n\n\n<li>Les ecchymoses (bleus) et le gonflement sont normaux et atteignent g\u00e9n\u00e9ralement leur pic dans les premiers jours suivant l&rsquo;intervention.<\/li>\n\n\n\n<li>Il vous sera recommand\u00e9 de porter un v\u00eatement de compression pour soutenir la zone op\u00e9r\u00e9e et r\u00e9duire l\u2019enflure.<\/li>\n\n\n\n<li>Suivez attentivement les consignes d\u2019hygi\u00e8ne et de soins des plaies pour minimiser les risques d&rsquo;infection.<\/li>\n<\/ul>\n\n\n\n<h3 class=\"wp-block-heading\">3 \u2014 Premi\u00e8re Semaine :<\/h3>\n\n\n\n<ul class=\"wp-block-list\">\n<li>La plupart des patients peuvent reprendre des activit\u00e9s l\u00e9g\u00e8res apr\u00e8s quelques jours.<\/li>\n\n\n\n<li>\u00c9vitez cependant les efforts excessifs et les activit\u00e9s intenses, conform\u00e9ment aux recommandations de votre chirurgien.<\/li>\n\n\n\n<li>Respectez tous vos rendez-vous de suivi pour contr\u00f4ler la bonne \u00e9volution de votre gu\u00e9rison.<\/li>\n<\/ul>\n\n\n\n<h3 class=\"wp-block-heading\">4 \u2014 Premi\u00e8res Semaines :<\/h3>\n\n\n\n<ul class=\"wp-block-list\">\n<li>Au fil des semaines, vous constaterez une am\u00e9lioration progressive de la zone op\u00e9r\u00e9e, avec une diminution de la douleur et du gonflement.<\/li>\n\n\n\n<li>Continuez \u00e0 porter le v\u00eatement de compression comme prescrit.<\/li>\n\n\n\n<li>\u00c9vitez l&rsquo;exposition directe des cicatrices au soleil pour pr\u00e9venir des modifications de pigmentation.<\/li>\n<\/ul>\n\n\n\n<h3 class=\"wp-block-heading\">5 \u2014 Premiers Mois :<\/h3>\n\n\n\n<ul class=\"wp-block-list\">\n<li>Apr\u00e8s plusieurs mois, les cicatrices continueront de s\u2019att\u00e9nuer.<\/li>\n\n\n\n<li>L\u2019utilisation de cr\u00e8mes ou de traitements sp\u00e9cifiques, recommand\u00e9s par votre chirurgien, peut am\u00e9liorer l&rsquo;apparence des cicatrices.<\/li>\n\n\n\n<li>La plupart des patients peuvent reprendre des activit\u00e9s physiques l\u00e9g\u00e8res au bout d&rsquo;un mois, mais les exercices intensifs doivent encore \u00eatre limit\u00e9s.<\/li>\n<\/ul>\n\n\n\n<h3 class=\"wp-block-heading\">6 \u2014 R\u00e9cup\u00e9ration Compl\u00e8te :<\/h3>\n\n\n\n<ul class=\"wp-block-list\">\n<li>La r\u00e9cup\u00e9ration compl\u00e8te peut prendre plusieurs mois \u00e0 un an, selon la profondeur des incisions et votre capacit\u00e9 de gu\u00e9rison.<\/li>\n\n\n\n<li>Respectez toujours les consignes donn\u00e9es par votre chirurgien concernant la reprise totale de vos activit\u00e9s, y compris sportives.<\/li>\n<\/ul>\n\n\n\n<p>\u26a1 Il est important de noter que, bien que la plupart des patients se r\u00e9tablissent sans complications, certains risques existent.<br>En cas de douleurs s\u00e9v\u00e8res, saignements abondants, signes d&rsquo;infection ou autres sympt\u00f4mes inqui\u00e9tants, contactez imm\u00e9diatement votre chirurgien.<\/p>\n\n\n\n<h2 class=\"wp-block-heading\" id=\"reservez-votre-chirurgie-de-la-gynecomastie-en-turquie-des-aujourdhui-a-la-clinique-lerra\">R\u00e9servez votre Chirurgie de la Gyn\u00e9comastie en Turquie d\u00e8s Aujourd&rsquo;hui \u00e0 la Clinique Lerra<\/h2>\n\n\n\n<p>Notre \u00e9quipe d\u00e9di\u00e9e de chirurgiens exp\u00e9riment\u00e9s et de professionnels de la sant\u00e9 est pr\u00eate \u00e0 vous accompagner tout au long de votre parcours de chirurgie de la gyn\u00e9comastie en Turquie.<br>La Clinique Lerra allie l\u2019art de l\u2019esth\u00e9tique et la science de la chirurgie pour vous offrir des r\u00e9sultats exceptionnels en chirurgie plastique, ainsi qu\u2019une prise en charge personnalis\u00e9e et attentive.<\/p>\n\n\n\n<p>Nous nous engageons \u00e0 vous fournir une exp\u00e9rience s\u00fbre, confortable et ax\u00e9e sur vos besoins esth\u00e9tiques sp\u00e9cifiques.<br>Prenez rendez-vous d\u00e8s aujourd&rsquo;hui pour une consultation gratuite et d\u00e9couvrez comment nous pouvons vous aider \u00e0 retrouver confiance en vous avec un torse redessin\u00e9 et harmonieux.<\/p>\n\n\n\n<div class=\"wp-block-columns has-pw-main-background-color has-background is-layout-flex wp-container-core-columns-is-layout-9d6595d7 wp-block-columns-is-layout-flex\">\n<div class=\"wp-block-column is-layout-flow wp-block-column-is-layout-flow\">\n<p class=\"has-pw-white-color has-text-color has-link-color has-medium-font-size wp-elements-e21f7d9bbcff695092c9c53a5deb76c8\">contactez-nous aujourd&rsquo;hui et obtenez la meilleure offre!<\/p>\n<\/div>\n\n\n\n<div class=\"wp-block-column is-layout-flow wp-block-column-is-layout-flow\">\n<div class=\"wp-block-buttons is-layout-flex wp-block-buttons-is-layout-flex\">\n<div class=\"wp-block-button has-custom-width wp-block-button__width-100 is-style-fill\"><a class=\"wp-block-button__link has-pw-wts-background-color has-background wp-element-button\" href=\"https:\/\/wa.me\/905399268888\" style=\"border-radius:5px\" target=\"_blank\" rel=\"noopener\">WhatsApp direct<\/a><\/div>\n<\/div>\n<\/div>\n<\/div>\n\n\n\n<p><a href=\"https:\/\/lerraclinic.com\/fr\/plastic-surgery\/breast-plastic-surgery\/breast-augmentation\/\">Augmentation Mammaire <\/a><\/p>\n\n\n\n<p><a href=\"https:\/\/lerraclinic.com\/fr\/plastic-surgery\/breast-plastic-surgery\/breast-lift\/\">Lifting des seins <\/a><\/p>\n","protected":false},"excerpt":{"rendered":"<p>La gyn\u00e9comastie est une modification du sein masculin qui entra\u00eene une augmentation anormale de sa taille. Bien que la gyn\u00e9comastie &#8230; <\/p>\n","protected":false},"author":1,"featured_media":4260,"parent":5396,"menu_order":0,"comment_status":"closed","ping_status":"closed","template":"","meta":{"_acf_changed":false,"footnotes":""},"class_list":["post-4949","page","type-page","status-publish","has-post-thumbnail","hentry"],"acf":[],"_links":{"self":[{"href":"https:\/\/lerraclinic.com\/fr\/wp-json\/wp\/v2\/pages\/4949","targetHints":{"allow":["GET"]}}],"collection":[{"href":"https:\/\/lerraclinic.com\/fr\/wp-json\/wp\/v2\/pages"}],"about":[{"href":"https:\/\/lerraclinic.com\/fr\/wp-json\/wp\/v2\/types\/page"}],"author":[{"embeddable":true,"href":"https:\/\/lerraclinic.com\/fr\/wp-json\/wp\/v2\/users\/1"}],"replies":[{"embeddable":true,"href":"https:\/\/lerraclinic.com\/fr\/wp-json\/wp\/v2\/comments?post=4949"}],"version-history":[{"count":3,"href":"https:\/\/lerraclinic.com\/fr\/wp-json\/wp\/v2\/pages\/4949\/revisions"}],"predecessor-version":[{"id":7614,"href":"https:\/\/lerraclinic.com\/fr\/wp-json\/wp\/v2\/pages\/4949\/revisions\/7614"}],"up":[{"embeddable":true,"href":"https:\/\/lerraclinic.com\/fr\/wp-json\/wp\/v2\/pages\/5396"}],"wp:featuredmedia":[{"embeddable":true,"href":"https:\/\/lerraclinic.com\/fr\/wp-json\/wp\/v2\/media\/4260"}],"wp:attachment":[{"href":"https:\/\/lerraclinic.com\/fr\/wp-json\/wp\/v2\/media?parent=4949"}],"curies":[{"name":"wp","href":"https:\/\/api.w.org\/{rel}","templated":true}]}}