{"id":4902,"date":"2024-05-12T18:57:35","date_gmt":"2024-05-12T18:57:35","guid":{"rendered":"https:\/\/lerraclinic.com\/le-processus-de-greffe-de-cheveux\/"},"modified":"2025-11-13T12:39:09","modified_gmt":"2025-11-13T12:39:09","slug":"hair-transplantation","status":"publish","type":"page","link":"https:\/\/lerraclinic.com\/fr\/patient-resources\/hair-transplantation\/","title":{"rendered":"Le processus de greffe de cheveux"},"content":{"rendered":"\n<p>Le processus de greffe de cheveux est une intervention chirurgicale visant \u00e0 restaurer les cheveux dans les zones du cuir chevelu qui sont chauves ou qui ont les cheveux clairsem\u00e9s. Le processus comporte plusieurs \u00e9tapes : <\/p>\n\n\n\n<div class=\"wp-block-rank-math-toc-block\" id=\"rank-math-toc\"><h2>Table des mati\u00e8res<\/h2><nav><ul><li class=\"\"><a href=\"#1-consultation-and-planning\">1. Consultation et planification<\/a><\/li><li class=\"\"><a href=\"#2-pre-operative-preparation\">2. Pr\u00e9paration pr\u00e9op\u00e9ratoire<\/a><\/li><li class=\"\"><a href=\"#3-anesthesia\">3. Anesth\u00e9sie<\/a><\/li><li class=\"\"><a href=\"#4-harvesting-hair-follicles\">4. R\u00e9colte des follicules pileux<\/a><\/li><li class=\"\"><a href=\"#follicular-unit-extraction-fue\">Extraction d\u2019unit\u00e9s folliculaires (FUE)<\/a><\/li><li class=\"\"><a href=\"#5-preparing-the-recipient-area\">5. Pr\u00e9paration de la zone destinataire<\/a><\/li><li class=\"\"><a href=\"#6-implanting-the-hair-follicles\">6. Implanter les follicules pileux<\/a><\/li><li class=\"\"><a href=\"#7-post-operative-care\">7. Soins postop\u00e9ratoires<\/a><\/li><li class=\"\"><a href=\"#8-recovery-and-results\">8. R\u00e9cup\u00e9ration et r\u00e9sultats<\/a><\/li><li class=\"\"><a href=\"#considerations-and-risks\">Consid\u00e9rations et risques<\/a><\/li><\/ul><\/nav><\/div>\n\n\n\n<h2 class=\"wp-block-heading\" id=\"1-consultation-and-planning\">1. Consultation et planification<\/h2>\n\n\n\n<ul class=\"wp-block-list\">\n<li><strong>Consultation initiale<\/strong> : La premi\u00e8re \u00e9tape est une consultation avec un sp\u00e9cialiste de la greffe de cheveux pour \u00e9valuer la perte de cheveux du patient et d\u00e9terminer le plan de traitement le plus appropri\u00e9.<\/li>\n\n\n\n<li><strong>\u00c9valuation<\/strong>&nbsp;: Le m\u00e9decin examine le cuir chevelu, discute des ant\u00e9c\u00e9dents m\u00e9dicaux et peut effectuer des tests pour comprendre la cause de la perte de cheveux.<\/li>\n\n\n\n<li><strong>Planification<\/strong> : Un plan personnalis\u00e9 est cr\u00e9\u00e9, y compris le nombre de greffons n\u00e9cessaires et la conception de la racine des cheveux.<\/li>\n<\/ul>\n\n\n\n<h2 class=\"wp-block-heading\" id=\"2-pre-operative-preparation\">2. Pr\u00e9paration pr\u00e9op\u00e9ratoire<\/h2>\n\n\n\n<ul class=\"wp-block-list\">\n<li><strong>Instructions<\/strong> : Les patients re\u00e7oivent des instructions pr\u00e9op\u00e9ratoires, telles que l\u2019\u00e9vitement de certains m\u00e9dicaments, de l\u2019alcool et du tabagisme.<\/li>\n\n\n\n<li><strong>Tonte des cheveux<\/strong> : La zone donneuse (g\u00e9n\u00e9ralement l\u2019arri\u00e8re ou les c\u00f4t\u00e9s du cuir chevelu) est coup\u00e9e pour faciliter l\u2019extraction des follicules pileux.<\/li>\n<\/ul>\n\n\n\n<h2 class=\"wp-block-heading\" id=\"3-anesthesia\">3. Anesth\u00e9sie<\/h2>\n\n\n\n<ul class=\"wp-block-list\">\n<li><strong>Anesth\u00e9sie locale<\/strong> : Une anesth\u00e9sie locale est administr\u00e9e aux zones donneuse et receveuse pour engourdir le cuir chevelu, garantissant ainsi que le patient est \u00e0 l\u2019aise pendant la proc\u00e9dure.<\/li>\n<\/ul>\n\n\n\n<h2 class=\"wp-block-heading\" id=\"4-harvesting-hair-follicles\">4. R\u00e9colte des follicules pileux<\/h2>\n\n\n\n<figure class=\"wp-block-image size-full\"><img loading=\"lazy\" decoding=\"async\" width=\"1000\" height=\"466\" src=\"https:\/\/lerraclinic.com\/wp-content\/uploads\/2025\/04\/hair-transplant-process-1.png\" alt=\"Le processus de greffe de cheveux\" class=\"wp-image-4514\" srcset=\"https:\/\/lerraclinic.com\/wp-content\/uploads\/2025\/04\/hair-transplant-process-1.png 1000w, https:\/\/lerraclinic.com\/wp-content\/uploads\/2025\/04\/hair-transplant-process-1-300x140.png 300w, https:\/\/lerraclinic.com\/wp-content\/uploads\/2025\/04\/hair-transplant-process-1-768x358.png 768w\" sizes=\"auto, (max-width: 1000px) 100vw, 1000px\" \/><\/figure>\n\n\n\n<p>Il existe deux m\u00e9thodes principales pour r\u00e9colter les follicules pileux :<\/p>\n\n\n\n<h4 class=\"wp-block-heading\">Transplantation d\u2019unit\u00e9s folliculaires (FUT)<\/h4>\n\n\n\n<ul class=\"wp-block-list\">\n<li><strong>R\u00e9colte de bandelettes<\/strong> : Une bande de cuir chevelu est retir\u00e9e de la zone donneuse.<\/li>\n\n\n\n<li><strong>Dissection<\/strong> : La bandelette est diss\u00e9qu\u00e9e au microscope en unit\u00e9s folliculaires individuelles.<\/li>\n\n\n\n<li><strong>Suture<\/strong> : La zone donneuse est sutur\u00e9e ferm\u00e9e, laissant une cicatrice lin\u00e9aire.<\/li>\n<\/ul>\n\n\n\n<h2 class=\"wp-block-heading\" id=\"follicular-unit-extraction-fue\">Extraction d\u2019unit\u00e9s folliculaires (FUE)<\/h2>\n\n\n\n<ul class=\"wp-block-list\">\n<li><strong>Outil de poin\u00e7onnage<\/strong> : Les unit\u00e9s folliculaires individuelles sont extraites directement de la zone donneuse \u00e0 l\u2019aide d\u2019un petit outil de poin\u00e7onnage.<\/li>\n\n\n\n<li><strong>Peu invasif<\/strong> : Cette m\u00e9thode laisse de minuscules cicatrices en forme de points qui sont moins visibles que la cicatrice lin\u00e9aire de FUT.<\/li>\n<\/ul>\n\n\n\n<h2 class=\"wp-block-heading\" id=\"5-preparing-the-recipient-area\">5. Pr\u00e9paration de la zone destinataire<\/h2>\n\n\n\n<ul class=\"wp-block-list\">\n<li><strong>Incisions<\/strong>&nbsp;: De minuscules incisions sont pratiqu\u00e9es dans la zone receveuse o\u00f9 les cheveux seront transplant\u00e9s. Le motif et la densit\u00e9 des incisions sont con\u00e7us pour imiter la croissance naturelle des cheveux. <\/li>\n<\/ul>\n\n\n\n<h2 class=\"wp-block-heading\" id=\"6-implanting-the-hair-follicles\">6. Implanter les follicules pileux<\/h2>\n\n\n\n<ul class=\"wp-block-list\">\n<li><strong>Placement<\/strong>&nbsp;: Les follicules pileux r\u00e9colt\u00e9s sont soigneusement plac\u00e9s dans les incisions de la zone receveuse.<\/li>\n\n\n\n<li><strong>Attention aux d\u00e9tails : L\u2019angle<\/strong>, la profondeur et la direction de chaque greffon sont m\u00e9ticuleusement contr\u00f4l\u00e9s pour assurer un aspect naturel.<\/li>\n<\/ul>\n\n\n\n<h2 class=\"wp-block-heading\" id=\"7-post-operative-care\">7. Soins postop\u00e9ratoires<\/h2>\n\n\n\n<ul class=\"wp-block-list\">\n<li><strong>Soins imm\u00e9diats<\/strong> : Les patients re\u00e7oivent des instructions sur la fa\u00e7on de prendre soin de la zone transplant\u00e9e, y compris comment laver le cuir chevelu et \u00e9viter les activit\u00e9s qui pourraient d\u00e9loger les greffons.<\/li>\n\n\n\n<li><strong>M\u00e9dicaments<\/strong> : Des antibiotiques et des anti-inflammatoires peuvent \u00eatre prescrits pour pr\u00e9venir l\u2019infection et r\u00e9duire l\u2019enflure.<\/li>\n\n\n\n<li><strong>Visites de suivi<\/strong> : Des visites de suivi r\u00e9guli\u00e8res sont pr\u00e9vues pour surveiller la cicatrisation et la croissance des cheveux.<\/li>\n<\/ul>\n\n\n\n<h2 class=\"wp-block-heading\" id=\"8-recovery-and-results\">8. R\u00e9cup\u00e9ration et r\u00e9sultats<\/h2>\n\n\n\n<ul class=\"wp-block-list\">\n<li><strong>Gu\u00e9rison initiale<\/strong> : Les zones donneuse et receveuse gu\u00e9riront en quelques semaines. Des cro\u00fbtes se formeront et tomberont dans les 7 \u00e0 10 jours. <\/li>\n\n\n\n<li><strong>Croissance des cheveux<\/strong> : Les cheveux transplant\u00e9s peuvent tomber initialement (une partie normale du processus appel\u00e9e \u00ab perte de choc \u00bb), mais la nouvelle croissance commence g\u00e9n\u00e9ralement en quelques mois.<\/li>\n\n\n\n<li><strong>R\u00e9sultats complets<\/strong> : Cela peut prendre de 6 \u00e0 12 mois pour voir les r\u00e9sultats complets de la greffe, car les cheveux poussent par cycles.<\/li>\n<\/ul>\n\n\n\n<h2 class=\"wp-block-heading\" id=\"considerations-and-risks\">Consid\u00e9rations et risques<\/h2>\n\n\n\n<figure class=\"wp-block-image size-full is-resized\"><img loading=\"lazy\" decoding=\"async\" width=\"291\" height=\"173\" src=\"https:\/\/lerraclinic.com\/wp-content\/uploads\/2025\/04\/hair-transplant-process-2.jpg\" alt=\"Le processus de greffe de cheveux\" class=\"wp-image-4517\" style=\"width:446px;height:auto\"\/><\/figure>\n\n\n\n<ul class=\"wp-block-list\">\n<li><strong>Aptitude<\/strong> : Tout le monde n\u2019est pas un candidat appropri\u00e9 pour la greffe de cheveux. Des facteurs tels que l\u2019\u00e9tendue de la perte de cheveux, la disponibilit\u00e9 des cheveux du donneur et la sant\u00e9 globale sont pris en compte. <\/li>\n\n\n\n<li><strong>Risques<\/strong>&nbsp;: Comme pour toute intervention chirurgicale, il existe des risques tels que l\u2019infection, les cicatrices et les r\u00e9sultats non naturels s\u2019ils ne sont pas effectu\u00e9s par un chirurgien exp\u00e9riment\u00e9.<\/li>\n\n\n\n<li><strong>Attentes<\/strong> : Des attentes r\u00e9alistes sont cruciales. Les cheveux transplant\u00e9s pousseront naturellement, mais la densit\u00e9 peut ne pas correspondre aux cheveux d\u2019origine. <\/li>\n<\/ul>\n\n\n\n<p>La greffe de cheveux peut offrir une solution permanente \u00e0 la perte de cheveux, am\u00e9liorant consid\u00e9rablement l\u2019apparence et la confiance lorsqu\u2019elle est effectu\u00e9e par un sp\u00e9cialiste qualifi\u00e9.<\/p>\n\n\n\n<div class=\"wp-block-columns has-pw-main-background-color has-background is-layout-flex wp-container-core-columns-is-layout-9d6595d7 wp-block-columns-is-layout-flex\">\n<div class=\"wp-block-column is-layout-flow wp-block-column-is-layout-flow\">\n<p class=\"has-pw-white-color has-text-color has-link-color has-medium-font-size wp-elements-e21f7d9bbcff695092c9c53a5deb76c8\">contactez-nous aujourd&rsquo;hui et obtenez la meilleure offre!<\/p>\n<\/div>\n\n\n\n<div class=\"wp-block-column is-layout-flow wp-block-column-is-layout-flow\">\n<div class=\"wp-block-buttons is-layout-flex wp-block-buttons-is-layout-flex\">\n<div class=\"wp-block-button has-custom-width wp-block-button__width-100 is-style-fill\"><a class=\"wp-block-button__link has-pw-wts-background-color has-background wp-element-button\" href=\"https:\/\/wa.me\/905399268888\" style=\"border-radius:5px\" target=\"_blank\" rel=\"noopener\">WhatsApp direct<\/a><\/div>\n<\/div>\n<\/div>\n<\/div>\n\n\n\n<p><em>Lire aussi&nbsp;:<\/em><\/p>\n\n\n\n<p><a href=\"https:\/\/lerraclinic.com\/fr\/patient-resources\/post-procedure-care\/\" target=\"_blank\" data-type=\"link\" data-id=\"https:\/\/lerraclinic.com\/fr\/patient-resources\/post-procedure-care\/\" rel=\"noreferrer noopener\">Soins Post-Op\u00e9ratoires<\/a><\/p>\n\n\n\n<p><a href=\"https:\/\/lerraclinic.com\/fr\/hair-transplant\/\" target=\"_blank\" data-type=\"link\" data-id=\"https:\/\/lerraclinic.com\/fr\/hair-transplant\/\" rel=\"noreferrer noopener\">Greffe de Cheveux<br><\/a><br><br><br><a href=\"https:\/\/lerraclinic.com\/fr\/patient-resources\/post-procedure-care\/\" data-type=\"link\" data-id=\"https:\/\/lerraclinic.com\/fr\/patient-resources\/post-procedure-care\/\" target=\"_blank\" rel=\"noreferrer noopener\"><br><\/a><br><br><br><\/p>\n","protected":false},"excerpt":{"rendered":"<p>Le processus de greffe de cheveux est une intervention chirurgicale visant \u00e0 restaurer les cheveux dans les zones du cuir &#8230; <\/p>\n","protected":false},"author":1,"featured_media":4903,"parent":5336,"menu_order":0,"comment_status":"closed","ping_status":"closed","template":"","meta":{"_acf_changed":false,"footnotes":""},"class_list":["post-4902","page","type-page","status-publish","has-post-thumbnail","hentry"],"acf":[],"_links":{"self":[{"href":"https:\/\/lerraclinic.com\/fr\/wp-json\/wp\/v2\/pages\/4902","targetHints":{"allow":["GET"]}}],"collection":[{"href":"https:\/\/lerraclinic.com\/fr\/wp-json\/wp\/v2\/pages"}],"about":[{"href":"https:\/\/lerraclinic.com\/fr\/wp-json\/wp\/v2\/types\/page"}],"author":[{"embeddable":true,"href":"https:\/\/lerraclinic.com\/fr\/wp-json\/wp\/v2\/users\/1"}],"replies":[{"embeddable":true,"href":"https:\/\/lerraclinic.com\/fr\/wp-json\/wp\/v2\/comments?post=4902"}],"version-history":[{"count":6,"href":"https:\/\/lerraclinic.com\/fr\/wp-json\/wp\/v2\/pages\/4902\/revisions"}],"predecessor-version":[{"id":7235,"href":"https:\/\/lerraclinic.com\/fr\/wp-json\/wp\/v2\/pages\/4902\/revisions\/7235"}],"up":[{"embeddable":true,"href":"https:\/\/lerraclinic.com\/fr\/wp-json\/wp\/v2\/pages\/5336"}],"wp:featuredmedia":[{"embeddable":true,"href":"https:\/\/lerraclinic.com\/fr\/wp-json\/wp\/v2\/media\/4903"}],"wp:attachment":[{"href":"https:\/\/lerraclinic.com\/fr\/wp-json\/wp\/v2\/media?parent=4902"}],"curies":[{"name":"wp","href":"https:\/\/api.w.org\/{rel}","templated":true}]}}