{"id":4898,"date":"2024-07-22T08:14:11","date_gmt":"2024-07-22T08:14:11","guid":{"rendered":"https:\/\/lerraclinic.com\/chirurgie-plastique\/chirurgie-plastique-du-visage\/"},"modified":"2025-11-20T16:23:45","modified_gmt":"2025-11-20T16:23:45","slug":"facial-plastic-surgery","status":"publish","type":"page","link":"https:\/\/lerraclinic.com\/fr\/plastic-surgery\/facial-plastic-surgery\/","title":{"rendered":"Chirurgie plastique du visage"},"content":{"rendered":"\n<h2 class=\"wp-block-heading has-text-align-center\" id=\"facial-plastic-surgery-in-turkey\">Chirurgie plastique faciale en Turquie<\/h2>\n\n\n\n<p>La demande de chirurgie plastique faciale en Turquie ne cesse d\u2019augmenter. Il permet de corriger certains aspects disgracieux du visage \u00e0 tout \u00e2ge. C\u2019est aussi un moyen reconnu pour contrer les effets du vieillissement sur le visage (pass\u00e9, aspect triste, rel\u00e2chement cutan\u00e9, apparition de rides). Les possibilit\u00e9s de chirurgie faciale sont nombreuses et permettent de compenser de nombreuses imperfections faciales. La chirurgie faciale s\u2019adresse aux hommes et aux femmes de tous \u00e2ges.    <\/p>\n\n\n\n<p>Vous souhaitez subir une chirurgie faciale pour corriger ces imperfections ? Les experts de la clinique Lerra sont l\u00e0 pour vous conseiller. <\/p>\n\n\n\n<div class=\"wp-block-rank-math-toc-block\" id=\"rank-math-toc\"><h2>Table des mati\u00e8res<\/h2><nav><ul><li class=\"\"><a href=\"#facial-plastic-surgery-in-turkey\">Chirurgie plastique faciale en Turquie<\/a><\/li><li class=\"\"><a href=\"#what-is-a-facial-plastic-surgery\">Qu\u2019est-ce qu\u2019une chirurgie plastique faciale ?<\/a><\/li><li class=\"\"><a href=\"#common-facial-plastic-surgery-procedures-available-at-lerra-clinic\">Proc\u00e9dures courantes de chirurgie plastique faciale disponibles \u00e0 la clinique Lerra<\/a><\/li><li class=\"\"><a href=\"#other-facial-plastic-surgeries-to-correct-facial-imperfections\">Autres chirurgies plastiques du visage pour corriger les imperfections du visage<\/a><\/li><li class=\"\"><a href=\"#from-consultation-to-operation-our-facial-plastic-surgery-process\">De la consultation \u00e0 l\u2019op\u00e9ration : notre processus de chirurgie plastique du visage<\/a><\/li><li class=\"\"><a href=\"#preparing-for-facial-plastic-surgery\">Se pr\u00e9parer \u00e0 la chirurgie plastique du visage<\/a><\/li><li class=\"\"><a href=\"#risks-and-complications-in-facial-plastic-surgery\">Risques et complications de la chirurgie plastique du visage<\/a><\/li><li class=\"\"><a href=\"#your-facial-plastic-surgery-step-by-step\">Votre chirurgie plastique faciale \u00e9tape par \u00e9tape<\/a><\/li><li class=\"\"><a href=\"#how-to-organize-facial-plastic-surgery-in-turkey\">Comment organiser la chirurgie plastique du visage en Turquie ?<\/a><\/li><li class=\"\"><a href=\"#facial-plastic-surgery-cost-in-turkey\">Co\u00fbt de la chirurgie plastique faciale en Turquie<\/a><\/li><\/ul><\/nav><\/div>\n\n\n\n<h2 class=\"wp-block-heading\" id=\"what-is-a-facial-plastic-surgery\">Qu\u2019est-ce qu\u2019une chirurgie plastique faciale ?<\/h2>\n\n\n\n<p>La chirurgie plastique du visage est une branche de la chirurgie esth\u00e9tique. Son but est de rajeunir le visage et de corriger les imperfections de l\u2019\u00e9piderme, caus\u00e9es par l\u2019\u00e2ge, une exposition excessive au soleil, des probl\u00e8mes h\u00e9r\u00e9ditaires ou la consommation de tabac. La chirurgie plastique du visage vise \u00e9galement \u00e0 recr\u00e9er des formes esth\u00e9tiques, en op\u00e9rant le nez, le menton ou encore les oreilles.  <\/p>\n\n\n\n<h2 class=\"wp-block-heading has-text-align-center\" id=\"common-facial-plastic-surgery-procedures-available-at-lerra-clinic\">Proc\u00e9dures courantes de chirurgie plastique faciale disponibles \u00e0 la clinique Lerra<\/h2>\n\n\n\n<p><img decoding=\"async\" src=\"https:\/\/mehdemohamad.com\/new-themes\/lerraclinic\/wp-content\/uploads\/2024\/07\/blepharoplasty-in-turkey-15.webp\" alt=\"\"><\/p>\n\n\n\n<div class=\"wp-block-columns is-layout-flex wp-container-core-columns-is-layout-9d6595d7 wp-block-columns-is-layout-flex\">\n<div class=\"wp-block-column is-layout-flow wp-block-column-is-layout-flow\">\n<p>La clinique Lerra propose \u00e0 ses patients diff\u00e9rents types de chirurgie plastique faciale en Turquie : Chirurgies plastiques faciales anti-\u00e2ge<br>Au fil du temps, la peau perd de son \u00e9lasticit\u00e9 et de sa tonicit\u00e9. Cons\u00e9quences : un rel\u00e2chement se produit sous les pommettes et des rides apparaissent, notamment en haut du visage. Lerra Clinic propose diff\u00e9rentes chirurgies plastiques du visage en Turquie en fonction de vos besoins esth\u00e9tiques.  <\/p>\n\n\n\n<h3 class=\"wp-block-heading\">1. Chirurgie de lifting des paupi\u00e8res (bl\u00e9pharoplastie)<\/h3>\n\n\n\n<p>La bl\u00e9pharoplastie est l\u2019une des chirurgies plastiques faciales les plus couramment pratiqu\u00e9es. C\u2019est une chirurgie simple, rapide et efficace, vous permettant d\u2019obtenir un r\u00e9sultat naturel imm\u00e9diat, apportant un v\u00e9ritable coup de fouet \u00e0 l\u2019esth\u00e9tique de vos yeux et de vos paupi\u00e8res. Cette chirurgie peut \u00eatre pratiqu\u00e9e sur les paupi\u00e8res sup\u00e9rieures, les paupi\u00e8res inf\u00e9rieures ou les deux.  <\/p>\n\n\n\n<h3 class=\"wp-block-heading\">2. Lifting des sourcils<\/h3>\n\n\n\n<p>Le lifting des sourcils, \u00e9galement appel\u00e9 lifting frontal, est une intervention de chirurgie esth\u00e9tique qui permet de relever la partie externe des sourcils et de d\u00e9tendre la peau au niveau des tempes et de la partie lat\u00e9rale des yeux.<\/p>\n\n\n\n<h3 class=\"wp-block-heading\">3. Lifting du visage<\/h3>\n\n\n\n<p>En chirurgie plastique du visage, il existe de nombreux types de liftings destin\u00e9s \u00e0 corriger toutes les zones du visage : lifting du cou et de l\u2019ovale du visage, lifting des pommettes, lifting des temples, lifting du front, etc. Qui peuvent \u00eatre combin\u00e9es ou associ\u00e9es \u00e0 d\u2019autres techniques (lipofilling du visage, m\u00e9decine esth\u00e9tique, etc.) afin de traiter l\u2019int\u00e9gralit\u00e9 du visage pour un r\u00e9sultat encore plus naturel. La chirurgie de lifting vise notamment \u00e0 r\u00e9duire l\u2019affaissement des tissus des joues, des bajoues et des contours du visage, et \u00e0 effacer les rides.  <\/p>\n<\/div>\n<\/div>\n\n\n\n<h2 class=\"wp-block-heading\" id=\"other-facial-plastic-surgeries-to-correct-facial-imperfections\">Autres chirurgies plastiques du visage pour corriger les imperfections du visage<\/h2>\n\n\n\n<div class=\"wp-block-columns is-layout-flex wp-container-core-columns-is-layout-9d6595d7 wp-block-columns-is-layout-flex\">\n<div class=\"wp-block-column is-layout-flow wp-block-column-is-layout-flow\">\n<p>Soucieuse de votre bien-\u00eatre, la Clinique Lerra vous propose des interventions de chirurgie esth\u00e9tique visant \u00e0 corriger les imperfections originelles.<\/p>\n\n\n\n<ol class=\"wp-block-list\">\n<li>Rhinoplastie<br>La rhinoplastie, qu\u2019elle soit esth\u00e9tique ou restauratrice, est l\u2019une des chirurgies les plus m\u00e9ticuleuses disponibles. La chirurgie esth\u00e9tique du nez est en effet celle qui transforme le plus l\u2019harmonie du visage, dans le but de toujours fournir un r\u00e9sultat naturel et harmonieux. <\/li>\n\n\n\n<li>  Otoplastie<br>L\u2019otoplastie est une chirurgie esth\u00e9tique de l\u2019oreille. Il permet de traiter simplement une d\u00e9formation (oreilles d\u00e9coll\u00e9es) ou une malformation de l\u2019oreille pr\u00e9sente d\u00e8s la naissance de mani\u00e8re tr\u00e8s naturelle. <\/li>\n<\/ol>\n<\/div>\n\n\n\n<div class=\"wp-block-column is-layout-flow wp-block-column-is-layout-flow\">\n<figure class=\"wp-block-image size-full\"><img loading=\"lazy\" decoding=\"async\" width=\"600\" height=\"400\" src=\"https:\/\/mehdemohamad.com\/new-themes\/lerraclinic\/wp-content\/uploads\/2024\/07\/rhinoplasty-6.webp\" alt=\"Chirurgie plastique du visage \" class=\"wp-image-729\" srcset=\"https:\/\/lerraclinic.com\/wp-content\/uploads\/2024\/07\/rhinoplasty-6.webp 600w, https:\/\/lerraclinic.com\/wp-content\/uploads\/2024\/07\/rhinoplasty-6-300x200.webp 300w\" sizes=\"auto, (max-width: 600px) 100vw, 600px\" \/><\/figure>\n<\/div>\n<\/div>\n\n\n\n<p>3. Implant de menton<br>L\u2019implant de menton, comme toute autre chirurgie plastique, peut \u00eatre r\u00e9alis\u00e9 soit pour des raisons fonctionnelles, soit pour des reconstructions du menton suite \u00e0 des accidents ou des malformations g\u00e9n\u00e9tiques, soit pour des raisons purement esth\u00e9tiques.<\/p>\n\n\n\n<h2 class=\"wp-block-heading has-text-align-center\" id=\"from-consultation-to-operation-our-facial-plastic-surgery-process\">De la consultation \u00e0 l\u2019op\u00e9ration : notre processus de chirurgie plastique du visage<\/h2>\n\n\n\n<p><strong>\u00c9TAPE 1 : Le processus de consultation<\/strong><\/p>\n\n\n\n<p>Vous pouvez obtenir une consultation gratuite via le site Web ou en nous contactant directement. Dans cette premi\u00e8re consultation, la proc\u00e9dure g\u00e9n\u00e9rale de l\u2019op\u00e9ration est abord\u00e9e. Cela clarifie des points tels que vos ant\u00e9c\u00e9dents m\u00e9dicaux, si vous \u00eates \u00e9ligible \u00e0 cette chirurgie ou non, si c\u2019est l\u2019option la plus appropri\u00e9e pour vous s\u2019il existe plusieurs fa\u00e7ons de pratiquer la chirurgie, en r\u00e9pondant \u00e0 toutes vos questions et pr\u00e9occupations.  <\/p>\n\n\n\n<p>Il est important que les pr\u00e9occupations et les souhaits concernant le r\u00e9sultat final soient pris en compte et inclus dans le processus de d\u00e9cision. L&rsquo;explication des effets secondaires possibles et des r\u00e8gles de conduite \u00e0 respecter fait \u00e9galement partie int\u00e9grante de la consultation. <\/p>\n\n\n\n<p><strong>\u00c9TAPE 2 : Le jour de la chirurgie plastique du visage<\/strong><\/p>\n\n\n\n<p>\u00c9tant donn\u00e9 que la plupart des chirurgies plastiques faciales sont effectu\u00e9es sous anesth\u00e9sie g\u00e9n\u00e9rale, une consultation d\u2019anesth\u00e9sie avec un anesth\u00e9siste doit \u00eatre effectu\u00e9e avant l\u2019op\u00e9ration. La proc\u00e9dure peut alors \u00eatre effectu\u00e9e. Chaque op\u00e9ration prend un temps particulier \u00e0 r\u00e9aliser, en fonction de sa nature et de sa complexit\u00e9.  <\/p>\n\n\n\n<p>Apr\u00e8s l\u2019op\u00e9ration, dans la plupart des chirurgies plastiques en Turquie, le patient passe g\u00e9n\u00e9ralement une nuit \u00e0 l\u2019h\u00f4pital o\u00f9 il est trait\u00e9.<\/p>\n\n\n\n<p>L\u2019h\u00e9bergement et les repas sont inclus dans le prix final sans frais cach\u00e9s. Si le lendemain, il est possible de confirmer que l\u2019op\u00e9ration s\u2019est d\u00e9roul\u00e9e comme pr\u00e9vu, le patient peut \u00eatre accompagn\u00e9 d\u2019un accompagnateur pr\u00e9s\u00e9lectionn\u00e9. <\/p>\n\n\n\n<p><strong>\u00c9TAPE 3 : R\u00e9cup\u00e9ration et soins postop\u00e9ratoires<\/strong><\/p>\n\n\n\n<p>Apr\u00e8s la sortie de la clinique, il est extr\u00eamement important de suivre les instructions de soins fournies par votre chirurgien. Il est \u00e9galement important de faire un suivi de vos rendez-vous, qui ont lieu apr\u00e8s une, trois et six \u00e0 huit semaines (selon la chirurgie faciale pratiqu\u00e9e). <\/p>\n\n\n\n<p>Le dernier rendez-vous de contr\u00f4le est g\u00e9n\u00e9ralement fix\u00e9 quatre \u00e0 six mois apr\u00e8s l&rsquo;op\u00e9ration.<\/p>\n\n\n\n<h2 class=\"wp-block-heading has-text-align-center\" id=\"preparing-for-facial-plastic-surgery\">Se pr\u00e9parer \u00e0 la chirurgie plastique du visage<\/h2>\n\n\n\n<div class=\"wp-block-columns is-layout-flex wp-container-core-columns-is-layout-9d6595d7 wp-block-columns-is-layout-flex\">\n<div class=\"wp-block-column is-layout-flow wp-block-column-is-layout-flow\">\n<p>La chirurgie plastique du visage \u00e9tant une op\u00e9ration chirurgicale d\u00e9licate, elle n\u00e9cessite une pr\u00e9paration pr\u00e9alable. Cela commence par une visite pr\u00e9op\u00e9ratoire chez un sp\u00e9cialiste. <\/p>\n\n\n\n<p>La chirurgie plastique du visage est une intervention personnalis\u00e9e qui doit \u00eatre pr\u00e9par\u00e9e sur une base strictement individuelle.<\/p>\n\n\n\n<p>  Au cours de la visite pr\u00e9op\u00e9ratoire, le chirurgien \u00e9valuera donc les demandes, les besoins et les attentes du patient, en le conseillant sur le type de chirurgie plastique faciale le plus adapt\u00e9 \u00e0 son cas sp\u00e9cifique. En plus de cela, le chirurgien devra \u00e9valuer l\u2019\u00e9tat de la peau du patient, v\u00e9rifier son \u00e9tat et surtout son \u00e9lasticit\u00e9, pour d\u00e9terminer si la chirurgie plastique du visage peut r\u00e9ussir ou non. <\/p>\n<\/div>\n<\/div>\n\n\n\n<p>De plus, lors de la consultation pr\u00e9op\u00e9ratoire, le chirurgien va :<\/p>\n\n\n\n<ul class=\"wp-block-list\">\n<li>\u00c9valuer l\u2019\u00e9tat de sant\u00e9 g\u00e9n\u00e9ral du patient et identifier la pr\u00e9sence de pathologies et\/ou d\u2019autres contre-indications \u00e0 la r\u00e9alisation de la chirurgie plastique faciale.<\/li>\n\n\n\n<li>Exclure la pr\u00e9sence d\u2019allergies aux anesth\u00e9siques utilis\u00e9s pour op\u00e9rer.<\/li>\n\n\n\n<li>Informer objectivement le patient sur les r\u00e9sultats qu\u2019il peut obtenir en subissant une chirurgie plastique faciale et sur les effets secondaires et complications qu\u2019il peut rencontrer.<\/li>\n\n\n\n<li>Fournir au patient toutes les consignes \u00e0 suivre avant de subir l\u2019op\u00e9ration (arr\u00eater de fumer au moins 2 \u00e0 4 semaines avant le lifting, arr\u00eater de prendre des m\u00e9dicaments tels que l\u2019acide ac\u00e9tylsalicylique, les anticoagulants, les antiplaquettaires, ou d\u2019autres m\u00e9dicaments pouvant \u00ab diluer le sang \u00bb, etc.).<\/li>\n\n\n\n<li>De plus, si n\u00e9cessaire, le chirurgien peut inviter le patient \u00e0 effectuer une s\u00e9rie d\u2019examens cliniques (prises de sang, analyses d\u2019urine, \u00e9lectrocardiogrammes, etc.).  <\/li>\n<\/ul>\n\n\n\n<h2 class=\"wp-block-heading has-text-align-center\" id=\"risks-and-complications-in-facial-plastic-surgery\">Risques et complications de la chirurgie plastique du visage<\/h2>\n\n\n\n<div class=\"wp-block-columns is-layout-flex wp-container-core-columns-is-layout-9d6595d7 wp-block-columns-is-layout-flex\">\n<div class=\"wp-block-column is-layout-flow wp-block-column-is-layout-flow\">\n<p>Comme toutes les op\u00e9rations, la chirurgie plastique du visage comporte \u00e9galement des risques qui sont g\u00e9n\u00e9ralement li\u00e9s \u00e0 des r\u00e9actions d\u2019intol\u00e9rance \u00e0 l\u2019anesth\u00e9sie ou \u00e0 d\u2019\u00e9ventuelles complications postop\u00e9ratoires, telles que des h\u00e9matomes, des infections ou des probl\u00e8mes de cicatrisation.<\/p>\n\n\n\n<p>Il existe toujours un risque de complications, m\u00eame si le chirurgien a parfaitement op\u00e9r\u00e9, car certains facteurs peuvent augmenter le risque de complications, comme le tabagisme, qui interf\u00e8re avec le processus de cicatrisation, ou la prise de divers types de m\u00e9dicaments.<\/p>\n\n\n\n<p>Il est essentiel de respecter strictement les instructions du chirurgien avant et apr\u00e8s la chirurgie plastique du visage afin de minimiser les risques potentiels.<\/p>\n<\/div>\n<\/div>\n\n\n\n<p>Parfois, apr\u00e8s une chirurgie plastique du visage, une petite retouche chirurgicale peut \u00eatre n\u00e9cessaire pour parfaire le r\u00e9sultat, car l\u2019issue n\u2019est pas toujours tout \u00e0 fait pr\u00e9visible, et aucun chirurgien plasticien esth\u00e9tique ne pourra jamais vous garantir une op\u00e9ration sans risque et un r\u00e9sultat parfait.<\/p>\n\n\n\n<h2 class=\"wp-block-heading has-text-align-center\" id=\"your-facial-plastic-surgery-step-by-step\">Votre chirurgie plastique faciale \u00e9tape par \u00e9tape<\/h2>\n\n\n\n<div class=\"wp-block-columns is-layout-flex wp-container-core-columns-is-layout-9d6595d7 wp-block-columns-is-layout-flex\">\n<div class=\"wp-block-column is-layout-flow wp-block-column-is-layout-flow\">\n<p><strong>Temps de r\u00e9cup\u00e9ration limit\u00e9 et r\u00e9sultat naturel<\/strong><\/p>\n\n\n\n<p>L\u2019\u00e9quipe de Lerra Clinic r\u00e9pond aux exigences des patients qui souhaitent combiner les avantages de la chirurgie plastique faciale en Turquie et de la m\u00e9decine esth\u00e9tique. D\u2019une part, il est bas\u00e9 sur les r\u00e9sultats clairs et indiscutables obtenus par la chirurgie plastique du visage. D\u2019autre part, il prend en compte les faibles risques et la r\u00e9duction des effets secondaires offerts par les traitements de m\u00e9decine esth\u00e9tique.  <\/p>\n\n\n\n<p>Par exemple, pour les patients qui ne souhaitent pas utiliser d\u2019anesth\u00e9sie g\u00e9n\u00e9rale, nos chirurgiens proposent une chirurgie plastique faciale sous anesth\u00e9sie locale, notamment des mini liftings, ou une liposuccion douce.<\/p>\n<\/div>\n\n\n\n<div class=\"wp-block-column is-layout-flow wp-block-column-is-layout-flow\">\n<figure class=\"wp-block-image size-full\"><img loading=\"lazy\" decoding=\"async\" width=\"600\" height=\"400\" src=\"https:\/\/mehdemohamad.com\/new-themes\/lerraclinic\/wp-content\/uploads\/2024\/07\/face-lifting-treatment-in-turkey-5.webp\" alt=\"Chirurgie plastique du visage \" class=\"wp-image-742\" srcset=\"https:\/\/lerraclinic.com\/wp-content\/uploads\/2024\/07\/face-lifting-treatment-in-turkey-5.webp 600w, https:\/\/lerraclinic.com\/wp-content\/uploads\/2024\/07\/face-lifting-treatment-in-turkey-5-300x200.webp 300w\" sizes=\"auto, (max-width: 600px) 100vw, 600px\" \/><\/figure>\n<\/div>\n<\/div>\n\n\n\n<p>Ainsi, le chirurgien propose des interventions chirurgicales avec des temps de r\u00e9cup\u00e9ration limit\u00e9s et des chirurgies plastiques faciales aux r\u00e9sultats efficaces et durables. Cette double comp\u00e9tence de chirurgien lui permet d\u2019allier chirurgie et m\u00e9decine au sein d\u2019un m\u00eame acte pour un r\u00e9sultat optimal et sur-mesure. Quel que soit le type de chirurgie plastique faciale propos\u00e9, la priorit\u00e9 est donn\u00e9e \u00e0 l\u2019aspect naturel du r\u00e9sultat esth\u00e9tique et \u00e0 l\u2019ad\u00e9quation de la solution th\u00e9rapeutique propos\u00e9e avec les souhaits et l\u2019anatomie initiale des patients.  <\/p>\n\n\n\n<p>  Soins sur mesure pour les chirurgies plastiques du visage<\/p>\n\n\n\n<p>Toutes les chirurgies plastiques faciales effectu\u00e9es \u00e0 la Clinique Lerra sont d\u00e9velopp\u00e9es dans un processus de soins sur mesure avant, pendant et apr\u00e8s la proc\u00e9dure.<\/p>\n\n\n\n<p>Des directives postop\u00e9ratoires sp\u00e9cifiques sont propos\u00e9es afin d\u2019acc\u00e9l\u00e9rer le processus de r\u00e9cup\u00e9ration et le retour \u00e0 la vie active et\/ou sportive.<\/p>\n\n\n\n<h2 class=\"wp-block-heading has-text-align-center\" id=\"how-to-organize-facial-plastic-surgery-in-turkey\">Comment organiser la chirurgie plastique du visage en Turquie ?<\/h2>\n\n\n\n<div class=\"wp-block-columns is-layout-flex wp-container-core-columns-is-layout-9d6595d7 wp-block-columns-is-layout-flex\">\n<div class=\"wp-block-column is-layout-flow wp-block-column-is-layout-flow\">\n<figure class=\"wp-block-image size-full\"><img loading=\"lazy\" decoding=\"async\" width=\"500\" height=\"466\" src=\"https:\/\/mehdemohamad.com\/new-themes\/lerraclinic\/wp-content\/uploads\/2024\/07\/plastic-surgery-in-turkey-6.webp\" alt=\"Chirurgie plastique du visage \" class=\"wp-image-743\" srcset=\"https:\/\/lerraclinic.com\/wp-content\/uploads\/2024\/07\/plastic-surgery-in-turkey-6.webp 500w, https:\/\/lerraclinic.com\/wp-content\/uploads\/2024\/07\/plastic-surgery-in-turkey-6-300x280.webp 300w\" sizes=\"auto, (max-width: 500px) 100vw, 500px\" \/><\/figure>\n<\/div>\n\n\n\n<div class=\"wp-block-column is-layout-flow wp-block-column-is-layout-flow\">\n<p>Voici tous les d\u00e9tails de votre voyage de chirurgie plastique en Turquie ainsi que les avantages de choisir la clinique Lerra.<\/p>\n\n\n\n<ul class=\"wp-block-list\">\n<li><strong>Contactez nos m\u00e9decins<\/strong><\/li>\n<\/ul>\n\n\n\n<p>Apr\u00e8s nous avoir fourni les informations n\u00e9cessaires, vous pourrez consulter nos m\u00e9decins. Nous discutons de vos objectifs et de vos pr\u00e9occupations. \u00c0 partir de l\u00e0, nous travaillerons ensemble pour \u00e9laborer un plan de traitement personnalis\u00e9 qui vous convient le mieux.  <\/p>\n\n\n\n<ul class=\"wp-block-list\">\n<li><strong>Laissez-nous planifier votre voyage.<\/strong><\/li>\n<\/ul>\n\n\n\n<p>Lorsque vous d\u00e9cidez de vous rendre en Turquie, nous veillons \u00e0 \u00eatre avec vous \u00e0 chaque \u00e9tape du processus, depuis le moment o\u00f9 vous quittez votre pays, pendant votre traitement dans notre \u00e9tablissement et jusqu\u2019au jour o\u00f9 vous serez apte \u00e0 rentrer chez vous.<\/p>\n<\/div>\n<\/div>\n\n\n\n<ul class=\"wp-block-list\">\n<li><strong>Bienvenue en Turquie<br><\/strong>Arrivez en Turquie et commencez votre voyage inoubliable avec nos experts.<\/li>\n<\/ul>\n\n\n\n<p><strong>Processus de traitement<\/strong><br>Nous nous sp\u00e9cialisons dans les proc\u00e9dures uniques d\u00e9velopp\u00e9es par nos m\u00e9decins experts, fournies dans un environnement chaleureux et convivial. Le traitement qui est d\u00e9cid\u00e9 par vous et nos m\u00e9decins sera appliqu\u00e9 avec les meilleurs soins possibles. <\/p>\n\n\n\n<h2 class=\"wp-block-heading\" id=\"facial-plastic-surgery-cost-in-turkey\">Co\u00fbt de la chirurgie plastique faciale en Turquie<\/h2>\n\n\n\n<p>Il s\u2019agit de diff\u00e9rents types de proc\u00e9dures de chirurgie plastique faciale demand\u00e9es en Turquie, ainsi que d\u2019une estimation des fourchettes de prix moyennes pour ces proc\u00e9dures. L\u2019exp\u00e9rience du chirurgien, l\u2019emplacement de la clinique et les besoins du patient ne sont que quelques exemples des variables qui pourraient affecter ces fourchettes de co\u00fbts approximatives.   <\/p>\n\n\n\n<figure class=\"wp-block-table\"><table class=\"has-fixed-layout\"><tbody><tr><td>Type de proc\u00e9dure<\/td><td>Fourchette de co\u00fbt moyen (USD)<\/td><\/tr><tr><td>Rhinoplastie (pose de nez)<\/td><td>$1,500 &#8211; $4,000<\/td><\/tr><tr><td>Lifting<\/td><td>$2,000 &#8211; $5,000<\/td><\/tr><tr><td>Chirurgie de lifting des paupi\u00e8res (bl\u00e9pharoplastie)<\/td><td>$1,500 &#8211; $3,500<\/td><\/tr><tr><td>Augmentation des l\u00e8vres<\/td><td>$500 &#8211; $1,500<\/td><\/tr><tr><td>Implant de menton<\/td><td>$1,000 &#8211; $2,500<\/td><\/tr><tr><td>Chirurgie de l&rsquo;oreille (otoplastie)<\/td><td>$1,000 &#8211; $2,500<\/td><\/tr><tr><td>Lifting des bras (Brachioplastie)<\/td><td>$1,500 &#8211; $3,500<\/td><\/tr><\/tbody><\/table><\/figure>\n\n\n\n<div class=\"wp-block-columns has-pw-main-background-color has-background is-layout-flex wp-container-core-columns-is-layout-9d6595d7 wp-block-columns-is-layout-flex\">\n<div class=\"wp-block-column is-layout-flow wp-block-column-is-layout-flow\">\n<p class=\"has-pw-white-color has-text-color has-link-color has-medium-font-size wp-elements-e21f7d9bbcff695092c9c53a5deb76c8\">contactez-nous aujourd&rsquo;hui et obtenez la meilleure offre!<\/p>\n<\/div>\n\n\n\n<div class=\"wp-block-column is-layout-flow wp-block-column-is-layout-flow\">\n<div class=\"wp-block-buttons is-layout-flex wp-block-buttons-is-layout-flex\">\n<div class=\"wp-block-button has-custom-width wp-block-button__width-100 is-style-fill\"><a class=\"wp-block-button__link has-pw-wts-background-color has-background wp-element-button\" href=\"https:\/\/wa.me\/905399268888\" style=\"border-radius:5px\" target=\"_blank\" rel=\"noopener\">WhatsApp direct<\/a><\/div>\n<\/div>\n<\/div>\n<\/div>\n\n\n\n<p><em>Lire aussi&nbsp;:<\/em><\/p>\n\n\n\n<p><a href=\"https:\/\/lerraclinic.com\/fr\/plastic-surgery\/facial-plastic-surgery\/rhinoplasty\/\">Rhinoplastie &#8211; Lerra Clinic <\/a><\/p>\n\n\n\n<p><a href=\"https:\/\/lerraclinic.com\/fr\/plastic-surgery\/facial-plastic-surgery\/otoplasty-ear-surgery\/\">Otoplastie (chirurgie de l\u2019oreille) <\/a><\/p>\n\n\n\n<p><a href=\"https:\/\/lerraclinic.com\/fr\/plastic-surgery\/facial-plastic-surgery\/face-lift\/\">Lifting du visage <\/a><\/p>\n\n\n\n<p><a href=\"https:\/\/lerraclinic.com\/fr\/plastic-surgery\/facial-plastic-surgery\/eyebrow-lift\/\">Lifting des sourcils <\/a><\/p>\n","protected":false},"excerpt":{"rendered":"<p>Chirurgie plastique faciale en Turquie La demande de chirurgie plastique faciale en Turquie ne cesse d\u2019augmenter. Il permet de corriger &#8230; <\/p>\n","protected":false},"author":2,"featured_media":4422,"parent":4409,"menu_order":0,"comment_status":"closed","ping_status":"closed","template":"","meta":{"_acf_changed":false,"footnotes":""},"class_list":["post-4898","page","type-page","status-publish","has-post-thumbnail","hentry"],"acf":[],"_links":{"self":[{"href":"https:\/\/lerraclinic.com\/fr\/wp-json\/wp\/v2\/pages\/4898","targetHints":{"allow":["GET"]}}],"collection":[{"href":"https:\/\/lerraclinic.com\/fr\/wp-json\/wp\/v2\/pages"}],"about":[{"href":"https:\/\/lerraclinic.com\/fr\/wp-json\/wp\/v2\/types\/page"}],"author":[{"embeddable":true,"href":"https:\/\/lerraclinic.com\/fr\/wp-json\/wp\/v2\/users\/2"}],"replies":[{"embeddable":true,"href":"https:\/\/lerraclinic.com\/fr\/wp-json\/wp\/v2\/comments?post=4898"}],"version-history":[{"count":11,"href":"https:\/\/lerraclinic.com\/fr\/wp-json\/wp\/v2\/pages\/4898\/revisions"}],"predecessor-version":[{"id":7892,"href":"https:\/\/lerraclinic.com\/fr\/wp-json\/wp\/v2\/pages\/4898\/revisions\/7892"}],"up":[{"embeddable":true,"href":"https:\/\/lerraclinic.com\/fr\/wp-json\/wp\/v2\/pages\/4409"}],"wp:featuredmedia":[{"embeddable":true,"href":"https:\/\/lerraclinic.com\/fr\/wp-json\/wp\/v2\/media\/4422"}],"wp:attachment":[{"href":"https:\/\/lerraclinic.com\/fr\/wp-json\/wp\/v2\/media?parent=4898"}],"curies":[{"name":"wp","href":"https:\/\/api.w.org\/{rel}","templated":true}]}}