{"id":4374,"date":"2024-10-24T12:05:35","date_gmt":"2024-10-24T12:05:35","guid":{"rendered":"https:\/\/lerraclinic.com\/avant-et-apres\/avant-et-apres-cheveux\/"},"modified":"2025-11-12T08:27:41","modified_gmt":"2025-11-12T08:27:41","slug":"before-and-after-hair","status":"publish","type":"page","link":"https:\/\/lerraclinic.com\/fr\/before-and-after\/before-and-after-hair\/","title":{"rendered":"Avant et apr\u00e8s &#8211; Cheveux"},"content":{"rendered":"\n<p>Avant et apr\u00e8s &#8211; Transplantation de cheveux<\/p>\n\n\n\n<figure class=\"wp-block-gallery has-nested-images columns-default is-cropped wp-block-gallery-1 is-layout-flex wp-block-gallery-is-layout-flex\">\n<figure class=\"wp-block-image size-large\"><a href=\"https:\/\/lerraclinic.com\/wp-content\/uploads\/2024\/10\/before-and-after-hair-1.jpg\"><img loading=\"lazy\" decoding=\"async\" width=\"600\" height=\"600\" data-id=\"2502\" src=\"https:\/\/lerraclinic.com\/wp-content\/uploads\/2024\/10\/before-and-after-hair-1.jpg\" alt=\"\" class=\"wp-image-2502\" srcset=\"https:\/\/lerraclinic.com\/wp-content\/uploads\/2024\/10\/before-and-after-hair-1.jpg 600w, https:\/\/lerraclinic.com\/wp-content\/uploads\/2024\/10\/before-and-after-hair-1-300x300.jpg 300w, https:\/\/lerraclinic.com\/wp-content\/uploads\/2024\/10\/before-and-after-hair-1-150x150.jpg 150w\" sizes=\"auto, (max-width: 600px) 100vw, 600px\" \/><\/a><\/figure>\n\n\n\n<figure class=\"wp-block-image size-large\"><a href=\"https:\/\/lerraclinic.com\/wp-content\/uploads\/2024\/10\/before-and-after-hair-2.jpg\"><img loading=\"lazy\" decoding=\"async\" width=\"600\" height=\"600\" data-id=\"2506\" src=\"https:\/\/lerraclinic.com\/wp-content\/uploads\/2024\/10\/before-and-after-hair-2.jpg\" alt=\"\" class=\"wp-image-2506\" srcset=\"https:\/\/lerraclinic.com\/wp-content\/uploads\/2024\/10\/before-and-after-hair-2.jpg 600w, https:\/\/lerraclinic.com\/wp-content\/uploads\/2024\/10\/before-and-after-hair-2-300x300.jpg 300w, https:\/\/lerraclinic.com\/wp-content\/uploads\/2024\/10\/before-and-after-hair-2-150x150.jpg 150w\" sizes=\"auto, (max-width: 600px) 100vw, 600px\" \/><\/a><\/figure>\n\n\n\n<figure class=\"wp-block-image size-large\"><a href=\"https:\/\/lerraclinic.com\/wp-content\/uploads\/2024\/10\/before-and-after-hair-3.jpg\"><img loading=\"lazy\" decoding=\"async\" width=\"600\" height=\"601\" data-id=\"2504\" src=\"https:\/\/lerraclinic.com\/wp-content\/uploads\/2024\/10\/before-and-after-hair-3.jpg\" alt=\"\" class=\"wp-image-2504\" srcset=\"https:\/\/lerraclinic.com\/wp-content\/uploads\/2024\/10\/before-and-after-hair-3.jpg 600w, https:\/\/lerraclinic.com\/wp-content\/uploads\/2024\/10\/before-and-after-hair-3-300x300.jpg 300w, https:\/\/lerraclinic.com\/wp-content\/uploads\/2024\/10\/before-and-after-hair-3-150x150.jpg 150w\" sizes=\"auto, (max-width: 600px) 100vw, 600px\" \/><\/a><\/figure>\n\n\n\n<figure class=\"wp-block-image size-large\"><a href=\"https:\/\/lerraclinic.com\/wp-content\/uploads\/2024\/10\/before-and-after-hair-4.jpg\"><img loading=\"lazy\" decoding=\"async\" width=\"600\" height=\"601\" data-id=\"2508\" src=\"https:\/\/lerraclinic.com\/wp-content\/uploads\/2024\/10\/before-and-after-hair-4.jpg\" alt=\"\" class=\"wp-image-2508\" srcset=\"https:\/\/lerraclinic.com\/wp-content\/uploads\/2024\/10\/before-and-after-hair-4.jpg 600w, https:\/\/lerraclinic.com\/wp-content\/uploads\/2024\/10\/before-and-after-hair-4-300x300.jpg 300w, https:\/\/lerraclinic.com\/wp-content\/uploads\/2024\/10\/before-and-after-hair-4-150x150.jpg 150w\" sizes=\"auto, (max-width: 600px) 100vw, 600px\" \/><\/a><\/figure>\n\n\n\n<figure class=\"wp-block-image size-large\"><a href=\"https:\/\/lerraclinic.com\/wp-content\/uploads\/2024\/10\/before-and-after-hair-5.jpg\"><img loading=\"lazy\" decoding=\"async\" width=\"600\" height=\"601\" data-id=\"2510\" src=\"https:\/\/lerraclinic.com\/wp-content\/uploads\/2024\/10\/before-and-after-hair-5.jpg\" alt=\"\" class=\"wp-image-2510\" srcset=\"https:\/\/lerraclinic.com\/wp-content\/uploads\/2024\/10\/before-and-after-hair-5.jpg 600w, https:\/\/lerraclinic.com\/wp-content\/uploads\/2024\/10\/before-and-after-hair-5-300x300.jpg 300w, https:\/\/lerraclinic.com\/wp-content\/uploads\/2024\/10\/before-and-after-hair-5-150x150.jpg 150w\" sizes=\"auto, (max-width: 600px) 100vw, 600px\" \/><\/a><\/figure>\n<\/figure>\n\n\n\n<div style=\"height:40px\" aria-hidden=\"true\" class=\"wp-block-spacer\"><\/div>\n\n\n\n<figure class=\"wp-block-gallery has-nested-images columns-default is-cropped wp-block-gallery-2 is-layout-flex wp-block-gallery-is-layout-flex\">\n<figure class=\"wp-block-image size-large\"><a href=\"https:\/\/lerraclinic.com\/wp-content\/uploads\/2024\/10\/before-and-after-hair-6-1.jpg\"><img loading=\"lazy\" decoding=\"async\" width=\"600\" height=\"600\" data-id=\"2526\" src=\"https:\/\/lerraclinic.com\/wp-content\/uploads\/2024\/10\/before-and-after-hair-6-1.jpg\" alt=\"\" class=\"wp-image-2526\" srcset=\"https:\/\/lerraclinic.com\/wp-content\/uploads\/2024\/10\/before-and-after-hair-6-1.jpg 600w, https:\/\/lerraclinic.com\/wp-content\/uploads\/2024\/10\/before-and-after-hair-6-1-300x300.jpg 300w, https:\/\/lerraclinic.com\/wp-content\/uploads\/2024\/10\/before-and-after-hair-6-1-150x150.jpg 150w\" sizes=\"auto, (max-width: 600px) 100vw, 600px\" \/><\/a><\/figure>\n\n\n\n<figure class=\"wp-block-image size-large\"><a href=\"https:\/\/lerraclinic.com\/wp-content\/uploads\/2024\/10\/before-and-after-hair-7-1.jpg\"><img loading=\"lazy\" decoding=\"async\" width=\"600\" height=\"601\" data-id=\"2524\" src=\"https:\/\/lerraclinic.com\/wp-content\/uploads\/2024\/10\/before-and-after-hair-7-1.jpg\" alt=\"\" class=\"wp-image-2524\" srcset=\"https:\/\/lerraclinic.com\/wp-content\/uploads\/2024\/10\/before-and-after-hair-7-1.jpg 600w, https:\/\/lerraclinic.com\/wp-content\/uploads\/2024\/10\/before-and-after-hair-7-1-300x300.jpg 300w, https:\/\/lerraclinic.com\/wp-content\/uploads\/2024\/10\/before-and-after-hair-7-1-150x150.jpg 150w\" sizes=\"auto, (max-width: 600px) 100vw, 600px\" \/><\/a><\/figure>\n\n\n\n<figure class=\"wp-block-image size-large\"><a href=\"https:\/\/lerraclinic.com\/wp-content\/uploads\/2024\/10\/before-and-after-hair-8-1.jpg\"><img loading=\"lazy\" decoding=\"async\" width=\"600\" height=\"601\" data-id=\"2520\" src=\"https:\/\/lerraclinic.com\/wp-content\/uploads\/2024\/10\/before-and-after-hair-8-1.jpg\" alt=\"\" class=\"wp-image-2520\" srcset=\"https:\/\/lerraclinic.com\/wp-content\/uploads\/2024\/10\/before-and-after-hair-8-1.jpg 600w, https:\/\/lerraclinic.com\/wp-content\/uploads\/2024\/10\/before-and-after-hair-8-1-300x300.jpg 300w, https:\/\/lerraclinic.com\/wp-content\/uploads\/2024\/10\/before-and-after-hair-8-1-150x150.jpg 150w\" sizes=\"auto, (max-width: 600px) 100vw, 600px\" \/><\/a><\/figure>\n\n\n\n<figure class=\"wp-block-image size-large\"><a href=\"https:\/\/lerraclinic.com\/wp-content\/uploads\/2024\/10\/before-and-after-hair-9-1.jpg\"><img loading=\"lazy\" decoding=\"async\" width=\"600\" height=\"601\" data-id=\"2522\" src=\"https:\/\/lerraclinic.com\/wp-content\/uploads\/2024\/10\/before-and-after-hair-9-1.jpg\" alt=\"\" class=\"wp-image-2522\" srcset=\"https:\/\/lerraclinic.com\/wp-content\/uploads\/2024\/10\/before-and-after-hair-9-1.jpg 600w, https:\/\/lerraclinic.com\/wp-content\/uploads\/2024\/10\/before-and-after-hair-9-1-300x300.jpg 300w, https:\/\/lerraclinic.com\/wp-content\/uploads\/2024\/10\/before-and-after-hair-9-1-150x150.jpg 150w\" sizes=\"auto, (max-width: 600px) 100vw, 600px\" \/><\/a><\/figure>\n\n\n\n<figure class=\"wp-block-image size-large\"><a href=\"https:\/\/lerraclinic.com\/wp-content\/uploads\/2024\/10\/before-and-after-hair-10.jpg\"><img loading=\"lazy\" decoding=\"async\" width=\"600\" height=\"601\" data-id=\"2528\" src=\"https:\/\/lerraclinic.com\/wp-content\/uploads\/2024\/10\/before-and-after-hair-10.jpg\" alt=\"\" class=\"wp-image-2528\" srcset=\"https:\/\/lerraclinic.com\/wp-content\/uploads\/2024\/10\/before-and-after-hair-10.jpg 600w, https:\/\/lerraclinic.com\/wp-content\/uploads\/2024\/10\/before-and-after-hair-10-300x300.jpg 300w, https:\/\/lerraclinic.com\/wp-content\/uploads\/2024\/10\/before-and-after-hair-10-150x150.jpg 150w\" sizes=\"auto, (max-width: 600px) 100vw, 600px\" \/><\/a><\/figure>\n<\/figure>\n\n\n\n<div style=\"height:40px\" aria-hidden=\"true\" class=\"wp-block-spacer\"><\/div>\n\n\n\n<figure class=\"wp-block-gallery has-nested-images columns-default is-cropped wp-block-gallery-3 is-layout-flex wp-block-gallery-is-layout-flex\">\n<figure class=\"wp-block-image size-large\"><a href=\"https:\/\/lerraclinic.com\/wp-content\/uploads\/2024\/10\/before-and-after-hair-11.jpg\"><img loading=\"lazy\" decoding=\"async\" width=\"600\" height=\"601\" data-id=\"2538\" src=\"https:\/\/lerraclinic.com\/wp-content\/uploads\/2024\/10\/before-and-after-hair-11.jpg\" alt=\"\" class=\"wp-image-2538\" srcset=\"https:\/\/lerraclinic.com\/wp-content\/uploads\/2024\/10\/before-and-after-hair-11.jpg 600w, https:\/\/lerraclinic.com\/wp-content\/uploads\/2024\/10\/before-and-after-hair-11-300x300.jpg 300w, https:\/\/lerraclinic.com\/wp-content\/uploads\/2024\/10\/before-and-after-hair-11-150x150.jpg 150w\" sizes=\"auto, (max-width: 600px) 100vw, 600px\" \/><\/a><\/figure>\n\n\n\n<figure class=\"wp-block-image size-large\"><a href=\"https:\/\/lerraclinic.com\/wp-content\/uploads\/2024\/10\/before-and-after-hair-12.jpg\"><img loading=\"lazy\" decoding=\"async\" width=\"600\" height=\"601\" data-id=\"2540\" src=\"https:\/\/lerraclinic.com\/wp-content\/uploads\/2024\/10\/before-and-after-hair-12.jpg\" alt=\"\" class=\"wp-image-2540\" srcset=\"https:\/\/lerraclinic.com\/wp-content\/uploads\/2024\/10\/before-and-after-hair-12.jpg 600w, https:\/\/lerraclinic.com\/wp-content\/uploads\/2024\/10\/before-and-after-hair-12-300x300.jpg 300w, https:\/\/lerraclinic.com\/wp-content\/uploads\/2024\/10\/before-and-after-hair-12-150x150.jpg 150w\" sizes=\"auto, (max-width: 600px) 100vw, 600px\" \/><\/a><\/figure>\n\n\n\n<figure class=\"wp-block-image size-large\"><a href=\"https:\/\/lerraclinic.com\/wp-content\/uploads\/2024\/10\/before-and-after-hair-13.jpg\"><img loading=\"lazy\" decoding=\"async\" width=\"600\" height=\"601\" data-id=\"2534\" src=\"https:\/\/lerraclinic.com\/wp-content\/uploads\/2024\/10\/before-and-after-hair-13.jpg\" alt=\"\" class=\"wp-image-2534\" srcset=\"https:\/\/lerraclinic.com\/wp-content\/uploads\/2024\/10\/before-and-after-hair-13.jpg 600w, https:\/\/lerraclinic.com\/wp-content\/uploads\/2024\/10\/before-and-after-hair-13-300x300.jpg 300w, https:\/\/lerraclinic.com\/wp-content\/uploads\/2024\/10\/before-and-after-hair-13-150x150.jpg 150w\" sizes=\"auto, (max-width: 600px) 100vw, 600px\" \/><\/a><\/figure>\n\n\n\n<figure class=\"wp-block-image size-large\"><a href=\"https:\/\/lerraclinic.com\/wp-content\/uploads\/2024\/10\/before-and-after-hair-14.jpg\"><img loading=\"lazy\" decoding=\"async\" width=\"600\" height=\"601\" data-id=\"2532\" src=\"https:\/\/lerraclinic.com\/wp-content\/uploads\/2024\/10\/before-and-after-hair-14.jpg\" alt=\"\" class=\"wp-image-2532\" srcset=\"https:\/\/lerraclinic.com\/wp-content\/uploads\/2024\/10\/before-and-after-hair-14.jpg 600w, https:\/\/lerraclinic.com\/wp-content\/uploads\/2024\/10\/before-and-after-hair-14-300x300.jpg 300w, https:\/\/lerraclinic.com\/wp-content\/uploads\/2024\/10\/before-and-after-hair-14-150x150.jpg 150w\" sizes=\"auto, (max-width: 600px) 100vw, 600px\" \/><\/a><\/figure>\n\n\n\n<figure class=\"wp-block-image size-large\"><a href=\"https:\/\/lerraclinic.com\/wp-content\/uploads\/2024\/10\/before-and-after-hair-15.jpg\"><img loading=\"lazy\" decoding=\"async\" width=\"600\" height=\"601\" data-id=\"2536\" src=\"https:\/\/lerraclinic.com\/wp-content\/uploads\/2024\/10\/before-and-after-hair-15.jpg\" alt=\"\" class=\"wp-image-2536\" srcset=\"https:\/\/lerraclinic.com\/wp-content\/uploads\/2024\/10\/before-and-after-hair-15.jpg 600w, https:\/\/lerraclinic.com\/wp-content\/uploads\/2024\/10\/before-and-after-hair-15-300x300.jpg 300w, https:\/\/lerraclinic.com\/wp-content\/uploads\/2024\/10\/before-and-after-hair-15-150x150.jpg 150w\" sizes=\"auto, (max-width: 600px) 100vw, 600px\" \/><\/a><\/figure>\n<\/figure>\n\n\n\n<div style=\"height:40px\" aria-hidden=\"true\" class=\"wp-block-spacer\"><\/div>\n\n\n\n<figure class=\"wp-block-gallery has-nested-images columns-default is-cropped wp-block-gallery-4 is-layout-flex wp-block-gallery-is-layout-flex\">\n<figure class=\"wp-block-image size-large\"><a href=\"https:\/\/lerraclinic.com\/wp-content\/uploads\/2024\/10\/before-and-after-hair-16.jpg\"><img loading=\"lazy\" decoding=\"async\" width=\"600\" height=\"601\" data-id=\"2543\" src=\"https:\/\/lerraclinic.com\/wp-content\/uploads\/2024\/10\/before-and-after-hair-16.jpg\" alt=\"\" class=\"wp-image-2543\" srcset=\"https:\/\/lerraclinic.com\/wp-content\/uploads\/2024\/10\/before-and-after-hair-16.jpg 600w, https:\/\/lerraclinic.com\/wp-content\/uploads\/2024\/10\/before-and-after-hair-16-300x300.jpg 300w, https:\/\/lerraclinic.com\/wp-content\/uploads\/2024\/10\/before-and-after-hair-16-150x150.jpg 150w\" sizes=\"auto, (max-width: 600px) 100vw, 600px\" \/><\/a><\/figure>\n\n\n\n<figure class=\"wp-block-image size-large\"><a href=\"https:\/\/lerraclinic.com\/wp-content\/uploads\/2024\/10\/before-and-after-hair-17.jpg\"><img loading=\"lazy\" decoding=\"async\" width=\"600\" height=\"601\" data-id=\"2544\" src=\"https:\/\/lerraclinic.com\/wp-content\/uploads\/2024\/10\/before-and-after-hair-17.jpg\" alt=\"\" class=\"wp-image-2544\" srcset=\"https:\/\/lerraclinic.com\/wp-content\/uploads\/2024\/10\/before-and-after-hair-17.jpg 600w, https:\/\/lerraclinic.com\/wp-content\/uploads\/2024\/10\/before-and-after-hair-17-300x300.jpg 300w, https:\/\/lerraclinic.com\/wp-content\/uploads\/2024\/10\/before-and-after-hair-17-150x150.jpg 150w\" sizes=\"auto, (max-width: 600px) 100vw, 600px\" \/><\/a><\/figure>\n\n\n\n<figure class=\"wp-block-image size-large\"><a href=\"https:\/\/lerraclinic.com\/wp-content\/uploads\/2024\/10\/before-and-after-hair-18.jpg\"><img loading=\"lazy\" decoding=\"async\" width=\"600\" height=\"601\" data-id=\"2547\" src=\"https:\/\/lerraclinic.com\/wp-content\/uploads\/2024\/10\/before-and-after-hair-18.jpg\" alt=\"\" class=\"wp-image-2547\" srcset=\"https:\/\/lerraclinic.com\/wp-content\/uploads\/2024\/10\/before-and-after-hair-18.jpg 600w, https:\/\/lerraclinic.com\/wp-content\/uploads\/2024\/10\/before-and-after-hair-18-300x300.jpg 300w, https:\/\/lerraclinic.com\/wp-content\/uploads\/2024\/10\/before-and-after-hair-18-150x150.jpg 150w\" sizes=\"auto, (max-width: 600px) 100vw, 600px\" \/><\/a><\/figure>\n\n\n\n<figure class=\"wp-block-image size-large\"><a href=\"https:\/\/lerraclinic.com\/wp-content\/uploads\/2024\/10\/before-and-after-hair-19.jpg\"><img loading=\"lazy\" decoding=\"async\" width=\"600\" height=\"601\" data-id=\"2549\" src=\"https:\/\/lerraclinic.com\/wp-content\/uploads\/2024\/10\/before-and-after-hair-19.jpg\" alt=\"\" class=\"wp-image-2549\" srcset=\"https:\/\/lerraclinic.com\/wp-content\/uploads\/2024\/10\/before-and-after-hair-19.jpg 600w, https:\/\/lerraclinic.com\/wp-content\/uploads\/2024\/10\/before-and-after-hair-19-300x300.jpg 300w, https:\/\/lerraclinic.com\/wp-content\/uploads\/2024\/10\/before-and-after-hair-19-150x150.jpg 150w\" sizes=\"auto, (max-width: 600px) 100vw, 600px\" \/><\/a><\/figure>\n\n\n\n<figure class=\"wp-block-image size-large\"><a href=\"https:\/\/lerraclinic.com\/wp-content\/uploads\/2024\/10\/before-and-after-hair-20.jpg\"><img loading=\"lazy\" decoding=\"async\" width=\"600\" height=\"601\" data-id=\"2551\" src=\"https:\/\/lerraclinic.com\/wp-content\/uploads\/2024\/10\/before-and-after-hair-20.jpg\" alt=\"\" class=\"wp-image-2551\" srcset=\"https:\/\/lerraclinic.com\/wp-content\/uploads\/2024\/10\/before-and-after-hair-20.jpg 600w, https:\/\/lerraclinic.com\/wp-content\/uploads\/2024\/10\/before-and-after-hair-20-300x300.jpg 300w, https:\/\/lerraclinic.com\/wp-content\/uploads\/2024\/10\/before-and-after-hair-20-150x150.jpg 150w\" sizes=\"auto, (max-width: 600px) 100vw, 600px\" \/><\/a><\/figure>\n<\/figure>\n\n\n\n<div style=\"height:40px\" aria-hidden=\"true\" class=\"wp-block-spacer\"><\/div>\n\n\n\n<figure class=\"wp-block-gallery has-nested-images columns-default is-cropped wp-block-gallery-5 is-layout-flex wp-block-gallery-is-layout-flex\">\n<figure class=\"wp-block-image size-large\"><a href=\"https:\/\/lerraclinic.com\/wp-content\/uploads\/2024\/10\/before-and-after-hair-.jpg\"><img loading=\"lazy\" decoding=\"async\" width=\"600\" height=\"601\" data-id=\"2564\" src=\"https:\/\/lerraclinic.com\/wp-content\/uploads\/2024\/10\/before-and-after-hair-.jpg\" alt=\"\" class=\"wp-image-2564\" srcset=\"https:\/\/lerraclinic.com\/wp-content\/uploads\/2024\/10\/before-and-after-hair-.jpg 600w, https:\/\/lerraclinic.com\/wp-content\/uploads\/2024\/10\/before-and-after-hair--300x300.jpg 300w, https:\/\/lerraclinic.com\/wp-content\/uploads\/2024\/10\/before-and-after-hair--150x150.jpg 150w\" sizes=\"auto, (max-width: 600px) 100vw, 600px\" \/><\/a><\/figure>\n\n\n\n<figure class=\"wp-block-image size-large\"><a href=\"https:\/\/lerraclinic.com\/wp-content\/uploads\/2024\/10\/before-and-after-hair-21-1.jpg\"><img loading=\"lazy\" decoding=\"async\" width=\"600\" height=\"601\" data-id=\"2554\" src=\"https:\/\/lerraclinic.com\/wp-content\/uploads\/2024\/10\/before-and-after-hair-21-1.jpg\" alt=\"\" class=\"wp-image-2554\" srcset=\"https:\/\/lerraclinic.com\/wp-content\/uploads\/2024\/10\/before-and-after-hair-21-1.jpg 600w, https:\/\/lerraclinic.com\/wp-content\/uploads\/2024\/10\/before-and-after-hair-21-1-300x300.jpg 300w, https:\/\/lerraclinic.com\/wp-content\/uploads\/2024\/10\/before-and-after-hair-21-1-150x150.jpg 150w\" sizes=\"auto, (max-width: 600px) 100vw, 600px\" \/><\/a><\/figure>\n\n\n\n<figure class=\"wp-block-image size-large\"><a href=\"https:\/\/lerraclinic.com\/wp-content\/uploads\/2024\/10\/before-and-after-hair-21-2.jpg\"><img loading=\"lazy\" decoding=\"async\" width=\"600\" height=\"601\" data-id=\"2562\" src=\"https:\/\/lerraclinic.com\/wp-content\/uploads\/2024\/10\/before-and-after-hair-21-2.jpg\" alt=\"\" class=\"wp-image-2562\" srcset=\"https:\/\/lerraclinic.com\/wp-content\/uploads\/2024\/10\/before-and-after-hair-21-2.jpg 600w, https:\/\/lerraclinic.com\/wp-content\/uploads\/2024\/10\/before-and-after-hair-21-2-300x300.jpg 300w, https:\/\/lerraclinic.com\/wp-content\/uploads\/2024\/10\/before-and-after-hair-21-2-150x150.jpg 150w\" sizes=\"auto, (max-width: 600px) 100vw, 600px\" \/><\/a><\/figure>\n\n\n\n<figure class=\"wp-block-image size-large\"><a href=\"https:\/\/lerraclinic.com\/wp-content\/uploads\/2024\/10\/before-and-after-hair-21.jpg\"><img loading=\"lazy\" decoding=\"async\" width=\"600\" height=\"601\" data-id=\"2558\" src=\"https:\/\/lerraclinic.com\/wp-content\/uploads\/2024\/10\/before-and-after-hair-21.jpg\" alt=\"\" class=\"wp-image-2558\" srcset=\"https:\/\/lerraclinic.com\/wp-content\/uploads\/2024\/10\/before-and-after-hair-21.jpg 600w, https:\/\/lerraclinic.com\/wp-content\/uploads\/2024\/10\/before-and-after-hair-21-300x300.jpg 300w, https:\/\/lerraclinic.com\/wp-content\/uploads\/2024\/10\/before-and-after-hair-21-150x150.jpg 150w\" sizes=\"auto, (max-width: 600px) 100vw, 600px\" \/><\/a><\/figure>\n\n\n\n<figure class=\"wp-block-image size-large\"><a href=\"https:\/\/lerraclinic.com\/wp-content\/uploads\/2024\/10\/Hair-before-after-1.jpg\"><img loading=\"lazy\" decoding=\"async\" width=\"600\" height=\"601\" data-id=\"2556\" src=\"https:\/\/lerraclinic.com\/wp-content\/uploads\/2024\/10\/Hair-before-after-1.jpg\" alt=\"\" class=\"wp-image-2556\" srcset=\"https:\/\/lerraclinic.com\/wp-content\/uploads\/2024\/10\/Hair-before-after-1.jpg 600w, https:\/\/lerraclinic.com\/wp-content\/uploads\/2024\/10\/Hair-before-after-1-300x300.jpg 300w, https:\/\/lerraclinic.com\/wp-content\/uploads\/2024\/10\/Hair-before-after-1-150x150.jpg 150w\" sizes=\"auto, (max-width: 600px) 100vw, 600px\" \/><\/a><\/figure>\n\n\n\n<figure class=\"wp-block-image size-large\"><img loading=\"lazy\" decoding=\"async\" width=\"600\" height=\"601\" data-id=\"2857\" src=\"https:\/\/lerraclinic.com\/wp-content\/uploads\/2024\/11\/before-and-after-hair-40.jpg\" alt=\"\" class=\"wp-image-2857\" srcset=\"https:\/\/lerraclinic.com\/wp-content\/uploads\/2024\/11\/before-and-after-hair-40.jpg 600w, https:\/\/lerraclinic.com\/wp-content\/uploads\/2024\/11\/before-and-after-hair-40-300x300.jpg 300w, https:\/\/lerraclinic.com\/wp-content\/uploads\/2024\/11\/before-and-after-hair-40-150x150.jpg 150w\" sizes=\"auto, (max-width: 600px) 100vw, 600px\" \/><\/figure>\n<\/figure>\n\n\n\n<div class=\"wp-block-columns has-pw-main-background-color has-background is-layout-flex wp-container-core-columns-is-layout-9d6595d7 wp-block-columns-is-layout-flex\">\n<div class=\"wp-block-column is-layout-flow wp-block-column-is-layout-flow\">\n<p class=\"has-pw-white-color has-text-color has-link-color has-medium-font-size wp-elements-c5a1edfb642fcc735fa2f87c61e767ba\">Contactez-nous d\u00e8s aujourd&rsquo;hui et profitez de la meilleure offre.<\/p>\n<\/div>\n\n\n\n<div class=\"wp-block-column is-layout-flow wp-block-column-is-layout-flow\" style=\"flex-basis:33.33%\">\n<div class=\"wp-block-buttons is-layout-flex wp-block-buttons-is-layout-flex\">\n<div class=\"wp-block-button has-custom-width wp-block-button__width-100 heart-beat\"><a class=\"wp-block-button__link has-pw-wts-background-color has-background wp-element-button\" href=\"https:\/\/wa.me\/905399268888\" target=\"_blank\" rel=\"noreferrer noopener\">WhatsApp<\/a><\/div>\n<\/div>\n<\/div>\n<\/div>\n\n\n\n<p><em>consulter \u00e9galement:<\/em><\/p>\n\n\n\n<p><a href=\"https:\/\/lerraclinic.com\/fr\/before-and-after\/before-and-after-dental\/\" data-type=\"link\" data-id=\"https:\/\/lerraclinic.com\/fr\/before-and-after\/before-and-after-dental\/\">Avant et apr\u00e8s \u2013 Soins dentaires<br><\/a><br><br><br><\/p>\n","protected":false},"excerpt":{"rendered":"<p>Avant et apr\u00e8s &#8211; Transplantation de cheveux consulter \u00e9galement: Avant et apr\u00e8s \u2013 Soins dentaires<\/p>\n","protected":false},"author":2,"featured_media":4480,"parent":4275,"menu_order":0,"comment_status":"closed","ping_status":"closed","template":"","meta":{"_acf_changed":false,"footnotes":""},"class_list":["post-4374","page","type-page","status-publish","has-post-thumbnail","hentry"],"acf":[],"_links":{"self":[{"href":"https:\/\/lerraclinic.com\/fr\/wp-json\/wp\/v2\/pages\/4374","targetHints":{"allow":["GET"]}}],"collection":[{"href":"https:\/\/lerraclinic.com\/fr\/wp-json\/wp\/v2\/pages"}],"about":[{"href":"https:\/\/lerraclinic.com\/fr\/wp-json\/wp\/v2\/types\/page"}],"author":[{"embeddable":true,"href":"https:\/\/lerraclinic.com\/fr\/wp-json\/wp\/v2\/users\/2"}],"replies":[{"embeddable":true,"href":"https:\/\/lerraclinic.com\/fr\/wp-json\/wp\/v2\/comments?post=4374"}],"version-history":[{"count":4,"href":"https:\/\/lerraclinic.com\/fr\/wp-json\/wp\/v2\/pages\/4374\/revisions"}],"predecessor-version":[{"id":7063,"href":"https:\/\/lerraclinic.com\/fr\/wp-json\/wp\/v2\/pages\/4374\/revisions\/7063"}],"up":[{"embeddable":true,"href":"https:\/\/lerraclinic.com\/fr\/wp-json\/wp\/v2\/pages\/4275"}],"wp:featuredmedia":[{"embeddable":true,"href":"https:\/\/lerraclinic.com\/fr\/wp-json\/wp\/v2\/media\/4480"}],"wp:attachment":[{"href":"https:\/\/lerraclinic.com\/fr\/wp-json\/wp\/v2\/media?parent=4374"}],"curies":[{"name":"wp","href":"https:\/\/api.w.org\/{rel}","templated":true}]}}