{"id":4275,"date":"2024-10-15T14:30:13","date_gmt":"2024-10-15T14:30:13","guid":{"rendered":"https:\/\/lerraclinic.com\/avant-et-apres\/"},"modified":"2025-11-12T08:13:43","modified_gmt":"2025-11-12T08:13:43","slug":"before-and-after","status":"publish","type":"page","link":"https:\/\/lerraclinic.com\/fr\/before-and-after\/","title":{"rendered":"Avant et apr\u00e8s"},"content":{"rendered":"\n<div class=\"wp-block-columns is-layout-flex wp-container-core-columns-is-layout-9d6595d7 wp-block-columns-is-layout-flex\">\n<div class=\"wp-block-column is-layout-flow wp-block-column-is-layout-flow\">\n<figure class=\"wp-block-image size-full\"><img loading=\"lazy\" decoding=\"async\" width=\"600\" height=\"601\" src=\"https:\/\/lerraclinic.com\/wp-content\/uploads\/2024\/10\/dental-cosmetic-surgery-results-25.jpg\" alt=\"Avant et apr\u00e8s\" class=\"wp-image-2420\" srcset=\"https:\/\/lerraclinic.com\/wp-content\/uploads\/2024\/10\/dental-cosmetic-surgery-results-25.jpg 600w, https:\/\/lerraclinic.com\/wp-content\/uploads\/2024\/10\/dental-cosmetic-surgery-results-25-300x300.jpg 300w, https:\/\/lerraclinic.com\/wp-content\/uploads\/2024\/10\/dental-cosmetic-surgery-results-25-150x150.jpg 150w\" sizes=\"auto, (max-width: 600px) 100vw, 600px\" \/><\/figure>\n<\/div>\n\n\n\n<div class=\"wp-block-column is-vertically-aligned-center is-layout-flow wp-block-column-is-layout-flow\">\n<h2 class=\"wp-block-heading\">Avant et apr\u00e8s &#8211; Soins dentaires<\/h2>\n\n\n\n<p>D\u00e9couvrez le pouvoir de transformation des soins dentaires experts gr\u00e2ce \u00e0 notre galerie \u00ab\u00a0Avant et apr\u00e8s\u00a0\u00bb. Voyez les r\u00e9sultats obtenus par de vrais patients lors de transformations du sourire, y compris le blanchiment des dents, les facettes, les implants dentaires et l&rsquo;orthodontie. Voyez comment notre approche personnalis\u00e9e et nos techniques avanc\u00e9es aident nos patients \u00e0 obtenir le sourire de leurs r\u00eaves, en renfor\u00e7ant \u00e0 la fois leur confiance et leur sant\u00e9 bucco-dentaire.    <\/p>\n\n\n\n<div class=\"wp-block-buttons is-layout-flex wp-block-buttons-is-layout-flex\">\n<div class=\"wp-block-button\"><a class=\"wp-block-button__link has-pw-main-background-color has-background wp-element-button\" href=\"https:\/\/lerraclinic.com\/fr\/before-and-after\/before-and-after-dental\/\" target=\"_blank\" rel=\"noreferrer noopener\">Plus de r\u00e9sultats<\/a><\/div>\n<\/div>\n<\/div>\n<\/div>\n\n\n\n<div style=\"height:40px\" aria-hidden=\"true\" class=\"wp-block-spacer\"><\/div>\n\n\n\n<div class=\"ratio ratio-16x9\">\n  <iframe src=\"https:\/\/www.youtube.com\/embed\/TYKwbSkWHjw\" title=\"YouTube video\" allowfullscreen><\/iframe>\n<\/div>\n\n\n\n<div style=\"height:40px\" aria-hidden=\"true\" class=\"wp-block-spacer\"><\/div>\n\n\n\n<div class=\"wp-block-columns is-layout-flex wp-container-core-columns-is-layout-9d6595d7 wp-block-columns-is-layout-flex\">\n<div class=\"wp-block-column is-layout-flow wp-block-column-is-layout-flow\">\n<h2 class=\"wp-block-heading\">Avant et apr\u00e8s &#8211; Cheveux<\/h2>\n\n\n\n<p>Vous pouvez y voir les changements significatifs en termes de densit\u00e9, de couverture et d&rsquo;apparence g\u00e9n\u00e9rale des cheveux que les patients ont constat\u00e9s. En comparant des photos prises avant et apr\u00e8s l&rsquo;intervention, cette page d\u00e9montre l&rsquo;efficacit\u00e9 de la greffe de cheveux pour restaurer une apparence naturelle et jeune. Elle met \u00e9galement en \u00e9vidence l&rsquo;impact positif sur la confiance et le bien-\u00eatre des patients, offrant un aper\u00e7u du parcours qui m\u00e8ne de la perte de cheveux \u00e0 la repousse.  <\/p>\n\n\n\n<div class=\"wp-block-buttons is-layout-flex wp-block-buttons-is-layout-flex\">\n<div class=\"wp-block-button\"><a class=\"wp-block-button__link has-pw-main-background-color has-background wp-element-button\" href=\"https:\/\/lerraclinic.com\/fr\/before-and-after\/before-and-after-hair\/\" target=\"_blank\" rel=\"noreferrer noopener\">Plus de r\u00e9sultats<\/a><\/div>\n<\/div>\n<\/div>\n\n\n\n<div class=\"wp-block-column is-layout-flow wp-block-column-is-layout-flow\">\n<figure class=\"wp-block-image size-full\"><img loading=\"lazy\" decoding=\"async\" width=\"600\" height=\"601\" src=\"https:\/\/lerraclinic.com\/wp-content\/uploads\/2024\/10\/Hair-before-after.jpg\" alt=\"Avant et apr\u00e8s\" class=\"wp-image-2494\" srcset=\"https:\/\/lerraclinic.com\/wp-content\/uploads\/2024\/10\/Hair-before-after.jpg 600w, https:\/\/lerraclinic.com\/wp-content\/uploads\/2024\/10\/Hair-before-after-300x300.jpg 300w, https:\/\/lerraclinic.com\/wp-content\/uploads\/2024\/10\/Hair-before-after-150x150.jpg 150w\" sizes=\"auto, (max-width: 600px) 100vw, 600px\" \/><\/figure>\n<\/div>\n<\/div>\n\n\n\n<div class=\"ratio ratio-16x9\">\n  <iframe src=\"https:\/\/www.youtube.com\/embed\/XVeeFTaU0o4\" title=\"YouTube video\" allowfullscreen><\/iframe>\n<\/div>\n\n\n\n<div style=\"height:40px\" aria-hidden=\"true\" class=\"wp-block-spacer\"><\/div>\n\n\n\n<div class=\"wp-block-columns is-layout-flex wp-container-core-columns-is-layout-9d6595d7 wp-block-columns-is-layout-flex\">\n<div class=\"wp-block-column is-layout-flow wp-block-column-is-layout-flow\">\n<div class=\"ratio rounded-4 shadow overflow-hidden\" style=\"--bs-aspect-ratio: 178%;\">\n    <iframe loading=\"lazy\" width=\"100%\" height=\"315\" src=\"https:\/\/www.youtube.com\/embed\/jIaGwOL2Xdc\" title=\"YouTube video player\" frameborder=\"0\" allow=\"accelerometer; autoplay; clipboard-write; encrypted-media; gyroscope; picture-in-picture; web-share\" referrerpolicy=\"strict-origin-when-cross-origin\" allowfullscreen=\"\"><\/iframe>\n<\/div>\n<\/div>\n\n\n\n<div class=\"wp-block-column is-layout-flow wp-block-column-is-layout-flow\">\n<div class=\"ratio rounded-4 shadow overflow-hidden\" style=\"--bs-aspect-ratio: 178%;\">\n    <iframe loading=\"lazy\" width=\"100%\" height=\"315\" src=\"https:\/\/www.youtube.com\/embed\/REH0vn_qyNI\" title=\"YouTube video player\" frameborder=\"0\" allow=\"accelerometer; autoplay; clipboard-write; encrypted-media; gyroscope; picture-in-picture; web-share\" referrerpolicy=\"strict-origin-when-cross-origin\" allowfullscreen=\"\"><\/iframe>\n<\/div>\n<\/div>\n<\/div>\n\n\n\n<p><em>consulter \u00e9galement:<\/em><\/p>\n\n\n\n<p><a href=\"https:\/\/lerraclinic.com\/fr\/before-and-after\/before-and-after-dental\/\" data-type=\"link\" data-id=\"https:\/\/lerraclinic.com\/fr\/before-and-after\/before-and-after-dental\/\">Avant et apr\u00e8s \u2013 Soins dentaires<\/a><\/p>\n\n\n\n<p><a href=\"https:\/\/lerraclinic.com\/fr\/before-and-after\/before-and-after-hair\/\" data-type=\"link\" data-id=\"https:\/\/lerraclinic.com\/fr\/before-and-after\/before-and-after-hair\/\">Avant et apr\u00e8s \u2013 Cheveux<\/a><br><\/p>\n\n\n\n<div class=\"wp-block-columns has-pw-main-background-color has-background is-layout-flex wp-container-core-columns-is-layout-9d6595d7 wp-block-columns-is-layout-flex\">\n<div class=\"wp-block-column is-layout-flow wp-block-column-is-layout-flow\">\n<p class=\"has-pw-white-color has-text-color has-link-color has-medium-font-size wp-elements-c5a1edfb642fcc735fa2f87c61e767ba\">Contactez-nous d\u00e8s aujourd&rsquo;hui et profitez de la meilleure offre.<\/p>\n<\/div>\n\n\n\n<div class=\"wp-block-column is-layout-flow wp-block-column-is-layout-flow\" style=\"flex-basis:33.33%\">\n<div class=\"wp-block-buttons is-layout-flex wp-block-buttons-is-layout-flex\">\n<div class=\"wp-block-button has-custom-width wp-block-button__width-100 heart-beat\"><a class=\"wp-block-button__link has-pw-wts-background-color has-background wp-element-button\" href=\"https:\/\/wa.me\/905399268888\" target=\"_blank\" rel=\"noreferrer noopener\">WhatsApp<\/a><\/div>\n<\/div>\n<\/div>\n<\/div>\n","protected":false},"excerpt":{"rendered":"<p>Avant et apr\u00e8s &#8211; Soins dentaires D\u00e9couvrez le pouvoir de transformation des soins dentaires experts gr\u00e2ce \u00e0 notre galerie \u00ab\u00a0Avant &#8230; <\/p>\n","protected":false},"author":2,"featured_media":4277,"parent":0,"menu_order":0,"comment_status":"closed","ping_status":"closed","template":"","meta":{"_acf_changed":false,"footnotes":""},"class_list":["post-4275","page","type-page","status-publish","has-post-thumbnail","hentry"],"acf":[],"_links":{"self":[{"href":"https:\/\/lerraclinic.com\/fr\/wp-json\/wp\/v2\/pages\/4275","targetHints":{"allow":["GET"]}}],"collection":[{"href":"https:\/\/lerraclinic.com\/fr\/wp-json\/wp\/v2\/pages"}],"about":[{"href":"https:\/\/lerraclinic.com\/fr\/wp-json\/wp\/v2\/types\/page"}],"author":[{"embeddable":true,"href":"https:\/\/lerraclinic.com\/fr\/wp-json\/wp\/v2\/users\/2"}],"replies":[{"embeddable":true,"href":"https:\/\/lerraclinic.com\/fr\/wp-json\/wp\/v2\/comments?post=4275"}],"version-history":[{"count":23,"href":"https:\/\/lerraclinic.com\/fr\/wp-json\/wp\/v2\/pages\/4275\/revisions"}],"predecessor-version":[{"id":7061,"href":"https:\/\/lerraclinic.com\/fr\/wp-json\/wp\/v2\/pages\/4275\/revisions\/7061"}],"wp:featuredmedia":[{"embeddable":true,"href":"https:\/\/lerraclinic.com\/fr\/wp-json\/wp\/v2\/media\/4277"}],"wp:attachment":[{"href":"https:\/\/lerraclinic.com\/fr\/wp-json\/wp\/v2\/media?parent=4275"}],"curies":[{"name":"wp","href":"https:\/\/api.w.org\/{rel}","templated":true}]}}