{"id":4265,"date":"2022-05-27T12:54:18","date_gmt":"2022-05-27T12:54:18","guid":{"rendered":"https:\/\/lerraclinic.com\/contactez-nous\/"},"modified":"2026-01-14T10:28:45","modified_gmt":"2026-01-14T10:28:45","slug":"contact-us","status":"publish","type":"page","link":"https:\/\/lerraclinic.com\/fr\/contact-us\/","title":{"rendered":"contactez-nous"},"content":{"rendered":"\n<div class=\"row justify-content-center\">\n                <div class=\"col-12 col-lg-4 g-2\">\n                    <a href=\"tel:+905399268888\" class=\"d-flex align-items-center gap-3 bg-white pw-shdw-md pw-trns-3 pw-on-hvr-trns-top rounded-3 p-4\">\n                        <i class=\"fa-solid fa-phone-volume pw-cntct-frm-lnk-icon text-main bg-light-main fs-2 rounded-circle p-3 d-flex align-items-center justify-content-center\"><\/i>\n                        <div class=\"d-flex flex-column\">\n                            <span class=\"text-sub fw-bold fs-5\">Appelez-nous aujourd&rsquo;hui<\/span>\n                            <span class=\"text-ttl\">+90 539 926 88 88<\/span>\n                        <\/div>\n                    <\/a>\n                <\/div>\n                <div class=\"col-12 col-lg-4 g-2\">\n                    <a href=\"mailto:info@lerraclinic.com\" class=\"d-flex align-items-center gap-3 bg-white pw-shdw-md pw-trns-3 pw-on-hvr-trns-top rounded-3 p-4\">\n                        <i class=\"fa-solid fa-envelope-circle-check pw-cntct-frm-lnk-icon text-main bg-light-main p-3 rounded-circle fs-2 d-flex align-items-center justify-content-center\"><\/i>\n                        <div class=\"d-flex flex-column\">\n                            <span class=\"text-sub fw-bold fs-5\">Envoyez un courriel<\/span>\n                            <span class=\"text-ttl\">info@lerraclinic.com<\/span>\n                        <\/div>\n                    <\/a>\n                <\/div>\n                <div class=\"col-12 col-lg-4 g-2\">\n                    <a href=\"#\" class=\"d-flex align-items-center gap-3 bg-white pw-shdw-md pw-trns-3 pw-on-hvr-trns-top rounded-3 p-4\">\n                        <i class=\"fa-solid fa-earth-americas pw-cntct-frm-lnk-icon text-main bg-light-main fs-2 rounded-circle p-3 d-flex align-items-center justify-content-center\"><\/i>\n                        <div class=\"d-flex flex-column\">\n                            <span class=\"text-sub fw-bold fs-5\">Visitez notre si\u00e8ge<\/span>\n                            <span class=\"text-ttl\">Bah\u00e7elievler, \u0130stanbul<\/span>\n                        <\/div>\n                    <\/a>\n                <\/div>\n            <\/div>\n\n\n\n<div style=\"height:100px\" aria-hidden=\"true\" class=\"wp-block-spacer\"><\/div>\n\n\n\n<div class=\"wp-block-columns are-vertically-aligned-center is-layout-flex wp-container-core-columns-is-layout-9d6595d7 wp-block-columns-is-layout-flex\">\n<div class=\"wp-block-column is-vertically-aligned-center is-layout-flow wp-block-column-is-layout-flow\">\n<iframe data-form-title=\"Contact Form (FR)\" height=\"500\" style=\"border: none; width: 100%\" src='https:\/\/app.atiraspace.com\/api\/form\/696769bc5123d6c4915f97d6\/generate'><\/iframe>\n<\/div>\n\n\n\n<div class=\"wp-block-column is-vertically-aligned-center is-layout-flow wp-block-column-is-layout-flow\">\n<figure class=\"wp-block-image size-full\"><img loading=\"lazy\" decoding=\"async\" width=\"849\" height=\"707\" src=\"https:\/\/mehdemohamad.com\/new-themes\/lerraclinic\/wp-content\/uploads\/2024\/07\/contact-us-bg.png\" alt=\"\" class=\"wp-image-699\" srcset=\"https:\/\/lerraclinic.com\/wp-content\/uploads\/2024\/07\/contact-us-bg.png 849w, https:\/\/lerraclinic.com\/wp-content\/uploads\/2024\/07\/contact-us-bg-300x250.png 300w, https:\/\/lerraclinic.com\/wp-content\/uploads\/2024\/07\/contact-us-bg-768x640.png 768w\" sizes=\"auto, (max-width: 849px) 100vw, 849px\" \/><\/figure>\n<\/div>\n<\/div>\n\n\n\n<p><a href=\"https:\/\/lerraclinic.com\/fr\/about-us\/\">\u00c0 propos &#8211; Lerra Clinic &#8211; The Love of Change<\/a><\/p>\n","protected":false},"excerpt":{"rendered":"<p>Appelez-nous aujourd&rsquo;hui +90 539 926 88 88 Envoyez un courriel info@lerraclinic.com Visitez notre si\u00e8ge Bah\u00e7elievler, \u0130stanbul \u00c0 propos &#8211; Lerra &#8230; <\/p>\n","protected":false},"author":1,"featured_media":4246,"parent":0,"menu_order":0,"comment_status":"closed","ping_status":"closed","template":"template-wide.php","meta":{"_acf_changed":false,"footnotes":""},"class_list":["post-4265","page","type-page","status-publish","has-post-thumbnail","hentry"],"acf":[],"_links":{"self":[{"href":"https:\/\/lerraclinic.com\/fr\/wp-json\/wp\/v2\/pages\/4265","targetHints":{"allow":["GET"]}}],"collection":[{"href":"https:\/\/lerraclinic.com\/fr\/wp-json\/wp\/v2\/pages"}],"about":[{"href":"https:\/\/lerraclinic.com\/fr\/wp-json\/wp\/v2\/types\/page"}],"author":[{"embeddable":true,"href":"https:\/\/lerraclinic.com\/fr\/wp-json\/wp\/v2\/users\/1"}],"replies":[{"embeddable":true,"href":"https:\/\/lerraclinic.com\/fr\/wp-json\/wp\/v2\/comments?post=4265"}],"version-history":[{"count":5,"href":"https:\/\/lerraclinic.com\/fr\/wp-json\/wp\/v2\/pages\/4265\/revisions"}],"predecessor-version":[{"id":8681,"href":"https:\/\/lerraclinic.com\/fr\/wp-json\/wp\/v2\/pages\/4265\/revisions\/8681"}],"wp:featuredmedia":[{"embeddable":true,"href":"https:\/\/lerraclinic.com\/fr\/wp-json\/wp\/v2\/media\/4246"}],"wp:attachment":[{"href":"https:\/\/lerraclinic.com\/fr\/wp-json\/wp\/v2\/media?parent=4265"}],"curies":[{"name":"wp","href":"https:\/\/api.w.org\/{rel}","templated":true}]}}