{"id":4245,"date":"2022-05-27T12:53:56","date_gmt":"2022-05-27T12:53:56","guid":{"rendered":"https:\/\/lerraclinic.com\/a-propos-de-nous\/"},"modified":"2026-02-17T13:56:37","modified_gmt":"2026-02-17T13:56:37","slug":"about-us","status":"publish","type":"page","link":"https:\/\/lerraclinic.com\/fr\/about-us\/","title":{"rendered":"\u00c0 propos"},"content":{"rendered":"\n<div class=\"wp-block-columns is-layout-flex wp-container-core-columns-is-layout-9d6595d7 wp-block-columns-is-layout-flex\">\n<div class=\"wp-block-column is-vertically-aligned-center is-layout-flow wp-block-column-is-layout-flow\">\n<h2 class=\"wp-block-heading\">\u00ab\u00a0LERRA CLINIC\u00a0\u00bb<\/h2>\n\n\n\n<p>Lerra Clinic est une entreprise multiservice agr\u00e9\u00e9e qui propose des services de transport, de r\u00e9servation d&rsquo;h\u00f4tel et des services m\u00e9dicaux.<\/p>\n\n\n\n<h2 class=\"wp-block-heading\">Services de transport<\/h2>\n\n\n\n<p>Nous offrons des services de transport de haute qualit\u00e9 et extr\u00eamement confortables pour les d\u00e9placements en ville, les transferts a\u00e9roportuaires et les voyages touristiques. Que vous ayez besoin d&rsquo;un transport individuel ou de groupe, nous avons la flexibilit\u00e9 n\u00e9cessaire pour r\u00e9pondre \u00e0 vos besoins. <\/p>\n\n\n\n<h2 class=\"wp-block-heading\">R\u00e9servation d&rsquo;h\u00f4tel<\/h2>\n\n\n\n<p>Nous fournissons des services de r\u00e9servation d&rsquo;h\u00f4tels pour une large gamme d&rsquo;h\u00f4tels locaux et internationaux pour tous les budgets et tous les go\u00fbts. Nous vous garantissons les meilleurs prix et le meilleur service. <\/p>\n\n\n\n<h2 class=\"wp-block-heading\">Services m\u00e9dicaux<\/h2>\n\n\n\n<p>Nous collaborons avec des m\u00e9decins certifi\u00e9s et des h\u00f4pitaux de premier plan afin de fournir un soutien m\u00e9dical optimal \u00e0 nos clients. Nous proposons des consultations m\u00e9dicales, la prise de rendez-vous et la coordination avec les m\u00e9decins et les \u00e9tablissements m\u00e9dicaux. <\/p>\n\n\n\n<p>Nous comprenons que chaque client a des besoins uniques et particuliers, c&rsquo;est pourquoi nous nous effor\u00e7ons de fournir des services personnalis\u00e9s qui d\u00e9passent les attentes de nos clients. Avec \u00ab\u00a0Complete Journey\u00a0\u00bb, vous b\u00e9n\u00e9ficierez d&rsquo;une exp\u00e9rience compl\u00e8te et confortable. <\/p>\n<\/div>\n\n\n\n<div class=\"wp-block-column is-layout-flow wp-block-column-is-layout-flow\"><div class=\"wp-block-image\">\n<figure class=\"aligncenter size-full is-resized\"><img loading=\"lazy\" decoding=\"async\" width=\"1000\" height=\"742\" src=\"https:\/\/mehdemohamad.com\/new-themes\/lerraclinic\/wp-content\/uploads\/2024\/07\/istanbul-1.png\" alt=\"A propos de nous\" class=\"wp-image-650\" style=\"width:546px;height:auto\" srcset=\"https:\/\/lerraclinic.com\/wp-content\/uploads\/2024\/07\/istanbul-1.png 1000w, https:\/\/lerraclinic.com\/wp-content\/uploads\/2024\/07\/istanbul-1-300x223.png 300w, https:\/\/lerraclinic.com\/wp-content\/uploads\/2024\/07\/istanbul-1-768x570.png 768w\" sizes=\"auto, (max-width: 1000px) 100vw, 1000px\" \/><\/figure>\n<\/div><\/div>\n<\/div>\n\n\n\n<h2 class=\"wp-block-heading has-text-align-center\">Notre clinique<\/h2>\n\n\n\n<figure class=\"wp-block-gallery has-nested-images columns-default is-cropped wp-block-gallery-1 is-layout-flex wp-block-gallery-is-layout-flex\">\n<figure class=\"wp-block-image size-large\"><img loading=\"lazy\" decoding=\"async\" width=\"1024\" height=\"768\" data-id=\"3895\" src=\"https:\/\/lerraclinic.com\/wp-content\/uploads\/2025\/03\/IMG_2929-3-1024x768.jpeg\" alt=\"A propos de nous\" class=\"wp-image-3895\" srcset=\"https:\/\/lerraclinic.com\/wp-content\/uploads\/2025\/03\/IMG_2929-3-1024x768.jpeg 1024w, https:\/\/lerraclinic.com\/wp-content\/uploads\/2025\/03\/IMG_2929-3-300x225.jpeg 300w, https:\/\/lerraclinic.com\/wp-content\/uploads\/2025\/03\/IMG_2929-3-768x576.jpeg 768w, https:\/\/lerraclinic.com\/wp-content\/uploads\/2025\/03\/IMG_2929-3-1536x1152.jpeg 1536w, https:\/\/lerraclinic.com\/wp-content\/uploads\/2025\/03\/IMG_2929-3-2048x1536.jpeg 2048w\" sizes=\"auto, (max-width: 1024px) 100vw, 1024px\" \/><\/figure>\n\n\n\n<figure class=\"wp-block-image size-large\"><img loading=\"lazy\" decoding=\"async\" width=\"1024\" height=\"768\" data-id=\"3904\" src=\"https:\/\/lerraclinic.com\/wp-content\/uploads\/2025\/03\/IMG_3007-2-1024x768.jpeg\" alt=\"A propos de nous\" class=\"wp-image-3904\" srcset=\"https:\/\/lerraclinic.com\/wp-content\/uploads\/2025\/03\/IMG_3007-2-1024x768.jpeg 1024w, https:\/\/lerraclinic.com\/wp-content\/uploads\/2025\/03\/IMG_3007-2-300x225.jpeg 300w, https:\/\/lerraclinic.com\/wp-content\/uploads\/2025\/03\/IMG_3007-2-768x576.jpeg 768w, https:\/\/lerraclinic.com\/wp-content\/uploads\/2025\/03\/IMG_3007-2-1536x1152.jpeg 1536w, https:\/\/lerraclinic.com\/wp-content\/uploads\/2025\/03\/IMG_3007-2-2048x1536.jpeg 2048w\" sizes=\"auto, (max-width: 1024px) 100vw, 1024px\" \/><\/figure>\n\n\n\n<figure class=\"wp-block-image size-large\"><img loading=\"lazy\" decoding=\"async\" width=\"1024\" height=\"768\" data-id=\"3898\" src=\"https:\/\/lerraclinic.com\/wp-content\/uploads\/2025\/03\/IMG_2958-2-1024x768.jpeg\" alt=\"A propos de nous\" class=\"wp-image-3898\" srcset=\"https:\/\/lerraclinic.com\/wp-content\/uploads\/2025\/03\/IMG_2958-2-1024x768.jpeg 1024w, https:\/\/lerraclinic.com\/wp-content\/uploads\/2025\/03\/IMG_2958-2-300x225.jpeg 300w, https:\/\/lerraclinic.com\/wp-content\/uploads\/2025\/03\/IMG_2958-2-768x576.jpeg 768w, https:\/\/lerraclinic.com\/wp-content\/uploads\/2025\/03\/IMG_2958-2-1536x1152.jpeg 1536w, https:\/\/lerraclinic.com\/wp-content\/uploads\/2025\/03\/IMG_2958-2-2048x1536.jpeg 2048w\" sizes=\"auto, (max-width: 1024px) 100vw, 1024px\" \/><\/figure>\n\n\n\n<figure class=\"wp-block-image size-large\"><img loading=\"lazy\" decoding=\"async\" width=\"1024\" height=\"768\" data-id=\"3892\" src=\"https:\/\/lerraclinic.com\/wp-content\/uploads\/2025\/03\/3-3-1024x768.jpg\" alt=\"A propos de nous\" class=\"wp-image-3892\" srcset=\"https:\/\/lerraclinic.com\/wp-content\/uploads\/2025\/03\/3-3-1024x768.jpg 1024w, https:\/\/lerraclinic.com\/wp-content\/uploads\/2025\/03\/3-3-300x225.jpg 300w, https:\/\/lerraclinic.com\/wp-content\/uploads\/2025\/03\/3-3-768x576.jpg 768w, https:\/\/lerraclinic.com\/wp-content\/uploads\/2025\/03\/3-3-1536x1152.jpg 1536w, https:\/\/lerraclinic.com\/wp-content\/uploads\/2025\/03\/3-3-2048x1536.jpg 2048w\" sizes=\"auto, (max-width: 1024px) 100vw, 1024px\" \/><\/figure>\n\n\n\n<figure class=\"wp-block-image size-large\"><img loading=\"lazy\" decoding=\"async\" width=\"1024\" height=\"768\" data-id=\"3886\" src=\"https:\/\/lerraclinic.com\/wp-content\/uploads\/2025\/03\/1-3-1024x768.jpg\" alt=\"A propos de nous\" class=\"wp-image-3886\" srcset=\"https:\/\/lerraclinic.com\/wp-content\/uploads\/2025\/03\/1-3-1024x768.jpg 1024w, https:\/\/lerraclinic.com\/wp-content\/uploads\/2025\/03\/1-3-300x225.jpg 300w, https:\/\/lerraclinic.com\/wp-content\/uploads\/2025\/03\/1-3-768x576.jpg 768w, https:\/\/lerraclinic.com\/wp-content\/uploads\/2025\/03\/1-3-1536x1152.jpg 1536w, https:\/\/lerraclinic.com\/wp-content\/uploads\/2025\/03\/1-3-2048x1536.jpg 2048w\" sizes=\"auto, (max-width: 1024px) 100vw, 1024px\" \/><\/figure>\n\n\n\n<figure class=\"wp-block-image size-large\"><img loading=\"lazy\" decoding=\"async\" width=\"1024\" height=\"768\" data-id=\"3901\" src=\"https:\/\/lerraclinic.com\/wp-content\/uploads\/2025\/03\/IMG_2987-2-1024x768.jpeg\" alt=\"A propos de nous\" class=\"wp-image-3901\" srcset=\"https:\/\/lerraclinic.com\/wp-content\/uploads\/2025\/03\/IMG_2987-2-1024x768.jpeg 1024w, https:\/\/lerraclinic.com\/wp-content\/uploads\/2025\/03\/IMG_2987-2-300x225.jpeg 300w, https:\/\/lerraclinic.com\/wp-content\/uploads\/2025\/03\/IMG_2987-2-768x576.jpeg 768w, https:\/\/lerraclinic.com\/wp-content\/uploads\/2025\/03\/IMG_2987-2-1536x1152.jpeg 1536w, https:\/\/lerraclinic.com\/wp-content\/uploads\/2025\/03\/IMG_2987-2-2048x1536.jpeg 2048w\" sizes=\"auto, (max-width: 1024px) 100vw, 1024px\" \/><\/figure>\n<\/figure>\n\n\n\n<div class=\"wp-block-columns is-layout-flex wp-container-core-columns-is-layout-9d6595d7 wp-block-columns-is-layout-flex\">\n<div class=\"wp-block-column is-layout-flow wp-block-column-is-layout-flow\">\n<figure class=\"wp-block-image size-large is-resized\"><img loading=\"lazy\" decoding=\"async\" width=\"743\" height=\"1024\" src=\"https:\/\/lerraclinic.com\/wp-content\/uploads\/2026\/02\/WhatsApp-Image-2026-02-03-at-14.49.54-743x1024.jpeg\" alt=\"\" class=\"wp-image-8768\" style=\"aspect-ratio:0.7255859641463615;width:312px;height:auto\" srcset=\"https:\/\/lerraclinic.com\/wp-content\/uploads\/2026\/02\/WhatsApp-Image-2026-02-03-at-14.49.54-743x1024.jpeg 743w, https:\/\/lerraclinic.com\/wp-content\/uploads\/2026\/02\/WhatsApp-Image-2026-02-03-at-14.49.54-218x300.jpeg 218w, https:\/\/lerraclinic.com\/wp-content\/uploads\/2026\/02\/WhatsApp-Image-2026-02-03-at-14.49.54-768x1059.jpeg 768w, https:\/\/lerraclinic.com\/wp-content\/uploads\/2026\/02\/WhatsApp-Image-2026-02-03-at-14.49.54.jpeg 1024w\" sizes=\"auto, (max-width: 743px) 100vw, 743px\" \/><\/figure>\n<\/div>\n\n\n\n<div class=\"wp-block-column is-layout-flow wp-block-column-is-layout-flow\">\n<figure class=\"wp-block-image size-large\"><img loading=\"lazy\" decoding=\"async\" width=\"1024\" height=\"714\" src=\"https:\/\/lerraclinic.com\/wp-content\/uploads\/2026\/02\/WhatsApp-Image-2026-02-03-at-14.53.13-1024x714.jpeg\" alt=\"\" class=\"wp-image-8770\" srcset=\"https:\/\/lerraclinic.com\/wp-content\/uploads\/2026\/02\/WhatsApp-Image-2026-02-03-at-14.53.13-1024x714.jpeg 1024w, https:\/\/lerraclinic.com\/wp-content\/uploads\/2026\/02\/WhatsApp-Image-2026-02-03-at-14.53.13-300x209.jpeg 300w, https:\/\/lerraclinic.com\/wp-content\/uploads\/2026\/02\/WhatsApp-Image-2026-02-03-at-14.53.13-768x536.jpeg 768w, https:\/\/lerraclinic.com\/wp-content\/uploads\/2026\/02\/WhatsApp-Image-2026-02-03-at-14.53.13-1536x1071.jpeg 1536w, https:\/\/lerraclinic.com\/wp-content\/uploads\/2026\/02\/WhatsApp-Image-2026-02-03-at-14.53.13.jpeg 1600w\" sizes=\"auto, (max-width: 1024px) 100vw, 1024px\" \/><\/figure>\n<\/div>\n<\/div>\n\n\n\n<p><a href=\"https:\/\/lerraclinic.com\/fr\/privacy-policy\/\">Politique de Confidentialit\u00e9 <\/a><\/p>\n\n\n\n<p><a href=\"https:\/\/lerraclinic.com\/fr\/contact-us\/\">contactez-nous <\/a><\/p>\n","protected":false},"excerpt":{"rendered":"<p>\u00ab\u00a0LERRA CLINIC\u00a0\u00bb Lerra Clinic est une entreprise multiservice agr\u00e9\u00e9e qui propose des services de transport, de r\u00e9servation d&rsquo;h\u00f4tel et des &#8230; <\/p>\n","protected":false},"author":1,"featured_media":3624,"parent":0,"menu_order":0,"comment_status":"closed","ping_status":"closed","template":"","meta":{"_acf_changed":false,"footnotes":""},"class_list":["post-4245","page","type-page","status-publish","has-post-thumbnail","hentry"],"acf":[],"_links":{"self":[{"href":"https:\/\/lerraclinic.com\/fr\/wp-json\/wp\/v2\/pages\/4245","targetHints":{"allow":["GET"]}}],"collection":[{"href":"https:\/\/lerraclinic.com\/fr\/wp-json\/wp\/v2\/pages"}],"about":[{"href":"https:\/\/lerraclinic.com\/fr\/wp-json\/wp\/v2\/types\/page"}],"author":[{"embeddable":true,"href":"https:\/\/lerraclinic.com\/fr\/wp-json\/wp\/v2\/users\/1"}],"replies":[{"embeddable":true,"href":"https:\/\/lerraclinic.com\/fr\/wp-json\/wp\/v2\/comments?post=4245"}],"version-history":[{"count":4,"href":"https:\/\/lerraclinic.com\/fr\/wp-json\/wp\/v2\/pages\/4245\/revisions"}],"predecessor-version":[{"id":8777,"href":"https:\/\/lerraclinic.com\/fr\/wp-json\/wp\/v2\/pages\/4245\/revisions\/8777"}],"wp:featuredmedia":[{"embeddable":true,"href":"https:\/\/lerraclinic.com\/fr\/wp-json\/wp\/v2\/media\/3624"}],"wp:attachment":[{"href":"https:\/\/lerraclinic.com\/fr\/wp-json\/wp\/v2\/media?parent=4245"}],"curies":[{"name":"wp","href":"https:\/\/api.w.org\/{rel}","templated":true}]}}